{"id":1062,"date":"2022-09-19T02:13:56","date_gmt":"2022-09-19T02:13:56","guid":{"rendered":"https:\/\/www.largepillow.com\/product\/triangle-wedge-bolster"},"modified":"2025-09-19T02:32:11","modified_gmt":"2025-09-19T02:32:11","slug":"perna-pentru-corp-de-pat","status":"publish","type":"product","link":"https:\/\/www.largepillow.com\/ro\/product\/bed-body-cushion\/","title":{"rendered":"Pern\u0103 pentru corp de pat"},"content":{"rendered":"<p>G\u0103se\u0219te suportul perfect pentru citit \u0219i relaxare cu perna pentru corp de pat<\/p>\n<p>R\u0103sfa\u021b\u0103-te cu confort \u0219i sus\u021binere luxoas\u0103 pentru citit, lucru sau relaxare \u00een pat cu perna Bed Body. Aceast\u0103 pern\u0103 dreptunghiular\u0103, conceput\u0103 cu grij\u0103, poate fi pozi\u021bionat\u0103 \u00een orice unghi \u00een spatele spatelui, umerilor sau picioarelor pentru a oferi un nivel personalizat de c\u0103ptu\u0219eal\u0103 moale, dar care ofer\u0103 sus\u021binere. <\/p>\n<p>Fabricat\u0103 din catifea luxuriant\u0103 \u0219i fin\u0103 de poliester \u0219i umplut\u0103 generos cu fibre de micropoliester rezistente, perna Bed Body se remarc\u0103 fa\u021b\u0103 de pernele de sp\u0103tar obi\u0219nuite prin modelul s\u0103u tridimensional cu dungi \u0219i nasturii decorativi din material textil de-a lungul p\u0103r\u021bii din fa\u021b\u0103. Marginile complet \u00eencapsulate \u0219i fermoarul bidirec\u021bional durabil asigur\u0103 c\u0103 perna \u00ee\u0219i men\u021bine conturul elegant pentru ani de utilizare zilnic\u0103. <\/p>\n<p>Cu \u0219ase dimensiuni disponibile, pute\u021bi g\u0103si potrivirea perfect\u0103 pentru pat, scaunul de la fereastr\u0103, canapea sau oriunde dori\u021bi suport pentru spate \u0219i confort pl\u0103cut. Clien\u021bii ador\u0103 s\u0103 \u00eel foloseasc\u0103 pentru:<\/p>\n<p>\u2013 Cititul, lucrul la laptop sau navigarea pe dispozitive \u00een pat<br \/>\n\u2013 Vizionarea la televizor sau jocurile video \u00een pozi\u021bie vertical\u0103<br \/>\n\u2013 Oferirea de suport lombar \u00een timpul sarcinii<br \/>\n\u2013 Asisten\u021b\u0103 \u00een recuperarea postoperatorie<br \/>\n\u2013 Practicarea posturilor \u0219i exerci\u021biilor de \u00eentindere a yoga<br \/>\n\u2013 Al\u0103ptare confortabil\u0103<\/p>\n<p>Dup\u0103 cum a spus un client mul\u021bumit: \u201cAceast\u0103 pern\u0103 este extrem de moale \u0219i confortabil\u0103. \u00cemi place s\u0103 o folosesc \u00een pat ca s\u0103 m\u0103 a\u0219ez confortabil pentru a citi sau a lucra la laptop. \u00cemi sus\u021bine bine partea inferioar\u0103 a spatelui, f\u0103r\u0103 a fi prea ferm\u0103. Materialul de catifea arat\u0103 \u0219i se simte mult mai scump dec\u00e2t este \u00een realitate. Recomand cu c\u0103ldur\u0103 aceast\u0103 pern\u0103!\u201d<\/p>\n<p>Cu designul s\u0103u simplu, dar elegant, perna pentru corp de pat reprezint\u0103 \u0219i un accent decorativ atractiv pentru dormitorul dvs. sau pentru orice alt\u0103 camer\u0103 atunci c\u00e2nd nu este utilizat\u0103. Disponibil\u0103 \u00een catifea gri luxuriant\u0103, aceasta confer\u0103 o not\u0103 de rafinament.<\/p>\n<p>Pentru un confort \u0219i un sprijin excep\u021bionale \u00een timpul activit\u0103\u021bilor tale preferate \u00een pozi\u021bie vertical\u0103, r\u0103sfa\u021b\u0103-te ast\u0103zi cu perna Bed Body!<\/p>","protected":false},"excerpt":{"rendered":"<ul>\n<li><strong>PERN\u0102 PERFECT\u0102 PENTRU CITIT:<\/strong> Cu o pern\u0103 de form\u0103 dreptunghiular\u0103, aceast\u0103 pern\u0103 confortabil\u0103 pentru citit l\u00e2ng\u0103 pat func\u021bioneaz\u0103 perfect pentru a oferi un suport moale pentru spate ca pern\u0103 lombar\u0103 atunci c\u00e2nd stai \u00een pat pentru a citi, a te uita la televizor, a naviga pe telefon, a naviga pe tablet\u0103, a te juca jocuri video, a face yoga, a al\u0103pta \u0219i te odihne\u0219ti dup\u0103 o interven\u021bie chirurgical\u0103.<\/li>\n<li><strong>PERN\u0102 DE CORP CONFORTABIL\u0102:<\/strong> Ca pern\u0103 mare pentru corp, \u00eenlocuie\u0219te toate pernele normale de odihn\u0103 la pat sau lombare, creeaz\u0103 pozi\u021bii multiple ca pern\u0103 de pozi\u021bionare pentru a sus\u021bine spatele, umerii, coloana vertebral\u0103, abdomenul, picioarele \u0219i permite mu\u0219chilor s\u0103 r\u0103m\u00e2n\u0103 relaxa\u021bi. Promoveaz\u0103 o coloan\u0103 vertebral\u0103 aliniat\u0103 pentru orice persoan\u0103 care doarme, indiferent dac\u0103 ave\u021bi nevoie de o pern\u0103 tapi\u021bat\u0103 pentru odihn\u0103 la pat sau de o pern\u0103 mare pentru sus\u021binerea spatelui, dac\u0103 ave\u021bi nevoie doar de mai mult\u0103 sau mai pu\u021bin\u0103 \u00een\u0103l\u021bime. O pute\u021bi folosi, de asemenea, ca pern\u0103 de sarcin\u0103 care ofer\u0103 suport pentru diferite p\u0103r\u021bi ale corpului \u0219i amelioreaz\u0103 durerile cauzate de sarcin\u0103.<\/li>\n<li><strong>PROIECTAT INI\u021aIAL CU MATERIALE DE \u00ceNALT\u0102 CALITATE:<\/strong> Perna de citit dreptunghiular\u0103 este prev\u0103zut\u0103 cu dungi tridimensionale, smocuri din material textil \u0219i margini complet tivite, care o diferen\u021biaz\u0103 de toate celelalte perne de sp\u0103tar normale. De\u0219i perna decorativ\u0103 pentru sp\u0103tar este moale, \u00ee\u0219i men\u021bine forma de sus\u021binere, profit\u00e2nd din plin de umplutura din fibre de micropoliester rezistente \u0219i flexibile. Fermoarul bidirec\u021bional al pernei de noptier\u0103 este foarte rezistent \u0219i durabil pentru utilizare pe termen lung.<\/li>\n<li><strong>PERN\u0102 DECORATIV\u0102 FRUMOAS\u0102 PENTRU NOPTIER\u0102:<\/strong> Dac\u0103 ave\u021bi nevoie de o t\u0103blie de pat rapid\u0103 \u0219i u\u0219oar\u0103, aceast\u0103 pern\u0103 tapi\u021bat\u0103 pentru citit poate fi folosit\u0103 ca o alternativ\u0103 de \u00eenlocuire, fiind \u00een acela\u0219i timp un decor frumos pentru pat. Designul s\u0103u elegant va ad\u0103uga o priveli\u0219te primitoare dormitorului dumneavoastr\u0103. Cu aspectul s\u0103u atractiv, aceast\u0103 pern\u0103 original\u0103 pentru sp\u0103tarul noptierei este reglabil\u0103 pentru dormitor, hotel, spital, scaun la fereastr\u0103, canapea, canapea extensibil\u0103, pat supraetajat, pat de c\u0103min, pat cu platform\u0103.<\/li>\n<li><strong>HUSA DE PERN\u0102 LOMBAR\u0102 DETA\u0218ABIL\u0102 \u0218I U\u0218OR DE SP\u0102LAT:<\/strong> Pute\u021bi \u00eendep\u0103rta cu u\u0219urin\u021b\u0103 fa\u021ba pernei de odihn\u0103 la pat deschiz\u00e2nd fermoarul \u0219i desf\u0103c\u00e2nd nasturii de la fa\u021ba pernei de citit \u0219i o pute\u021bi sp\u0103la la ma\u0219in\u0103.<\/li>\n<li><strong>Material:<\/strong> Catifea (poliester 100%).<\/li>\n<li><strong>Dimensiune:<\/strong> 100x50x8cm (3 nasturi), 120x50x8cm (4 nasturi), 140x50x8cm (4 nasturi), 160x50x8cm (5 nasturi), 180x50x8cm (6 nasturi), 200x50x8cm (7 nasturi)<\/li>\n<\/ul>","protected":false},"featured_media":1045,"comment_status":"open","ping_status":"closed","template":"","meta":[],"product_brand":[],"product_cat":[28],"product_tag":[77,124,142,115,79,144,118,59,153,152,120],"class_list":{"0":"post-1062","1":"product","2":"type-product","3":"status-publish","4":"has-post-thumbnail","6":"product_cat-large-body-pillow","7":"product_tag-bed-rest-pillow","8":"product_tag-bedside-decorative-pillow","9":"product_tag-bedside-reading-pillow","10":"product_tag-comfortable-body-pillow","11":"product_tag-lumbar-pillow","12":"product_tag-positioner-pillow","13":"product_tag-pregnancy-pillow","14":"product_tag-reading-pillow","15":"product_tag-removable-lumbar-pillow-cover","16":"product_tag-upholstery-headboard-reading-pillow","17":"product_tag-velvet-pillow","19":"first","20":"instock","21":"featured","22":"shipping-taxable","23":"purchasable","24":"product-type-variable"},"_links":{"self":[{"href":"https:\/\/www.largepillow.com\/ro\/wp-json\/wp\/v2\/product\/1062","targetHints":{"allow":["GET"]}}],"collection":[{"href":"https:\/\/www.largepillow.com\/ro\/wp-json\/wp\/v2\/product"}],"about":[{"href":"https:\/\/www.largepillow.com\/ro\/wp-json\/wp\/v2\/types\/product"}],"replies":[{"embeddable":true,"href":"https:\/\/www.largepillow.com\/ro\/wp-json\/wp\/v2\/comments?post=1062"}],"wp:featuredmedia":[{"embeddable":true,"href":"https:\/\/www.largepillow.com\/ro\/wp-json\/wp\/v2\/media\/1045"}],"wp:attachment":[{"href":"https:\/\/www.largepillow.com\/ro\/wp-json\/wp\/v2\/media?parent=1062"}],"wp:term":[{"taxonomy":"product_brand","embeddable":true,"href":"https:\/\/www.largepillow.com\/ro\/wp-json\/wp\/v2\/product_brand?post=1062"},{"taxonomy":"product_cat","embeddable":true,"href":"https:\/\/www.largepillow.com\/ro\/wp-json\/wp\/v2\/product_cat?post=1062"},{"taxonomy":"product_tag","embeddable":true,"href":"https:\/\/www.largepillow.com\/ro\/wp-json\/wp\/v2\/product_tag?post=1062"}],"curies":[{"name":"wp","href":"https:\/\/api.w.org\/{rel}","templated":true}]}}