{"id":10731,"date":"2025-07-31T09:54:14","date_gmt":"2025-07-31T09:54:14","guid":{"rendered":"https:\/\/www.largepillow.com\/product\/oversized-curved-chaise-lounge-sofa-sleeper-for-living-room"},"modified":"2025-08-13T01:58:41","modified_gmt":"2025-08-13T01:58:41","slug":"canapea-extensibila-curbata-supradimensionata-pentru-sufragerie","status":"publish","type":"product","link":"https:\/\/www.largepillow.com\/ro\/product\/oversized-curved-chaise-lounge-sofa-sleeper-for-living-room","title":{"rendered":"Canapea extensibil\u0103 curbat\u0103 supradimensionat\u0103 pentru sufragerie"},"content":{"rendered":"[zc_getpagecontent mb=&#8221;mb_aplus&#8221; apid=&#8221;141&#8243;]\n","protected":false},"excerpt":{"rendered":"<ul>\n<li>Confort extra-large: Cu dimensiunile de 64\u2033 x 51\u2033 x 25\u2033 (160cm * 128cm * 64cm), aceast\u0103 canapea \u0219ezlong supradimensionat\u0103 poate g\u0103zdui confortabil 2-3 persoane. Designul ergonomic arcuit sus\u021bine curba natural\u0103 a corpului, oferind un confort superior la mai multe unghiuri de \u00eenclinare - perfect\u0103 pentru relaxare, somn sau relaxare \u00eempreun\u0103.<\/li>\n<li>Suport moale \u0219i durabilitate de lung\u0103 durat\u0103: Construit cu o baz\u0103 robust\u0103 din spum\u0103 \u0219i acoperit cu o pern\u0103 ultra-moale din fibr\u0103 de poliester, acest fotoliu reclinabil ob\u021bine combina\u021bia perfect\u0103 \u00eentre suport ferm \u0219i moliciune asem\u0103n\u0103toare norului. Bucura\u021bi-v\u0103 de o experien\u021b\u0103 de \u0219edere luxoas\u0103 care v\u0103 relaxeaz\u0103 corpul.<\/li>\n<li>Multifunc\u021bional\u0103 pentru orice spa\u021biu: Indiferent dac\u0103 ave\u021bi nevoie de o canapea confortabil\u0103 \u00een sufragerie, un fotoliu extensibil \u00een dormitor sau un loc de relaxare pentru seri de filme, aceast\u0103 canapea versatil\u0103 se adapteaz\u0103 stilului dumneavoastr\u0103 de via\u021b\u0103. Ideal\u0103 pentru citit, jocuri sau pentru a petrece timp de calitate cu familia \u0219i prietenii.<\/li>\n<li>Perne deta\u0219abile \u0219i multifunc\u021bionale pentru canapea: Concepute cu flexibilitate \u00een minte, pernele extra-groase \u0219i baza sunt separate \u0219i deta\u0219abile. Folose\u0219te pernele moi ca \u0219i covora\u0219e sau locuri suplimentare, dup\u0103 cum este necesar - perfecte pentru oaspe\u021bi sau pentru petreceri \u00een pijamale spontane.<\/li>\n<li>Asamblare \u0219i \u00eentre\u021binere u\u0219oar\u0103: Sose\u0219te ambalat \u00een vid \u00een 3 pachete cu 4 rame din spum\u0103 \u0219i perne groase. L\u0103sa\u021bi spuma s\u0103 se extind\u0103 timp de 24-72 de ore, asambla\u021bi cu u\u0219urin\u021b\u0103 folosind ghidul nostru \u0219i bucura\u021bi-v\u0103. Husa deta\u0219abil\u0103 cu fermoar este lavabil\u0103 la ma\u0219in\u0103 pentru o cur\u0103\u021bare f\u0103r\u0103 efort.<\/li>\n<\/ul>","protected":false},"featured_media":10708,"comment_status":"open","ping_status":"closed","template":"","meta":[],"product_brand":[],"product_cat":[228],"product_tag":[],"class_list":{"0":"post-10731","1":"product","2":"type-product","3":"status-publish","4":"has-post-thumbnail","6":"product_cat-cushions","8":"first","9":"instock","10":"sold-individually","11":"shipping-taxable","12":"purchasable","13":"product-type-simple"},"_links":{"self":[{"href":"https:\/\/www.largepillow.com\/ro\/wp-json\/wp\/v2\/product\/10731","targetHints":{"allow":["GET"]}}],"collection":[{"href":"https:\/\/www.largepillow.com\/ro\/wp-json\/wp\/v2\/product"}],"about":[{"href":"https:\/\/www.largepillow.com\/ro\/wp-json\/wp\/v2\/types\/product"}],"replies":[{"embeddable":true,"href":"https:\/\/www.largepillow.com\/ro\/wp-json\/wp\/v2\/comments?post=10731"}],"wp:featuredmedia":[{"embeddable":true,"href":"https:\/\/www.largepillow.com\/ro\/wp-json\/wp\/v2\/media\/10708"}],"wp:attachment":[{"href":"https:\/\/www.largepillow.com\/ro\/wp-json\/wp\/v2\/media?parent=10731"}],"wp:term":[{"taxonomy":"product_brand","embeddable":true,"href":"https:\/\/www.largepillow.com\/ro\/wp-json\/wp\/v2\/product_brand?post=10731"},{"taxonomy":"product_cat","embeddable":true,"href":"https:\/\/www.largepillow.com\/ro\/wp-json\/wp\/v2\/product_cat?post=10731"},{"taxonomy":"product_tag","embeddable":true,"href":"https:\/\/www.largepillow.com\/ro\/wp-json\/wp\/v2\/product_tag?post=10731"}],"curies":[{"name":"wp","href":"https:\/\/api.w.org\/{rel}","templated":true}]}}