{"id":1209,"date":"2022-09-19T03:31:40","date_gmt":"2022-09-19T03:31:40","guid":{"rendered":"https:\/\/www.largepillow.com\/product\/back-support-pillow"},"modified":"2025-12-11T13:44:46","modified_gmt":"2025-12-11T13:44:46","slug":"perna-mare-pentru-pat-2","status":"publish","type":"product","link":"https:\/\/www.largepillow.com\/ro\/product\/large-bed-bolster-pillow","title":{"rendered":"Pern\u0103 mare pentru pat"},"content":{"rendered":"<p>G\u0103se\u0219te perna perfect\u0103 pentru citit cu perna mare pentru pat<\/p>\n<p>Dac\u0103 v\u0103 place s\u0103 citi\u021bi, s\u0103 v\u0103 uita\u021bi la televizor sau s\u0103 lucra\u021bi \u00een pat, dar ave\u021bi nevoie de un suport suplimentar pentru spate, perna mare pentru pat este solu\u021bia perfect\u0103. Aceast\u0103 pern\u0103 dreptunghiular\u0103 ofer\u0103 suport lombar reglabil, astfel \u00eenc\u00e2t s\u0103 pute\u021bi sta confortabil sprijini\u021bi \u00een pat. <\/p>\n<p>Fabricat\u0103 din umplutur\u0103 moale \u0219i rezistent\u0103 din fibre de micropoliester, perna \u00ee\u0219i men\u021bine forma, mul\u00e2ndu-se \u00een acela\u0219i timp pe corpul dumneavoastr\u0103. Fermoarul bidirec\u021bional face, de asemenea, ca husa deta\u0219abil\u0103 din catifea s\u0103 fie u\u0219or de \u00eendep\u0103rtat \u0219i de sp\u0103lat la ma\u0219in\u0103. Cu nasturii tivi\u021bi \u0219i marginile tivite cu grij\u0103, aceast\u0103 pern\u0103 confer\u0103 o elegan\u021b\u0103 simpl\u0103 oric\u0103rui decor de dormitor. <\/p>\n<p>Clien\u021bii ador\u0103 s\u0103 foloseasc\u0103 aceast\u0103 pern\u0103 versatil\u0103 \u00een mai multe moduri:<\/p>\n<p>\u201cIni\u021bial am cump\u0103rat-o ca pern\u0103 pentru citit, dar este at\u00e2t de confortabil\u0103 \u00eenc\u00e2t ajung s\u0103 o folosesc chiar \u0219i atunci c\u00e2nd nu citesc. Este perna perfect\u0103 pentru sp\u0103tar, fie c\u0103 lucrez la laptop \u00een pat, fie c\u0103 m\u0103 relaxez uit\u00e2ndu-m\u0103 la televizor.\u201d<\/p>\n<p>\u201cCa pern\u0103 de sarcin\u0103, era suficient de reglabil\u0103 pentru a-mi sus\u021bine spatele sau a se b\u0103ga sub burt\u0103. \u0218i acum, c\u0103 al\u0103ptez, este \u00eenc\u0103 util\u0103 sprijinit\u0103 \u00een spatele meu \u00een timp ce stau \u00een pat.\u201d  <\/p>\n<p>\u201cAceasta este o pern\u0103 excelent\u0103 pentru sus\u021binerea lombar\u0103 dup\u0103 opera\u021bie. Pot regla \u00een\u0103l\u021bimea \u0219i r\u0103m\u00e2ne la spate \u00een timp ce m\u0103 recuperez.\u201d<\/p>\n<p>Cu \u0219ase dimensiuni disponibile, cu siguran\u021b\u0103 ve\u021bi g\u0103si dimensiunile perfecte pentru nevoile dumneavoastr\u0103. Pre\u021burile variaz\u0103 de la $XX.XX la $XX.XX, \u00een func\u021bie de dimensiune. Aduce\u021bi confort \u0219i stil f\u0103r\u0103 efort \u00een dormitorul dumneavoastr\u0103 cu suportul versatil al pernei mari pentru pat.<\/p>","protected":false},"excerpt":{"rendered":"<ul>\n<li><strong>PERN\u0102 PERFECT\u0102 PENTRU CITIT:<\/strong> Cu o pern\u0103 de form\u0103 dreptunghiular\u0103, aceast\u0103 pern\u0103 confortabil\u0103 pentru citit l\u00e2ng\u0103 pat func\u021bioneaz\u0103 perfect pentru a oferi un suport moale pentru spate ca pern\u0103 lombar\u0103 atunci c\u00e2nd stai \u00een pat pentru a citi, a te uita la televizor, a naviga pe telefon, a naviga pe tablet\u0103, a te juca jocuri video, a face yoga, a al\u0103pta \u0219i te odihne\u0219ti dup\u0103 o interven\u021bie chirurgical\u0103.<\/li>\n<li><strong>PERN\u0102 DE CORP CONFORTABIL\u0102:<\/strong> Ca pern\u0103 mare pentru corp, \u00eenlocuie\u0219te toate pernele normale de odihn\u0103 la pat sau lombare, creeaz\u0103 pozi\u021bii multiple ca pern\u0103 de pozi\u021bionare pentru a sus\u021bine spatele, umerii, coloana vertebral\u0103, abdomenul, picioarele \u0219i permite mu\u0219chilor s\u0103 r\u0103m\u00e2n\u0103 relaxa\u021bi. Promoveaz\u0103 o coloan\u0103 vertebral\u0103 aliniat\u0103 pentru orice persoan\u0103 care doarme, indiferent dac\u0103 ave\u021bi nevoie de o pern\u0103 tapi\u021bat\u0103 pentru odihn\u0103 la pat sau de o pern\u0103 mare pentru sus\u021binerea spatelui, dac\u0103 ave\u021bi nevoie doar de mai mult\u0103 sau mai pu\u021bin\u0103 \u00een\u0103l\u021bime. O pute\u021bi folosi, de asemenea, ca pern\u0103 de sarcin\u0103 care ofer\u0103 suport pentru diferite p\u0103r\u021bi ale corpului \u0219i amelioreaz\u0103 durerile cauzate de sarcin\u0103.<\/li>\n<li><strong>PROIECTAT INI\u021aIAL CU MATERIALE DE \u00ceNALT\u0102 CALITATE:<\/strong> Perna de citit dreptunghiular\u0103 este prev\u0103zut\u0103 cu dungi tridimensionale, smocuri din material textil \u0219i margini complet tivite, care o diferen\u021biaz\u0103 de toate celelalte perne de sp\u0103tar normale. De\u0219i perna decorativ\u0103 pentru sp\u0103tar este moale, \u00ee\u0219i men\u021bine forma de sus\u021binere, profit\u00e2nd din plin de umplutura din fibre de micropoliester rezistente \u0219i flexibile. Fermoarul bidirec\u021bional al pernei de noptier\u0103 este foarte rezistent \u0219i durabil pentru utilizare pe termen lung.<\/li>\n<li><strong>PERN\u0102 DECORATIV\u0102 FRUMOAS\u0102 PENTRU NOPTIER\u0102:<\/strong> Dac\u0103 ave\u021bi nevoie de o t\u0103blie de pat rapid\u0103 \u0219i u\u0219oar\u0103, aceast\u0103 pern\u0103 tapi\u021bat\u0103 pentru citit poate fi folosit\u0103 ca o alternativ\u0103 de \u00eenlocuire, fiind \u00een acela\u0219i timp un decor frumos pentru pat. Designul s\u0103u elegant va ad\u0103uga o priveli\u0219te primitoare dormitorului dumneavoastr\u0103. Cu aspectul s\u0103u atractiv, aceast\u0103 pern\u0103 original\u0103 pentru sp\u0103tarul noptierei este reglabil\u0103 pentru dormitor, hotel, spital, scaun la fereastr\u0103, canapea, canapea extensibil\u0103, pat supraetajat, pat de c\u0103min, pat cu platform\u0103.<\/li>\n<li><strong>HUSA DE PERN\u0102 LOMBAR\u0102 DETA\u0218ABIL\u0102 \u0218I U\u0218OR DE SP\u0102LAT:<\/strong> Pute\u021bi \u00eendep\u0103rta cu u\u0219urin\u021b\u0103 fa\u021ba pernei de odihn\u0103 la pat deschiz\u00e2nd fermoarul \u0219i desf\u0103c\u00e2nd nasturii de la fa\u021ba pernei de citit \u0219i o pute\u021bi sp\u0103la la ma\u0219in\u0103.<\/li>\n<li><strong>Material:<\/strong> Catifea (poliester 100%).<\/li>\n<li><strong>Dimensiune:<\/strong> 100x50x8cm (3 nasturi), 120x50x8cm (4 nasturi), 140x50x8cm (4 nasturi), 160x50x8cm (5 nasturi), 180x50x8cm (6 nasturi), 200x50x8cm (7 nasturi)<\/li>\n<\/ul>","protected":false},"featured_media":1194,"comment_status":"open","ping_status":"closed","template":"","meta":[],"product_brand":[],"product_cat":[28],"product_tag":[117,60,116,115,114,79,118,59,119,120],"class_list":{"0":"post-1209","1":"product","2":"type-product","3":"status-publish","4":"has-post-thumbnail","6":"product_cat-large-body-pillow","7":"product_tag-back-support-cushion","8":"product_tag-backrest-pillow","9":"product_tag-bed-rest","10":"product_tag-comfortable-body-pillow","11":"product_tag-large-bed-bolster-pillow","12":"product_tag-lumbar-pillow","13":"product_tag-pregnancy-pillow","14":"product_tag-reading-pillow","15":"product_tag-rectangular-reading-pillow","16":"product_tag-velvet-pillow","18":"first","19":"instock","20":"featured","21":"shipping-taxable","22":"purchasable","23":"product-type-variable"},"_links":{"self":[{"href":"https:\/\/www.largepillow.com\/ro\/wp-json\/wp\/v2\/product\/1209","targetHints":{"allow":["GET"]}}],"collection":[{"href":"https:\/\/www.largepillow.com\/ro\/wp-json\/wp\/v2\/product"}],"about":[{"href":"https:\/\/www.largepillow.com\/ro\/wp-json\/wp\/v2\/types\/product"}],"replies":[{"embeddable":true,"href":"https:\/\/www.largepillow.com\/ro\/wp-json\/wp\/v2\/comments?post=1209"}],"wp:featuredmedia":[{"embeddable":true,"href":"https:\/\/www.largepillow.com\/ro\/wp-json\/wp\/v2\/media\/1194"}],"wp:attachment":[{"href":"https:\/\/www.largepillow.com\/ro\/wp-json\/wp\/v2\/media?parent=1209"}],"wp:term":[{"taxonomy":"product_brand","embeddable":true,"href":"https:\/\/www.largepillow.com\/ro\/wp-json\/wp\/v2\/product_brand?post=1209"},{"taxonomy":"product_cat","embeddable":true,"href":"https:\/\/www.largepillow.com\/ro\/wp-json\/wp\/v2\/product_cat?post=1209"},{"taxonomy":"product_tag","embeddable":true,"href":"https:\/\/www.largepillow.com\/ro\/wp-json\/wp\/v2\/product_tag?post=1209"}],"curies":[{"name":"wp","href":"https:\/\/api.w.org\/{rel}","templated":true}]}}