{"id":1227,"date":"2022-09-19T05:28:28","date_gmt":"2022-09-19T05:28:28","guid":{"rendered":"https:\/\/www.largepillow.com\/product\/back-pillow-for-couch"},"modified":"2024-10-03T16:31:26","modified_gmt":"2024-10-03T16:31:26","slug":"perna-de-citit-pentru-pat-2","status":"publish","type":"product","link":"https:\/\/www.largepillow.com\/ro\/product\/reading-pillow-for-bed","title":{"rendered":"Pern\u0103 de citit pentru pat"},"content":{"rendered":"<p>Perna de citit premium pentru confort \u0219i sus\u021binere de neegalat<\/p>\n<p>E\u0219ti gata s\u0103-\u021bi ridici experien\u021ba de lectur\u0103 la noi culmi? Nu c\u0103uta mai departe dec\u00e2t Perna noastr\u0103 de Lectur\u0103 pentru Pat, meticulos conceput\u0103 pentru a oferi confort, sus\u021binere \u0219i comoditate optime \u00een timp ce te delectezi cu c\u0103r\u021bile sau materialele media preferate.<\/p>\n<p>Construc\u021bie excep\u021bional\u0103 pentru suport neclintit<\/p>\n<p>Aceast\u0103 pern\u0103 tip pan\u0103 este umplut\u0103 meticulos cu fibr\u0103 de poliester premium, asigur\u00e2nd un suport stabil pentru spate, care se muleaz\u0103 pe formele corpului dumneavoastr\u0103. Materialul luxos de catifea, cunoscut pentru moliciunea, durabilitatea \u0219i rezisten\u021ba sa la deformare sau sc\u0103rpuire, ofer\u0103 o atingere catifelat\u0103 care v\u0103 va spori timpul de relaxare.<\/p>\n<p>Design reglabil pentru confort personalizat<\/p>\n<p>Perna noastr\u0103 reglabil\u0103 tip pan\u0103 este prev\u0103zut\u0103 cu o pern\u0103 mic\u0103 tip rol\u0103, care poate fi pozi\u021bionat\u0103 dup\u0103 cum este necesar pentru a oferi exact sprijinul dorit. Ajut\u0103 la men\u021binerea posturii, prevenind ghemuirea \u0219i disconfortul \u00een timp ce cite\u0219ti sau te ui\u021bi la televizor. Husa deta\u0219abil\u0103 \u0219i lavabil\u0103 faciliteaz\u0103 men\u021binerea pernei proaspete \u0219i igienice.<\/p>\n<p>Suport ergonomic pentru o stare de bine \u00eembun\u0103t\u0103\u021bit\u0103<\/p>\n<p>Perna de citit are un design ergonomic, oferind un suport \u0219tiin\u021bific pentru spate care \u00eembun\u0103t\u0103\u021be\u0219te postura \u00een \u0219ezut. Acest lucru poate ajuta la prevenirea \u0219i ameliorarea afec\u021biunilor lombare \u0219i cervicale, reduc\u00e2nd eficient durerile de spate \u0219i promov\u00e2nd bun\u0103starea general\u0103.<\/p>\n<p>Utilizabilitate versatil\u0103 pentru diverse set\u0103ri<\/p>\n<p>Aceast\u0103 pern\u0103 tip pan\u0103 versatil\u0103 poate fi utilizat\u0103 \u00eentr-o gam\u0103 larg\u0103 de contexte, de la paturi confortabile la canapele confortabile, \u0219ezlonguri, fotolii \u0219i canapele. Versatilitatea sa o face o alegere ideal\u0103 pentru orice camer\u0103 din casa ta unde dore\u0219ti s\u0103 te relaxezi \u0219i s\u0103 te bucuri de un moment de relaxare.<\/p>\n<p>\u00centre\u021binere u\u0219oar\u0103 pentru o \u00eengrijire f\u0103r\u0103 efort<\/p>\n<p>Perna noastr\u0103 de citit are un design convenabil de \u00eenchidere cu fermoar, permi\u021b\u00e2ndu-v\u0103 s\u0103 scoate\u021bi f\u0103r\u0103 efort husa pentru sp\u0103larea la ma\u0219in\u0103. Acest lucru asigur\u0103 c\u0103 perna dumneavoastr\u0103 r\u0103m\u00e2ne \u00eentotdeauna curat\u0103 \u0219i proasp\u0103t\u0103, garant\u00e2nd longevitatea \u0219i utilizarea igienic\u0103.<\/p>\n<p>Comentarii originale despre m\u0103rfuri pentru \u00eembog\u0103\u021birea informa\u021biilor<\/p>\n<p>Iat\u0103 ce spun clien\u021bii mul\u021bumi\u021bi despre perna noastr\u0103 de citit:<\/p>\n<p>\u201cAceast\u0103 pern\u0103 triunghiular\u0103 este at\u00e2t de confortabil\u0103 \u0219i ofer\u0103 un suport excelent. M\u0103 ajut\u0103 s\u0103 men\u021bin o postur\u0103 bun\u0103 \u00een timp ce citesc \u00een pat.\u201d<br \/>\n\u201c\u00cemi place materialul de catifea! Este incredibil de moale \u0219i se simte minunat pe pielea mea.\u201d<br \/>\n\u201cPerna reglabil\u0103 este o salvare. O pot pozi\u021biona exact unde am nevoie pentru un sprijin suplimentar.\u201d<\/p>\n<p>Experimenta\u021bi confortul \u0219i sprijinul ca niciodat\u0103 \u00eenainte<\/p>\n<p>Nu te mul\u021bumi cu perne obi\u0219nuite care \u00ee\u021bi compromit confortul \u0219i postura. Investe\u0219te \u00een Perna noastr\u0103 de Lectur\u0103 pentru Pat \u0219i ridic\u0103-\u021bi experien\u021ba de lectur\u0103 la nivelul urm\u0103tor. Construc\u021bia sa premium, designul reglabil \u0219i suportul ergonomic \u00ee\u021bi vor transforma timpul de relaxare \u00een momente de confort \u0219i bun\u0103stare de neegalat.<\/p>","protected":false},"excerpt":{"rendered":"<ul>\n<li><strong>Pern\u0103 cu pan\u0103 calificat\u0103:<\/strong> Aceast\u0103 pern\u0103 tip pentrur\u0103 este umplut\u0103 cu fibr\u0103 de poliester premium pentru a oferi un suport stabil pentru spate \u0219i pentru a v\u0103 face s\u0103 v\u0103 sim\u021bi\u021bi confortabil \u00een timp ce citi\u021bi, v\u0103 odihni\u021bi sau v\u0103 uita\u021bi la televizor \u00een pat sau pe canapea. Materialul de catifea de \u00eenalt\u0103 calitate este foarte moale la atingere, durabil \u0219i nu se deformeaz\u0103 sau se sc\u0103rpeaz\u0103 u\u0219or.<\/li>\n<li><strong>Pern\u0103 cu pan\u0103 reglabil\u0103:<\/strong> Perna decorativ\u0103 vine cu o pern\u0103 mic\u0103 tip rol\u0103. Aceasta poate fi ajustat\u0103 dup\u0103 cum este necesar. V\u0103 ajut\u0103 s\u0103 v\u0103 men\u021bine\u021bi spatele drept, astfel \u00eenc\u00e2t s\u0103 nu v\u0103 l\u0103sa\u021bi coco\u0219a\u021bi. Husa pernei pentru sp\u0103tarul de citit este deta\u0219abil\u0103 \u0219i lavabil\u0103. Exist\u0103 2 buzunare mici pe lateral pentru depozitarea obiectelor mici, cum ar fi un pix, telefon mobil, telecomanda televizorului etc.<\/li>\n<li><strong>Suport excelent pentru spate:<\/strong> Perna mare de sus\u021binere este conform\u0103 cu designul ergonomic, care poate oferi suport \u0219tiin\u021bific pentru spate \u0219i poate \u00eembun\u0103t\u0103\u021bi postura \u00een \u0219ezut. Aceast\u0103 pern\u0103 pentru canapea ofer\u0103 un suport confortabil pentru talie, spate \u0219i g\u00e2t. De asemenea, poate preveni \u0219i ameliora afec\u021biunile lombare \u0219i cervicale \u0219i poate ameliora durerile de spate.<\/li>\n<li><strong>Gam\u0103 larg\u0103 de utiliz\u0103ri:<\/strong> Perna tip pan\u0103 poate oferi o varietate de utiliz\u0103ri, fiind foarte potrivit\u0103 pentru utilizare pe pat, canapea extensibil\u0103, fotoliu \u0219i canapea. Cadoul perfect pentru tine, prieteni sau familie.<\/li>\n<li><strong>U\u0219or de cur\u0103\u021bat:<\/strong> Aceast\u0103 pern\u0103 de sus\u021binere are un design cu fermoar, pentru ca husa s\u0103 fie u\u0219or deta\u0219abil\u0103 \u0219i lavabil\u0103 la ma\u0219in\u0103.<\/li>\n<li><strong>Material:<\/strong> Catifea (poliester 100%).<\/li>\n<li><strong>Dimensiune:<\/strong>\u00a060x50x22cm.<\/li>\n<\/ul>","protected":false},"featured_media":1217,"comment_status":"open","ping_status":"closed","template":"","meta":[],"product_brand":[],"product_cat":[29],"product_tag":[92,66,60,70,113,78,76,59],"class_list":{"0":"post-1227","1":"product","2":"type-product","3":"status-publish","4":"has-post-thumbnail","6":"product_cat-large-reading-pillow","7":"product_tag-adjustable-wedge-pillow","8":"product_tag-back-support-pillow","9":"product_tag-backrest-pillow","10":"product_tag-bed-wedge-pillow","11":"product_tag-cushion-for-sofa","12":"product_tag-ergonomic-pillow","13":"product_tag-neck-support-pillow","14":"product_tag-reading-pillow","16":"first","17":"outofstock","18":"shipping-taxable","19":"purchasable","20":"product-type-simple"},"_links":{"self":[{"href":"https:\/\/www.largepillow.com\/ro\/wp-json\/wp\/v2\/product\/1227","targetHints":{"allow":["GET"]}}],"collection":[{"href":"https:\/\/www.largepillow.com\/ro\/wp-json\/wp\/v2\/product"}],"about":[{"href":"https:\/\/www.largepillow.com\/ro\/wp-json\/wp\/v2\/types\/product"}],"replies":[{"embeddable":true,"href":"https:\/\/www.largepillow.com\/ro\/wp-json\/wp\/v2\/comments?post=1227"}],"wp:featuredmedia":[{"embeddable":true,"href":"https:\/\/www.largepillow.com\/ro\/wp-json\/wp\/v2\/media\/1217"}],"wp:attachment":[{"href":"https:\/\/www.largepillow.com\/ro\/wp-json\/wp\/v2\/media?parent=1227"}],"wp:term":[{"taxonomy":"product_brand","embeddable":true,"href":"https:\/\/www.largepillow.com\/ro\/wp-json\/wp\/v2\/product_brand?post=1227"},{"taxonomy":"product_cat","embeddable":true,"href":"https:\/\/www.largepillow.com\/ro\/wp-json\/wp\/v2\/product_cat?post=1227"},{"taxonomy":"product_tag","embeddable":true,"href":"https:\/\/www.largepillow.com\/ro\/wp-json\/wp\/v2\/product_tag?post=1227"}],"curies":[{"name":"wp","href":"https:\/\/api.w.org\/{rel}","templated":true}]}}