{"id":1238,"date":"2022-09-19T05:36:36","date_gmt":"2022-09-19T05:36:36","guid":{"rendered":"https:\/\/www.largepillow.com\/product\/back-cushion-for-sofa"},"modified":"2026-02-06T13:51:15","modified_gmt":"2026-02-06T13:51:15","slug":"perna-de-odihna","status":"publish","type":"product","link":"https:\/\/www.largepillow.com\/ro\/product\/bedrest-pillow","title":{"rendered":"Pern\u0103 de odihn\u0103 la pat"},"content":{"rendered":"<p>Bucura\u021bi-v\u0103 de confort \u0219i sprijin cu perna noastr\u0103 de odihn\u0103 la pat<\/p>\n<p>Cau\u021bi perna perfect\u0103 pentru a-\u021bi spori relaxarea \u0219i bun\u0103starea? Nu c\u0103uta mai departe dec\u00e2t perna noastr\u0103 premium pentru odihn\u0103 la pat, conceput\u0103 meticulos pentru a oferi suport \u0219i confort de neegalat.<\/p>\n<p>Calitate \u0219i confort de neegalat<\/p>\n<p>Fabricat\u0103 cu o precizie excep\u021bional\u0103, perna noastr\u0103 de odihn\u0103 de pat este umplut\u0103 cu fibr\u0103 de poliester premium care se muleaz\u0103 impecabil pe conturul corpului dumneavoastr\u0103, asigur\u00e2nd un suport perfect pentru spate \u0219i o senza\u021bie de confort. \u00cenvelit\u0103 \u00eentr-o \u021bes\u0103tur\u0103 de catifea moale \u0219i luxoas\u0103, rezist\u0103 deform\u0103rii \u0219i sc\u0103rp\u0103t\u0103rii, promi\u021b\u00e2nd un confort de lung\u0103 durat\u0103.<\/p>\n<p>Ajustare versatil\u0103 \u0219i confort<\/p>\n<p>Cu designul s\u0103u reglabil, perna noastr\u0103 este echipat\u0103 cu o pern\u0103 mic\u0103 tip rol\u0103, care poate fi pozi\u021bionat\u0103 strategic pentru un suport specific. Men\u021bine\u021bi coloana vertebral\u0103 aliniat\u0103 \u0219i evita\u021bi coco\u0219area pentru a men\u021bine o postur\u0103 s\u0103n\u0103toas\u0103. \u00cen plus, fa\u021ba de pern\u0103 deta\u0219abil\u0103 \u0219i lavabil\u0103 adaug\u0103 un nivel suplimentar de igien\u0103 \u0219i u\u0219urin\u021b\u0103 \u00een \u00eentre\u021binere. Pentru un plus de confort, dou\u0103 buzunare laterale practice ofer\u0103 spa\u021biu de depozitare pentru obiectele esen\u021biale mici, p\u0103str\u00e2nd obiectele preferate la \u00eendem\u00e2n\u0103.<\/p>\n<p>Suport \u0219tiin\u021bific pentru spate<\/p>\n<p>Proiectat\u0103 ergonomic, perna noastr\u0103 pentru pat ofer\u0103 un suport dorsal de neegalat, amelior\u00e2nd durerile lombare \u0219i cervicale, promov\u00e2nd o postur\u0103 corect\u0103 \u0219i prevenind disconfortul cauzat de statul prelungit pe scaun sau \u00eentins.<\/p>\n<p>Confort multifunc\u021bional<\/p>\n<p>Versatil\u0103 \u0219i adaptabil\u0103, perna noastr\u0103 de odihn\u0103 dep\u0103\u0219e\u0219te limitele dormitorului. Este un companion ideal pentru canapele, \u0219ezlonguri, fotolii \u0219i canapele, permi\u021b\u00e2ndu-v\u0103 s\u0103 v\u0103 bucura\u021bi de confort \u0219i sus\u021binere a coloanei vertebrale \u00een orice decor. Indiferent dac\u0103 cite\u0219ti un roman captivant, te ui\u021bi la emisiunile tale preferate sau pur \u0219i simplu te relaxezi dup\u0103 o zi lung\u0103, perna noastr\u0103 garanteaz\u0103 o experien\u021b\u0103 revigorant\u0103.<\/p>\n<p>Recomand\u0103ri ale clien\u021bilor<\/p>\n<p>\u201cAceast\u0103 pern\u0103 triunghiular\u0103 este super confortabil\u0103. Materialul de catifea olandez\u0103 este at\u00e2t de moale pe piele, iar perna cilindric\u0103 este perfect\u0103 pentru sus\u021binerea g\u00e2tului.\u201d \u2013 Client mul\u021bumit<\/p>\n<p>\u201c\u00cemi plac buzunarele spa\u021bioase de pe laterale. \u00cemi \u021bin telefonul, blocnotesul \u0219i alte obiecte esen\u021biale organizate \u0219i la \u00eendem\u00e2n\u0103.\u201d \u2013 Utilizator \u00eenc\u00e2ntat<\/p>\n<p>Specifica\u021bii<\/p>\n<p>* Material: Catifea din poliester 100%<br \/>\n* Dimensiune: 60x50x22cm<\/p>\n<p>Investe\u0219te ast\u0103zi \u00een solu\u021bia suprem\u0103 de relaxare \u0219i sus\u021binere cu excep\u021bionala noastr\u0103 pern\u0103 pentru odihn\u0103 la pat. Confortul, versatilitatea \u0219i durabilitatea sa superioar\u0103 vor revolu\u021biona casa ta \u0219i \u00ee\u021bi vor spori bun\u0103starea.<\/p>","protected":false},"excerpt":{"rendered":"<ul>\n<li><strong>Pern\u0103 cu pan\u0103 calificat\u0103:<\/strong> Aceast\u0103 pern\u0103 tip pentrur\u0103 este umplut\u0103 cu fibr\u0103 de poliester premium pentru a oferi un suport stabil pentru spate \u0219i pentru a v\u0103 face s\u0103 v\u0103 sim\u021bi\u021bi confortabil \u00een timp ce citi\u021bi, v\u0103 odihni\u021bi sau v\u0103 uita\u021bi la televizor \u00een pat sau pe canapea. Materialul de catifea de \u00eenalt\u0103 calitate este foarte moale la atingere, durabil \u0219i nu se deformeaz\u0103 sau se sc\u0103rpeaz\u0103 u\u0219or.<\/li>\n<li><strong>Pern\u0103 cu pan\u0103 reglabil\u0103:<\/strong> Perna decorativ\u0103 vine cu o pern\u0103 mic\u0103 tip rol\u0103. Aceasta poate fi ajustat\u0103 dup\u0103 cum este necesar. V\u0103 ajut\u0103 s\u0103 v\u0103 men\u021bine\u021bi spatele drept, astfel \u00eenc\u00e2t s\u0103 nu v\u0103 l\u0103sa\u021bi coco\u0219a\u021bi. Husa pernei pentru sp\u0103tarul de citit este deta\u0219abil\u0103 \u0219i lavabil\u0103. Exist\u0103 2 buzunare mici pe lateral pentru depozitarea obiectelor mici, cum ar fi un pix, telefon mobil, telecomanda televizorului etc.<\/li>\n<li><strong>Suport excelent pentru spate:<\/strong> Perna mare de sus\u021binere este conform\u0103 cu designul ergonomic, care poate oferi suport \u0219tiin\u021bific pentru spate \u0219i poate \u00eembun\u0103t\u0103\u021bi postura \u00een \u0219ezut. Aceast\u0103 pern\u0103 pentru canapea ofer\u0103 un suport confortabil pentru talie, spate \u0219i g\u00e2t. De asemenea, poate preveni \u0219i ameliora afec\u021biunile lombare \u0219i cervicale \u0219i poate ameliora durerile de spate.<\/li>\n<li><strong>Gam\u0103 larg\u0103 de utiliz\u0103ri:<\/strong> Perna tip pan\u0103 poate oferi o varietate de utiliz\u0103ri, fiind foarte potrivit\u0103 pentru utilizare pe pat, canapea extensibil\u0103, fotoliu \u0219i canapea. Cadoul perfect pentru tine, prieteni sau familie.<\/li>\n<li><strong>U\u0219or de cur\u0103\u021bat:<\/strong> Aceast\u0103 pern\u0103 de sus\u021binere are un design cu fermoar, pentru ca husa s\u0103 fie u\u0219or deta\u0219abil\u0103 \u0219i lavabil\u0103 la ma\u0219in\u0103.<\/li>\n<li><strong>Material:<\/strong> Catifea (poliester 100%).<\/li>\n<li><strong>Dimensiune:<\/strong>\u00a060x50x22cm.<\/li>\n<\/ul>","protected":false},"featured_media":1228,"comment_status":"open","ping_status":"closed","template":"","meta":[],"product_brand":[],"product_cat":[29],"product_tag":[66,60,111,101,112,59,107,71,65],"class_list":{"0":"post-1238","1":"product","2":"type-product","3":"status-publish","4":"has-post-thumbnail","6":"product_cat-large-reading-pillow","7":"product_tag-back-support-pillow","8":"product_tag-backrest-pillow","9":"product_tag-bedrest-pillow","10":"product_tag-chair-cushion","11":"product_tag-lumbar-support-pillow","12":"product_tag-reading-pillow","13":"product_tag-sofa-cushion","14":"product_tag-tv-pillow","15":"product_tag-wedge-pillow","17":"first","18":"instock","19":"shipping-taxable","20":"purchasable","21":"product-type-simple"},"_links":{"self":[{"href":"https:\/\/www.largepillow.com\/ro\/wp-json\/wp\/v2\/product\/1238","targetHints":{"allow":["GET"]}}],"collection":[{"href":"https:\/\/www.largepillow.com\/ro\/wp-json\/wp\/v2\/product"}],"about":[{"href":"https:\/\/www.largepillow.com\/ro\/wp-json\/wp\/v2\/types\/product"}],"replies":[{"embeddable":true,"href":"https:\/\/www.largepillow.com\/ro\/wp-json\/wp\/v2\/comments?post=1238"}],"wp:featuredmedia":[{"embeddable":true,"href":"https:\/\/www.largepillow.com\/ro\/wp-json\/wp\/v2\/media\/1228"}],"wp:attachment":[{"href":"https:\/\/www.largepillow.com\/ro\/wp-json\/wp\/v2\/media?parent=1238"}],"wp:term":[{"taxonomy":"product_brand","embeddable":true,"href":"https:\/\/www.largepillow.com\/ro\/wp-json\/wp\/v2\/product_brand?post=1238"},{"taxonomy":"product_cat","embeddable":true,"href":"https:\/\/www.largepillow.com\/ro\/wp-json\/wp\/v2\/product_cat?post=1238"},{"taxonomy":"product_tag","embeddable":true,"href":"https:\/\/www.largepillow.com\/ro\/wp-json\/wp\/v2\/product_tag?post=1238"}],"curies":[{"name":"wp","href":"https:\/\/api.w.org\/{rel}","templated":true}]}}