{"id":13105,"date":"2025-09-04T01:20:12","date_gmt":"2025-09-04T01:20:12","guid":{"rendered":"https:\/\/www.largepillow.com\/product\/ergonomic-zero-gravity-bean-bag-lounge-chair-curved-floor-sofa"},"modified":"2025-09-04T01:29:19","modified_gmt":"2025-09-04T01:29:19","slug":"fotoliu-ergonomic-cu-bean-bag-cu-gravitatie-zero-canapea-curbata","status":"publish","type":"product","link":"https:\/\/www.largepillow.com\/ro\/product\/ergonomic-zero-gravity-bean-bag-lounge-chair-curved-floor-sofa","title":{"rendered":"Fotoliu tip bean bag ergonomic cu greutate zero, canapea curbat\u0103 pentru podea"},"content":{"rendered":"[zc_getpagecontent mb=&#8221;mb_aplus&#8221; apid=&#8221;143&#8243;]\n","protected":false},"excerpt":{"rendered":"<ul>\n<li>Curbe ergonomice inspirate de gravita\u021bia zero: Conceput\u0103 pentru a imita postura natural\u0103 a corpului \u00een condi\u021bii de gravita\u021bie zero, aceast\u0103 canapea de podea cu curburi unice ofer\u0103 suport specific pentru g\u00e2t, talie \u0219i picioare \u2014 promov\u00e2nd relaxarea \u00eentregului corp \u0219i alinierea coloanei vertebrale.<\/li>\n<li>Material textil 3D respirabil \u0219i plu\u0219at: Acoperit\u0103 cu un material textil 3D moale \u0219i scurt, suprafa\u021ba este moale, dar respirabil\u0103, men\u021bin\u00e2ndu-v\u0103 r\u0103coare vara \u0219i confort iarna. Disponibil\u0103 \u00een alb imaculat \u0219i verde proasp\u0103t, adaug\u0103 o not\u0103 modern\u0103 oric\u0103rui spa\u021biu de locuit, de la stiluri minimaliste la boeme.<\/li>\n<li>Dimensiune perfect\u0103 pentru spa\u021bii versatile: Cu dimensiunile de 65\u201d (lungime) \u00d7 31,5\u201d (l\u0103\u021bime), cu o \u00een\u0103l\u021bime maxim\u0103 de 21,7\u201d, o \u00een\u0103l\u021bime a taliei de 9,8\u201d \u0219i o \u00een\u0103l\u021bime a picioarelor de 15,7\u201d, se potrive\u0219te perfect \u00een sufragerii, dormitoare sau col\u021buri de lectur\u0103. Compact, dar suficient de spa\u021bios pentru ca 1-2 persoane s\u0103 se relaxeze confortabil.<\/li>\n<li>Umplut\u0103 cu bumbac PP de \u00eenalt\u0103 calitate, canapeaua ofer\u0103 echilibrul perfect \u00eentre moliciune \u0219i sus\u021binere. Ad\u0103uga\u021bi sau \u00eendep\u0103rta\u021bi cu u\u0219urin\u021b\u0103 umplutura pentru a se potrivi cu fermitatea preferat\u0103 - fie c\u0103 prefera\u021bi o senza\u021bie de \u00eentindere sau un sprijin mai ferm, se adapteaz\u0103 obiceiurilor dumneavoastr\u0103.<\/li>\n<li>Alinare lombar\u0103 \u021bintit\u0103 cu suport profund pentru contur: Zona lombar\u0103 \u00eencastrat\u0103 proiectat\u0103 (\u00een\u0103l\u021bime de 25 cm) v\u0103 protejeaz\u0103 partea inferioar\u0103 a spatelui pentru a atenua tensiunea coloanei vertebrale. Indiferent dac\u0103 dormi\u021bi, citi\u021bi sau viziona\u021bi seriale \u00een exces, experimenta\u021bi confortul ergonomic care se adapteaz\u0103 nevoilor dumneavoastr\u0103.<\/li>\n<\/ul>","protected":false},"featured_media":13091,"comment_status":"open","ping_status":"closed","template":"","meta":[],"product_brand":[],"product_cat":[228],"product_tag":[],"class_list":{"0":"post-13105","1":"product","2":"type-product","3":"status-publish","4":"has-post-thumbnail","6":"product_cat-cushions","8":"first","9":"instock","10":"sold-individually","11":"shipping-taxable","12":"purchasable","13":"product-type-simple"},"_links":{"self":[{"href":"https:\/\/www.largepillow.com\/ro\/wp-json\/wp\/v2\/product\/13105","targetHints":{"allow":["GET"]}}],"collection":[{"href":"https:\/\/www.largepillow.com\/ro\/wp-json\/wp\/v2\/product"}],"about":[{"href":"https:\/\/www.largepillow.com\/ro\/wp-json\/wp\/v2\/types\/product"}],"replies":[{"embeddable":true,"href":"https:\/\/www.largepillow.com\/ro\/wp-json\/wp\/v2\/comments?post=13105"}],"wp:featuredmedia":[{"embeddable":true,"href":"https:\/\/www.largepillow.com\/ro\/wp-json\/wp\/v2\/media\/13091"}],"wp:attachment":[{"href":"https:\/\/www.largepillow.com\/ro\/wp-json\/wp\/v2\/media?parent=13105"}],"wp:term":[{"taxonomy":"product_brand","embeddable":true,"href":"https:\/\/www.largepillow.com\/ro\/wp-json\/wp\/v2\/product_brand?post=13105"},{"taxonomy":"product_cat","embeddable":true,"href":"https:\/\/www.largepillow.com\/ro\/wp-json\/wp\/v2\/product_cat?post=13105"},{"taxonomy":"product_tag","embeddable":true,"href":"https:\/\/www.largepillow.com\/ro\/wp-json\/wp\/v2\/product_tag?post=13105"}],"curies":[{"name":"wp","href":"https:\/\/api.w.org\/{rel}","templated":true}]}}