{"id":1323,"date":"2022-09-19T06:02:03","date_gmt":"2022-09-19T06:02:03","guid":{"rendered":"https:\/\/www.largepillow.com\/product\/reading-wedges"},"modified":"2024-10-03T16:31:26","modified_gmt":"2024-10-03T16:31:26","slug":"pene-de-citire","status":"publish","type":"product","link":"https:\/\/www.largepillow.com\/ro\/product\/reading-wedges","title":{"rendered":"Citirea pene"},"content":{"rendered":"<p>E\u0219ti un \u0219oarece de bibliotec\u0103 c\u0103ruia \u00eei place s\u0103 citeasc\u0103 \u00een pat, dar sufer\u0103 de disconfort \u0219i durere din cauza posturii incorecte? Dac\u0103 da, avem solu\u021bia perfect\u0103 pentru tine - Panouri de citit!<\/p>\n<p>Aceast\u0103 pern\u0103 ergonomic\u0103 este conceput\u0103 pentru a oferi suport \u0219i amortizare zonei inferioare \u0219i superioare a spatelui, g\u00e2tului \u0219i umerilor, asigur\u00e2ndu-v\u0103 c\u0103 pute\u021bi citi \u00een pat cu o postur\u0103 ergonomic\u0103. Perna este moale \u0219i confortabil\u0103, fiind \u00een acela\u0219i timp suficient de ferm\u0103 pentru a-\u0219i men\u021bine forma \u0219i a oferi un suport adecvat.<\/p>\n<p>Fa\u021ba de pern\u0103 tip pan\u0103 este fabricat\u0103 din p\u00e2nz\u0103 de \u00eenalt\u0103 calitate, durabil\u0103 \u0219i cu o permeabilitate excelent\u0103 la aer. Miezul interior este umplut cu fibr\u0103 de poliester de \u00eenalt\u0103 elasticitate, care asigur\u0103 c\u0103 perna nu se pr\u0103bu\u0219e\u0219te \u0219i \u00ee\u0219i men\u021bine forma. Fa\u021ba de pern\u0103 este, de asemenea, deta\u0219abil\u0103 \u0219i lavabil\u0103 la ma\u0219in\u0103, ceea ce o face u\u0219or de cur\u0103\u021bat \u0219i \u00eentre\u021binut.<\/p>\n<p>Forma curbat\u0103 a pernei o face ideal\u0103 pentru men\u021binerea anumitor p\u0103r\u021bi ale corpului ridicate, fiind util\u0103 \u00een ameliorarea afec\u021biunilor medicale precum sfor\u0103itul sau refluxul acid. Femeile \u00eens\u0103rcinate o pot folosi pentru a men\u021bine o pozi\u021bie de dormit lateral\u0103 sau ca pern\u0103 lombar\u0103 pentru a reduce presiunea lombar\u0103. De asemenea, o pute\u021bi folosi pe canapea sau pe podea, fiind multifunc\u021bional\u0103.<\/p>\n<p>Pernele de citit sunt disponibile \u00een diverse modele, inclusiv \u201cmuzic\u0103 de p\u0103dure\u201d, \u201cziar vechi\u201d, \u201cfluture albastru\u201d \u0219i \u201chart\u0103-c\u0103mil\u0103\u201d. Cu aceste culori vibrante, po\u021bi g\u0103si una care rezoneaz\u0103 cu personalitatea ta \u0219i adaug\u0103 un plus de savoare dormitorului t\u0103u. Este o pern\u0103 de citit perfect\u0103 pentru adul\u021bi, b\u0103ie\u021bi \u0219i fete, fiind un cadou excelent pentru copiii c\u0103rora le place s\u0103 citeasc\u0103.<\/p>\n<p>Nu v\u0103 baza\u021bi doar pe cuv\u00e2ntul nostru; iat\u0103 c\u00e2teva dintre comentariile clien\u021bilor no\u0219tri:<\/p>\n<p>\u201c\u00cemi plac foarte mult penele mele de citit; m-au ajutat s\u0103-mi ameliorez durerile de spate \u00een timp ce citeam \u00een pat.\u201d<\/p>\n<p>\u201cDesignul pernei este excelent, iar culorile adaug\u0103 o not\u0103 de elegan\u021b\u0103 camerei mele.\u201d<\/p>\n<p>\u201cScaunele de citit sunt multifunc\u021bionale \u0219i le folosesc \u0219i ca sp\u0103tar c\u00e2nd stau pe canapea.\u201d<\/p>\n<p>\u201cFa\u021ba de pern\u0103 deta\u0219abil\u0103 schimb\u0103 complet regulile jocului, facilit\u00e2nd cur\u0103\u021benia pernei.\u201d<\/p>\n<p>\u00cen concluzie, t\u0103bli\u021bele de citit sunt perfecte pentru cititorii pasiona\u021bi de c\u0103r\u021bi c\u0103rora le place s\u0103 citeasc\u0103 \u00een pat. Sunt confortabile, ferme \u0219i multifunc\u021bionale, ceea ce le face indispensabile. Cump\u0103r\u0103-le ast\u0103zi \u0219i spune adio durerilor de spate \u0219i disconfortului \u00een timp ce cite\u0219ti \u00een pat.<\/p>","protected":false},"excerpt":{"rendered":"<ul>\n<li><strong>Pern\u0103 ergonomic\u0103:<\/strong>\u00a0Dac\u0103 \u021bie \u0219i prietenilor t\u0103i v\u0103 place s\u0103 citi\u021bi \u00een pat, dar ave\u021bi diverse disconforturi din cauza unei posturi incorecte: dureri de spate inferioare \u0219i superioare, probleme la nivelul g\u00e2tului \u0219i umerilor etc., atunci v\u0103 rug\u0103m s\u0103 folosi\u021bi aceast\u0103 pern\u0103 ergonomic\u0103 pentru a v\u0103 ajuta s\u0103 citi\u021bi cu o postur\u0103 ergonomic\u0103. Aceast\u0103 pern\u0103 de citit nu este doar moale \u0219i confortabil\u0103, ci \u0219i suficient de ferm\u0103 pentru a oferi amortizare \u0219i sus\u021binere.<\/li>\n<li><strong>Materiale de \u00eenalt\u0103 calitate:<\/strong>\u00a0Fa\u021ba de pern\u0103 tip pan\u0103 este fabricat\u0103 din p\u00e2nz\u0103 de \u00eenalt\u0103 calitate, rezistent\u0103 \u0219i durabil\u0103, cu o permeabilitate foarte bun\u0103 la aer; adopt\u0103 o tehnologie reactiv\u0103 de imprimare \u0219i vopsire, care nu se decoloreaz\u0103; miezul interior este umplut cu fibr\u0103 de poliester de \u00eenalt\u0103 calitate, elastic\u0103, care \u00ee\u0219i poate men\u021bine o form\u0103 stabil\u0103 f\u0103r\u0103 a se pr\u0103bu\u0219i.<\/li>\n<li><strong>Utilizare multifunc\u021bional\u0103:<\/strong>\u00a0Aceast\u0103 pern\u0103 cu form\u0103 curbat\u0103 poate men\u021bine anumite p\u0103r\u021bi ale corpului ridicate. Prin urmare, ajut\u0103 la ameliorarea anumitor afec\u021biuni medicale, cum ar fi sfor\u0103itul sau refluxul acid. \u00cen plus, poate ajuta femeile \u00eens\u0103rcinate s\u0103 evite r\u0103sucirea \u0219i s\u0103 men\u021bin\u0103 o pozi\u021bie de dormit pe o parte sau o poate folosi ca pern\u0103 lombar\u0103 pentru a reduce presiunea lombar\u0103. Pe l\u00e2ng\u0103 utilizarea acestei perne pentru sp\u0103tar pe pat, aceasta poate fi folosit\u0103 \u0219i pe canapea, pe podeaua zonei de joac\u0103 pentru copii, pe mobilierul de gr\u0103din\u0103.<\/li>\n<li><strong>Design excelent de imprimare:<\/strong>\u00a0Aceast\u0103 serie de perne de pozi\u021bionare, decorate \u00een culori str\u0103lucitoare, adaug\u0103 str\u0103lucire dormitorului t\u0103u. Stil pastoral \u201cmuzic\u0103 de p\u0103dure\u201d, stil retro \u201cziar vechi\u201d, stil literar \u201cfluture albastru\u201d, stil realist \u201chart\u0103 c\u0103mil\u0103\u201d, cu siguran\u021b\u0103 vei g\u0103si culoarea care \u021bi se potrive\u0219te personalit\u0103\u021bii. Este o pern\u0103 bun\u0103 pentru citit, at\u00e2t pentru b\u0103ie\u021bi, c\u00e2t \u0219i pentru fete, sau pentru adul\u021bi. Este, de asemenea, un cadou minunat pentru copiii c\u0103rora le place s\u0103 citeasc\u0103 \u0219i le va face camera s\u0103 arate mai cool.<\/li>\n<li><strong>Fa\u021b\u0103 de pern\u0103 deta\u0219abil\u0103:<\/strong>\u00a0Fa\u021ba de pern\u0103, care are un fermoar metalic invizibil, poate fi u\u0219or \u00eendep\u0103rtat\u0103 \u0219i instalat\u0103 pe pern\u0103; este u\u0219or de cur\u0103\u021bat \u0219i potrivit\u0103 pentru sp\u0103larea la ma\u0219in\u0103; buzunarul lateral convenabil poate \u021bine oric\u00e2nd obiecte mici, cum ar fi telefoane mobile \u0219i ochelari.<\/li>\n<li><strong>Dimensiune:<\/strong>\u00a060x20x50cm.<\/li>\n<\/ul>","protected":false},"featured_media":1316,"comment_status":"open","ping_status":"closed","template":"","meta":[],"product_brand":[],"product_cat":[29],"product_tag":[60,81,78,79,59,83,84],"class_list":{"0":"post-1323","1":"product","2":"type-product","3":"status-publish","4":"has-post-thumbnail","6":"product_cat-large-reading-pillow","7":"product_tag-backrest-pillow","8":"product_tag-curved-shape-pillow","9":"product_tag-ergonomic-pillow","10":"product_tag-lumbar-pillow","11":"product_tag-reading-pillow","12":"product_tag-reading-wedges","13":"product_tag-sofa-pillow","15":"first","16":"instock","17":"featured","18":"shipping-taxable","19":"purchasable","20":"product-type-simple"},"_links":{"self":[{"href":"https:\/\/www.largepillow.com\/ro\/wp-json\/wp\/v2\/product\/1323","targetHints":{"allow":["GET"]}}],"collection":[{"href":"https:\/\/www.largepillow.com\/ro\/wp-json\/wp\/v2\/product"}],"about":[{"href":"https:\/\/www.largepillow.com\/ro\/wp-json\/wp\/v2\/types\/product"}],"replies":[{"embeddable":true,"href":"https:\/\/www.largepillow.com\/ro\/wp-json\/wp\/v2\/comments?post=1323"}],"wp:featuredmedia":[{"embeddable":true,"href":"https:\/\/www.largepillow.com\/ro\/wp-json\/wp\/v2\/media\/1316"}],"wp:attachment":[{"href":"https:\/\/www.largepillow.com\/ro\/wp-json\/wp\/v2\/media?parent=1323"}],"wp:term":[{"taxonomy":"product_brand","embeddable":true,"href":"https:\/\/www.largepillow.com\/ro\/wp-json\/wp\/v2\/product_brand?post=1323"},{"taxonomy":"product_cat","embeddable":true,"href":"https:\/\/www.largepillow.com\/ro\/wp-json\/wp\/v2\/product_cat?post=1323"},{"taxonomy":"product_tag","embeddable":true,"href":"https:\/\/www.largepillow.com\/ro\/wp-json\/wp\/v2\/product_tag?post=1323"}],"curies":[{"name":"wp","href":"https:\/\/api.w.org\/{rel}","templated":true}]}}