{"id":1331,"date":"2022-09-19T06:05:49","date_gmt":"2022-09-19T06:05:49","guid":{"rendered":"https:\/\/www.largepillow.com\/product\/best-reading-pillows"},"modified":"2026-01-10T19:16:10","modified_gmt":"2026-01-10T19:16:10","slug":"cea-mai-buna-perna-de-citit","status":"publish","type":"product","link":"https:\/\/www.largepillow.com\/ro\/product\/best-reading-pillow","title":{"rendered":"Cea mai bun\u0103 pern\u0103 de citit"},"content":{"rendered":"<h3>Experimenteaz\u0103 confortul cititului cu cea mai bun\u0103 pern\u0103 ergonomic\u0103 pentru citit<\/h3>\n<p>Cititul \u00een pat poate fi inconfortabil f\u0103r\u0103 un suport adecvat pentru spate \u0219i g\u00e2t, duc\u00e2nd la durere \u0219i oboseal\u0103. Perna de citit Best ofer\u0103 solu\u021bia perfect\u0103 datorit\u0103 designului s\u0103u ergonomic pentru a alinia corect spatele \u00een timp ce te bucuri de o carte bun\u0103. <\/p>\n<p>Fabricat\u0103 din p\u00e2nz\u0103 durabil\u0103 de \u00eenalt\u0103 calitate \u0219i umplut\u0103 cu fibr\u0103 de poliester moale \u0219i confortabil\u0103, aceast\u0103 pern\u0103 \u00een form\u0103 de pan\u0103 este at\u00e2t stabil\u0103, c\u00e2t \u0219i confortabil\u0103. Forma unic\u0103 se potrive\u0219te exact \u00een spatele spatelui, cu o \u00eenclinare care sus\u021bine g\u00e2tul. Acest lucru elimin\u0103 presiunea de pe g\u00e2t, umeri \u0219i spate, comparativ cu pernele plate care pot solicita aceste zone. Recenzen\u021bii confirm\u0103 confortul, unul dintre ei afirm\u00e2nd: \u201c\u00ee\u0219i men\u021bine frumos forma \u0219i \u00eemi sus\u021bine spatele \u0219i g\u00e2tul perfect atunci c\u00e2nd stau \u00een pat\u201d.\u201d<\/p>\n<p>Dincolo de timpul de citit, perna multifunc\u021bional\u0103 ajut\u0103 \u0219i la alte activit\u0103\u021bi. Profilul s\u0103u \u00eenclinat este ideal pentru ameliorarea simptomelor de reflux acid, promovarea unui somn mai bun pentru persoanele cu probleme respiratorii \u0219i sprijinirea viitoarelor mame. De asemenea, func\u021bioneaz\u0103 convenabil ca o pern\u0103 de sus\u021binere lombar\u0103 pentru canapele, podea sau chiar mobilier de teras\u0103. <\/p>\n<p>Cu o hus\u0103 deta\u0219abil\u0103 \u0219i lavabil\u0103 la ma\u0219in\u0103, imprimeuri elegante \u0219i colorate \u0219i un buzunar lateral practic pentru obiecte mici, cum ar fi un telefon, perna de citit \u00eendepline\u0219te toate cerin\u021bele. Dup\u0103 cum a spus un client \u00eenc\u00e2ntat: \u201cAceast\u0103 pern\u0103 face cititul \u00een pat mult mai confortabil. Pot s\u0103 m\u0103 a\u0219ez corect, dar totu\u0219i s\u0103 m\u0103 relaxez pe perna moale din spatele meu. A devenit locul meu preferat pentru a m\u0103 cuib\u0103ri cu o carte!\u201d<\/p>\n<p>A\u0219adar, \u00eembun\u0103t\u0103\u021be\u0219te-\u021bi lectura de sear\u0103 t\u00e2rziu ast\u0103zi cu confortul \u0219i sprijinul oferit de cea mai bun\u0103 pern\u0103 de citit. Spatele \u0219i g\u00e2tul t\u0103u \u00ee\u021bi vor mul\u021bumi!<\/p>","protected":false},"excerpt":{"rendered":"<ul>\n<li><strong>Pern\u0103 ergonomic\u0103:<\/strong>\u00a0Dac\u0103 \u021bie \u0219i prietenilor t\u0103i v\u0103 place s\u0103 citi\u021bi \u00een pat, dar ave\u021bi diverse disconforturi din cauza unei posturi incorecte: dureri de spate inferioare \u0219i superioare, probleme la nivelul g\u00e2tului \u0219i umerilor etc., atunci v\u0103 rug\u0103m s\u0103 folosi\u021bi aceast\u0103 pern\u0103 ergonomic\u0103 pentru a v\u0103 ajuta s\u0103 citi\u021bi cu o postur\u0103 ergonomic\u0103. Aceast\u0103 pern\u0103 de citit nu este doar moale \u0219i confortabil\u0103, ci \u0219i suficient de ferm\u0103 pentru a oferi amortizare \u0219i sus\u021binere.<\/li>\n<li><strong>Materiale de \u00eenalt\u0103 calitate:<\/strong>\u00a0Fa\u021ba de pern\u0103 tip pan\u0103 este fabricat\u0103 din p\u00e2nz\u0103 de \u00eenalt\u0103 calitate, rezistent\u0103 \u0219i durabil\u0103, cu o permeabilitate foarte bun\u0103 la aer; adopt\u0103 o tehnologie reactiv\u0103 de imprimare \u0219i vopsire, care nu se decoloreaz\u0103; miezul interior este umplut cu fibr\u0103 de poliester de \u00eenalt\u0103 calitate, elastic\u0103, care \u00ee\u0219i poate men\u021bine o form\u0103 stabil\u0103 f\u0103r\u0103 a se pr\u0103bu\u0219i.<\/li>\n<li><strong>Utilizare multifunc\u021bional\u0103:<\/strong>\u00a0Aceast\u0103 pern\u0103 cu form\u0103 curbat\u0103 poate men\u021bine anumite p\u0103r\u021bi ale corpului ridicate. Prin urmare, ajut\u0103 la ameliorarea anumitor afec\u021biuni medicale, cum ar fi sfor\u0103itul sau refluxul acid. \u00cen plus, poate ajuta femeile \u00eens\u0103rcinate s\u0103 evite r\u0103sucirea \u0219i s\u0103 men\u021bin\u0103 o pozi\u021bie de dormit pe o parte sau o poate folosi ca pern\u0103 lombar\u0103 pentru a reduce presiunea lombar\u0103. Pe l\u00e2ng\u0103 utilizarea acestei perne pentru sp\u0103tar pe pat, aceasta poate fi folosit\u0103 \u0219i pe canapea, pe podeaua zonei de joac\u0103 pentru copii, pe mobilierul de gr\u0103din\u0103.<\/li>\n<li><strong>Design excelent de imprimare:<\/strong>\u00a0Aceast\u0103 serie de perne de pozi\u021bionare, decorate \u00een culori str\u0103lucitoare, adaug\u0103 str\u0103lucire dormitorului t\u0103u. Stil pastoral \u201cmuzic\u0103 de p\u0103dure\u201d, stil retro \u201cziar vechi\u201d, stil literar \u201cfluture albastru\u201d, stil realist \u201chart\u0103 c\u0103mil\u0103\u201d, cu siguran\u021b\u0103 vei g\u0103si culoarea care \u021bi se potrive\u0219te personalit\u0103\u021bii. Este o pern\u0103 bun\u0103 pentru citit, at\u00e2t pentru b\u0103ie\u021bi, c\u00e2t \u0219i pentru fete, sau pentru adul\u021bi. Este, de asemenea, un cadou minunat pentru copiii c\u0103rora le place s\u0103 citeasc\u0103 \u0219i le va face camera s\u0103 arate mai cool.<\/li>\n<li><strong>Fa\u021b\u0103 de pern\u0103 deta\u0219abil\u0103:<\/strong>\u00a0Fa\u021ba de pern\u0103, care are un fermoar metalic invizibil, poate fi u\u0219or \u00eendep\u0103rtat\u0103 \u0219i instalat\u0103 pe pern\u0103; este u\u0219or de cur\u0103\u021bat \u0219i potrivit\u0103 pentru sp\u0103larea la ma\u0219in\u0103; buzunarul lateral convenabil poate \u021bine oric\u00e2nd obiecte mici, cum ar fi telefoane mobile \u0219i ochelari.<\/li>\n<li><strong>Dimensiune:<\/strong>\u00a060x20x50cm.<\/li>\n<\/ul>","protected":false},"featured_media":1324,"comment_status":"open","ping_status":"closed","template":"","meta":[],"product_brand":[],"product_cat":[29],"product_tag":[60,82,81,78,79,80,59],"class_list":{"0":"post-1331","1":"product","2":"type-product","3":"status-publish","4":"has-post-thumbnail","6":"product_cat-large-reading-pillow","7":"product_tag-backrest-pillow","8":"product_tag-best-reading-pillow","9":"product_tag-curved-shape-pillow","10":"product_tag-ergonomic-pillow","11":"product_tag-lumbar-pillow","12":"product_tag-positioning-pillow","13":"product_tag-reading-pillow","15":"first","16":"instock","17":"shipping-taxable","18":"purchasable","19":"product-type-simple"},"_links":{"self":[{"href":"https:\/\/www.largepillow.com\/ro\/wp-json\/wp\/v2\/product\/1331","targetHints":{"allow":["GET"]}}],"collection":[{"href":"https:\/\/www.largepillow.com\/ro\/wp-json\/wp\/v2\/product"}],"about":[{"href":"https:\/\/www.largepillow.com\/ro\/wp-json\/wp\/v2\/types\/product"}],"replies":[{"embeddable":true,"href":"https:\/\/www.largepillow.com\/ro\/wp-json\/wp\/v2\/comments?post=1331"}],"wp:featuredmedia":[{"embeddable":true,"href":"https:\/\/www.largepillow.com\/ro\/wp-json\/wp\/v2\/media\/1324"}],"wp:attachment":[{"href":"https:\/\/www.largepillow.com\/ro\/wp-json\/wp\/v2\/media?parent=1331"}],"wp:term":[{"taxonomy":"product_brand","embeddable":true,"href":"https:\/\/www.largepillow.com\/ro\/wp-json\/wp\/v2\/product_brand?post=1331"},{"taxonomy":"product_cat","embeddable":true,"href":"https:\/\/www.largepillow.com\/ro\/wp-json\/wp\/v2\/product_cat?post=1331"},{"taxonomy":"product_tag","embeddable":true,"href":"https:\/\/www.largepillow.com\/ro\/wp-json\/wp\/v2\/product_tag?post=1331"}],"curies":[{"name":"wp","href":"https:\/\/api.w.org\/{rel}","templated":true}]}}