{"id":1347,"date":"2022-09-19T06:06:21","date_gmt":"2022-09-19T06:06:21","guid":{"rendered":"https:\/\/www.largepillow.com\/product\/bed-rest-reading-pillow"},"modified":"2025-11-26T14:31:14","modified_gmt":"2025-11-26T14:31:14","slug":"perna-de-citit-pentru-odihna-la-pat","status":"publish","type":"product","link":"https:\/\/www.largepillow.com\/ro\/product\/bed-rest-reading-pillow","title":{"rendered":"Pern\u0103 de citit pentru odihn\u0103 la pat"},"content":{"rendered":"<p>G\u0103se\u0219te perna perfect\u0103 pentru citit, pentru a te relaxa \u00een pat<\/p>\n<p>Dac\u0103 v\u0103 place s\u0103 citi\u021bi, s\u0103 v\u0103 uita\u021bi la televizor sau s\u0103 v\u0103 relaxa\u021bi \u00een pat, este esen\u021bial s\u0103 ave\u021bi suportul potrivit pentru spate \u0219i g\u00e2t. V\u0103 prezent\u0103m perna de citit Bed Rest - perna perfect\u0103 pentru a sta confortabil \u00een pat. Cu designul s\u0103u extra \u00eenalt \u0219i curbat, aceast\u0103 pern\u0103 ofer\u0103 un suport excelent pentru spate \u0219i g\u00e2t, permi\u021b\u00e2ndu-v\u0103 s\u0103 v\u0103 bucura\u021bi de activit\u0103\u021bile preferate \u00een confort total.<\/p>\n<p>Fabricat\u0103 din bumbac moale 100%, cu o hus\u0103 elegant\u0103 imprimat\u0103, perna de citit Bed Rest se remarc\u0103 prin materialele \u0219i construc\u021bia sa de calitate premium. Cu o \u00een\u0103l\u021bime de 60 cm, este mai \u00eenalt\u0103 dec\u00e2t o pern\u0103 standard cu pan\u0103, protej\u00e2nd perfect partea superioar\u0103 a corpului. Sp\u0103tarul umplut se muleaz\u0103 frumos pentru a oferi amortizare \u0219i sus\u021binere \u00een locurile potrivite. <\/p>\n<p>Dup\u0103 cum a spus un client mul\u021bumit: \u201c\u00cemi place foarte mult aceast\u0103 pern\u0103 de citit! Face cititul \u00een pat mult mai confortabil, sus\u021bin\u00e2ndu-mi spatele \u0219i g\u00e2tul. Pot sta relaxat\u0103 ore \u00eentregi f\u0103r\u0103 s\u0103 m\u0103 doar\u0103.\u201d<\/p>\n<p>Cu designul s\u0103u u\u0219or \u0219i portabil, pute\u021bi folosi aceast\u0103 pern\u0103 versatil\u0103 \u00een pat, pe canapea sau chiar o pute\u021bi lua cu dumneavoastr\u0103 \u00een c\u0103l\u0103torii. Este echipat\u0103 cu un buzunar lateral convenabil pentru a \u021bine telefonul, tableta sau telecomanda televizorului atunci c\u00e2nd este utilizat\u0103. <\/p>\n<p>Pentru acele zile lungi \u00een care vrei doar s\u0103 te cuib\u0103re\u0219ti confortabil cu o carte bun\u0103 sau s\u0103 te ui\u021bi la emisiunile tale preferate, perna de citit Bed Rest este un companion ideal. Designul s\u0103u ergonomic \u00ee\u021bi permite s\u0103 te r\u0103sfe\u021bi ore \u00eentregi f\u0103r\u0103 disconfort. <\/p>\n<p>A\u0219adar, de ce s\u0103 mai a\u0219tep\u021bi? Ia-\u021bi perna perfect\u0103 pentru citit \u0219i relaxare chiar azi!<\/p>","protected":false},"excerpt":{"rendered":"<ul>\n<li>Perfect\u0103 pentru a sta jos \u00een pat: Perna noastr\u0103 confortabil\u0103 de citit cu form\u0103 de pan\u0103 ofer\u0103 un suport excelent pentru spatele celor c\u0103rora le place s\u0103 citeasc\u0103 sau s\u0103 lucreze \u00een pat, s\u0103 se uite la televizor sau s\u0103 se relaxeze. Este perfect\u0103 pentru t\u0103bliile patului, canapelele de zi \u0219i canapelele, oferind un sp\u0103tar confortabil \u0219i cu sus\u021binere.<\/li>\n<li>Design extra-\u00eenalt: Perna noastr\u0103 de citit are un design curbat unic, care ofer\u0103 suport suplimentar pentru spate \u0219i g\u00e2t. Cu o \u00een\u0103l\u021bime de 60 cm, perna noastr\u0103 cu pan\u0103 este mai \u00eenalt\u0103 dec\u00e2t majoritatea pernelor cu pan\u0103 tradi\u021bionale, oferind un suport superior pentru cap \u0219i partea superioar\u0103 a corpului.<\/li>\n<li>Materiale premium: Perna noastr\u0103 este umplut\u0103 cu bumbac 100% de \u00eenalt\u0103 calitate, moale, ofer\u0103 sus\u021binere \u0219i este durabil\u0103. Husa din material imprimat adaug\u0103 o not\u0103 de stil dormitorului sau camerei de zi. Perna de sp\u0103tar umplut\u0103 ofer\u0103 suportul \u0219i amortizarea perfect\u0103 pentru spate \u0219i g\u00e2t.<\/li>\n<li>Buzunar lateral convenabil: Perna noastr\u0103 de citit tip pan\u0103 este dotat\u0103 cu un buzunar lateral, oferind un loc convenabil pentru a depozita telefonul, tableta sau alte obiecte mici \u00een timp ce v\u0103 relaxa\u021bi \u00een pat.<\/li>\n<li>Versatil\u0103 \u0219i portabil\u0103: Perna noastr\u0103 de citit este u\u0219oar\u0103 \u0219i u\u0219or de mutat, fiind perfect\u0103 pentru utilizare \u00een diferite zone ale casei. O pute\u021bi folosi \u00een dormitor, \u00een sufragerie sau chiar o pute\u021bi lua cu dumneavoastr\u0103 atunci c\u00e2nd c\u0103l\u0103tori\u021bi.<\/li>\n<li>Dimensiuni: 60*27*60cm.<\/li>\n<\/ul>","protected":false},"featured_media":1341,"comment_status":"open","ping_status":"closed","template":"","meta":[],"product_brand":[],"product_cat":[29],"product_tag":[66,60,77,75,74,76,59],"class_list":{"0":"post-1347","1":"product","2":"type-product","3":"status-publish","4":"has-post-thumbnail","6":"product_cat-large-reading-pillow","7":"product_tag-back-support-pillow","8":"product_tag-backrest-pillow","9":"product_tag-bed-rest-pillow","10":"product_tag-daybed-pillow","11":"product_tag-living-room-pillow","12":"product_tag-neck-support-pillow","13":"product_tag-reading-pillow","15":"first","16":"instock","17":"featured","18":"shipping-taxable","19":"purchasable","20":"product-type-simple"},"_links":{"self":[{"href":"https:\/\/www.largepillow.com\/ro\/wp-json\/wp\/v2\/product\/1347","targetHints":{"allow":["GET"]}}],"collection":[{"href":"https:\/\/www.largepillow.com\/ro\/wp-json\/wp\/v2\/product"}],"about":[{"href":"https:\/\/www.largepillow.com\/ro\/wp-json\/wp\/v2\/types\/product"}],"replies":[{"embeddable":true,"href":"https:\/\/www.largepillow.com\/ro\/wp-json\/wp\/v2\/comments?post=1347"}],"wp:featuredmedia":[{"embeddable":true,"href":"https:\/\/www.largepillow.com\/ro\/wp-json\/wp\/v2\/media\/1341"}],"wp:attachment":[{"href":"https:\/\/www.largepillow.com\/ro\/wp-json\/wp\/v2\/media?parent=1347"}],"wp:term":[{"taxonomy":"product_brand","embeddable":true,"href":"https:\/\/www.largepillow.com\/ro\/wp-json\/wp\/v2\/product_brand?post=1347"},{"taxonomy":"product_cat","embeddable":true,"href":"https:\/\/www.largepillow.com\/ro\/wp-json\/wp\/v2\/product_cat?post=1347"},{"taxonomy":"product_tag","embeddable":true,"href":"https:\/\/www.largepillow.com\/ro\/wp-json\/wp\/v2\/product_tag?post=1347"}],"curies":[{"name":"wp","href":"https:\/\/api.w.org\/{rel}","templated":true}]}}