{"id":1441,"date":"2022-09-20T02:49:25","date_gmt":"2022-09-20T02:49:25","guid":{"rendered":"https:\/\/www.largepillow.com\/product\/huge-rock-pillows-living-stones-pillows-living-pillows-pebble-pillows-pre-filled-christmas-present-max-size-light-gray-9003"},"modified":"2024-10-03T16:31:34","modified_gmt":"2024-10-03T16:31:34","slug":"perne-livingstones","status":"publish","type":"product","link":"https:\/\/www.largepillow.com\/ro\/product\/livingstones-pillows","title":{"rendered":"Perne Livingstones"},"content":{"rendered":"[zc_getpagecontent mb=&#8221;mb_aplus&#8221; apid=&#8221;21&#8243;]\n","protected":false},"excerpt":{"rendered":"<ul>\n<li><strong>Pern\u0103 de exterior 3D Verisimilar:<\/strong> La prima vedere, nu ve\u021bi crede niciodat\u0103 c\u0103 este vorba doar de o pern\u0103 decorativ\u0103. Prin design ingenios, combin\u0103m perfect perna confortabil\u0103 cu \u201epiatra\u201d. Forma de elips\u0103 \u0219i curba sub\u021bire le fac s\u0103 arate ca ni\u0219te pietre adev\u0103rate. Amestecarea \u0219i potrivirea culorilor \u00eenchise \u0219i deschise poate ad\u0103uga schimb\u0103ri vizuale bogate camerei dvs. \u0219i o poate face distractiv\u0103. Aceste perne decorative vii fac din casa noastr\u0103 un loc interesant.<\/li>\n<li><strong>Perne decorative pentru diferite ocazii:<\/strong> Pernele noastre pot fi folosite ca decora\u021biuni pentru a satisface diferitele nevoi \u00een mai multe ocazii. Pune\u021bi-le \u00een interior pentru a da camerei o arom\u0103 natural\u0103. Pune\u021bi-le afar\u0103, \u00een gr\u0103din\u0103, pe teras\u0103, la piscin\u0103 etc. Pute\u021bi reveni la integrarea perfect\u0103 \u0219i v\u0103 pute\u021bi sim\u021bi confortabil; Folosite pentru a decora camera copiilor, pot crea un parc de joac\u0103.<\/li>\n<li><strong>Perne creative multifunc\u021bionale:<\/strong> Pernele noastre pufoase nu pot fi folosite doar ca perne decorative \u00een orice col\u021b de interior\/exterior, ci pot fi folosite \u0219i ca juc\u0103rii pentru copii, astfel \u00eenc\u00e2t ace\u0219tia s\u0103 se poat\u0103 juca dup\u0103 bunul plac \u0219i s\u0103-\u0219i exprime sentimentele \u00een joc. Pernele mari pentru canapea pot fi folosite \u0219i ca \u0219ezut creativ, iar cele mici pentru canapea. Pernele decorative cu diferite forme sunt, de asemenea, o alegere bun\u0103 pentru recuzit\u0103 foto.<\/li>\n<li><strong>Pern\u0103 din piatr\u0103 simulat\u0103 de \u00eenalt\u0103 calitate:<\/strong> Materiale din catifea scurt\u0103, super moi, selectate, moi \u0219i confortabile. Pernele decorative sunt umplute (poliester), pufoase \u0219i moi, cu o elasticitate bun\u0103. Designul cu fermoar invizibil face ca fa\u021ba de pern\u0103 s\u0103 fie u\u0219or de dezasamblat. Cu tehnologie reactiv\u0103 de imprimare \u0219i vopsire, de la selec\u021bia materialului la fixarea culorii, deschiz\u00e2nd dimensionarea, modelarea p\u00e2n\u0103 la produsul finit, fiecare pas este implementat cu stricte\u021be.<\/li>\n<li><strong>Pachet \u0219i dimensiune:<\/strong> Fiecare pachet con\u021bine 1 set de 6 perne de exterior de dimensiuni diferite, concepute \u00een forme ovale neregulate, asem\u0103n\u0103toare cu pietrele. Dimensiunile sunt: 100\u00d750 \/ 50\u00d735 \/ 50\u00d725 \/ 35\u00d723 \/ 30\u00d715 \/ 18x10cm.<\/li>\n<\/ul>","protected":false},"featured_media":1430,"comment_status":"open","ping_status":"closed","template":"","meta":[],"product_brand":[],"product_cat":[30],"product_tag":[58,57,53,56,52,54,51,55,50],"class_list":{"0":"post-1441","1":"product","2":"type-product","3":"status-publish","4":"has-post-thumbnail","6":"product_cat-large-rock-pillow","7":"product_tag-floor-cushion","8":"product_tag-floor-pillow","9":"product_tag-livingstones","10":"product_tag-pebble-cushion","11":"product_tag-pebble-pillow","12":"product_tag-rock-cushion","13":"product_tag-rock-pillow","14":"product_tag-stone-cushion","15":"product_tag-stone-pillow","17":"first","18":"instock","19":"featured","20":"shipping-taxable","21":"purchasable","22":"product-type-variable","23":"has-default-attributes"},"_links":{"self":[{"href":"https:\/\/www.largepillow.com\/ro\/wp-json\/wp\/v2\/product\/1441","targetHints":{"allow":["GET"]}}],"collection":[{"href":"https:\/\/www.largepillow.com\/ro\/wp-json\/wp\/v2\/product"}],"about":[{"href":"https:\/\/www.largepillow.com\/ro\/wp-json\/wp\/v2\/types\/product"}],"replies":[{"embeddable":true,"href":"https:\/\/www.largepillow.com\/ro\/wp-json\/wp\/v2\/comments?post=1441"}],"wp:featuredmedia":[{"embeddable":true,"href":"https:\/\/www.largepillow.com\/ro\/wp-json\/wp\/v2\/media\/1430"}],"wp:attachment":[{"href":"https:\/\/www.largepillow.com\/ro\/wp-json\/wp\/v2\/media?parent=1441"}],"wp:term":[{"taxonomy":"product_brand","embeddable":true,"href":"https:\/\/www.largepillow.com\/ro\/wp-json\/wp\/v2\/product_brand?post=1441"},{"taxonomy":"product_cat","embeddable":true,"href":"https:\/\/www.largepillow.com\/ro\/wp-json\/wp\/v2\/product_cat?post=1441"},{"taxonomy":"product_tag","embeddable":true,"href":"https:\/\/www.largepillow.com\/ro\/wp-json\/wp\/v2\/product_tag?post=1441"}],"curies":[{"name":"wp","href":"https:\/\/api.w.org\/{rel}","templated":true}]}}