{"id":15142,"date":"2025-10-28T03:27:18","date_gmt":"2025-10-28T03:27:18","guid":{"rendered":"https:\/\/www.largepillow.com\/product\/ergonomic-freestanding-back-pillow-for-reading-relaxation-support"},"modified":"2025-10-28T03:31:57","modified_gmt":"2025-10-28T03:31:57","slug":"perna-ergonomica-de-spate-independenta-pentru-sustinerea-relaxarii-cititului","status":"publish","type":"product","link":"https:\/\/www.largepillow.com\/ro\/product\/ergonomic-freestanding-back-pillow-for-reading-relaxation-support","title":{"rendered":"Pern\u0103 ergonomic\u0103 independent\u0103 pentru spate, pentru citit, relaxare \u0219i sus\u021binere"},"content":{"rendered":"[zc_getpagecontent mb=&#8221;mb_aplus&#8221; apid=&#8221;146&#8243;]\n","protected":false},"excerpt":{"rendered":"<ul>\n<li>Design unic \u00een form\u0103 de carambol\u0103 pentru confort natural: Inspirat\u0103 de forma moale \u0219i rotunjit\u0103 a carambolei, aceast\u0103 pern\u0103 pentru spate v\u0103 sus\u021bine spatele \u0219i umerii cu precizie ergonomic\u0103. Designul s\u0103u sculptural adaug\u0103 at\u00e2t confort, c\u00e2t \u0219i farmec estetic spa\u021biului dumneavoastr\u0103 de locuit.<\/li>\n<li>Suport independent: Spre deosebire de pernele obi\u0219nuite pentru citit care trebuie s\u0103 se sprijine de un perete sau de o t\u0103blie de pat, aceast\u0103 pern\u0103 st\u0103 singur\u0103. Bucura\u021bi-v\u0103 de un suport stabil pentru spate pe pat, canapea sau podea - oriunde dori\u021bi s\u0103 v\u0103 relaxa\u021bi.<\/li>\n<li>Umplutur\u0103 cu dou\u0103 straturi, confort echilibrat: Construit\u0103 cu un miez ferm de spum\u0103 \u00eenconjurat de bumbac PP moale, oferind at\u00e2t stabilitate, c\u00e2t \u0219i moliciune. \u00ce\u0219i men\u021bine forma complet\u0103 \u0219i suportul chiar \u0219i dup\u0103 o utilizare zilnic\u0103 \u00eendelungat\u0103.<\/li>\n<li>Material moale din chenille cu baz\u0103 antiderapant\u0103: Acoperit\u0103 cu un material respirabil din chenille \u0219i amestec de in, care ofer\u0103 o senza\u021bie de confort \u0219i rafinament. Baza texturat\u0103 antiderapant\u0103 asigur\u0103 o fixare sigur\u0103 \u00een timpul utiliz\u0103rii.<\/li>\n<li>Potrivit pentru citit, relaxare \u0219i lenevire: Ideal pentru adul\u021bi, adolescen\u021bi \u0219i pentru via\u021ba de c\u0103min. Fie c\u0103 cite\u0219ti o carte, te ui\u021bi la televizor sau pur \u0219i simplu te relaxezi, aceast\u0103 pern\u0103 pentru spate creeaz\u0103 o zon\u0103 de confort cald\u0103 \u0219i comun\u0103 pentru unul sau doi utilizatori.<\/li>\n<\/ul>","protected":false},"featured_media":15132,"comment_status":"open","ping_status":"closed","template":"","meta":[],"product_brand":[],"product_cat":[228],"product_tag":[],"class_list":{"0":"post-15142","1":"product","2":"type-product","3":"status-publish","4":"has-post-thumbnail","6":"product_cat-cushions","8":"first","9":"instock","10":"sold-individually","11":"shipping-taxable","12":"purchasable","13":"product-type-simple"},"_links":{"self":[{"href":"https:\/\/www.largepillow.com\/ro\/wp-json\/wp\/v2\/product\/15142","targetHints":{"allow":["GET"]}}],"collection":[{"href":"https:\/\/www.largepillow.com\/ro\/wp-json\/wp\/v2\/product"}],"about":[{"href":"https:\/\/www.largepillow.com\/ro\/wp-json\/wp\/v2\/types\/product"}],"replies":[{"embeddable":true,"href":"https:\/\/www.largepillow.com\/ro\/wp-json\/wp\/v2\/comments?post=15142"}],"wp:featuredmedia":[{"embeddable":true,"href":"https:\/\/www.largepillow.com\/ro\/wp-json\/wp\/v2\/media\/15132"}],"wp:attachment":[{"href":"https:\/\/www.largepillow.com\/ro\/wp-json\/wp\/v2\/media?parent=15142"}],"wp:term":[{"taxonomy":"product_brand","embeddable":true,"href":"https:\/\/www.largepillow.com\/ro\/wp-json\/wp\/v2\/product_brand?post=15142"},{"taxonomy":"product_cat","embeddable":true,"href":"https:\/\/www.largepillow.com\/ro\/wp-json\/wp\/v2\/product_cat?post=15142"},{"taxonomy":"product_tag","embeddable":true,"href":"https:\/\/www.largepillow.com\/ro\/wp-json\/wp\/v2\/product_tag?post=15142"}],"curies":[{"name":"wp","href":"https:\/\/api.w.org\/{rel}","templated":true}]}}