{"id":15391,"date":"2025-11-08T12:46:13","date_gmt":"2025-11-08T12:46:13","guid":{"rendered":"https:\/\/www.largepillow.com\/product\/fluffy-cloud-bean-bag-chair-plush-lounge-seat-for-reading-gaming"},"modified":"2025-11-09T08:47:35","modified_gmt":"2025-11-09T08:47:35","slug":"fotoliu-pufos-tip-sac-de-fasole-model-nor-scaun-de-plus-pentru-citit-si-jocuri","status":"publish","type":"product","link":"https:\/\/www.largepillow.com\/ro\/product\/fluffy-cloud-bean-bag-chair-plush-lounge-seat-for-reading-gaming","title":{"rendered":"Fotoliu pufos Fluffy Cloud \u2013 \u0218ezut confortabil pentru citit \u0219i jocuri"},"content":{"rendered":"[zc_getpagecontent mb=&#8221;mb_aplus&#8221; apid=&#8221;147&#8243;]\n","protected":false},"excerpt":{"rendered":"<ul>\n<li>CONFORT CA UN NOR: Proiectat cu umplutur\u0103 din bumbac PP de \u00eenalt\u0103 calitate, acest fotoliu puf se muleaz\u0103 pe forma corpului t\u0103u, oferind un suport asem\u0103n\u0103tor unui nor pentru citit, medita\u021bie sau somn. Perfect pentru adul\u021bi \u0219i copii care caut\u0103 relaxare suprem\u0103.<\/li>\n<li>UTILIZARE VERSATIL\u0102 \u00ceN INTERIOR: Ideal ca fotoliu decorativ pentru sufragerii, un col\u021b de lectur\u0103 confortabil sau o banchet\u0103 juc\u0103u\u0219\u0103 pentru serile de jocuri\/filme. Stilul s\u0103u minimalist se \u00eembin\u0103 perfect cu decorul modern, boem sau scandinav.<\/li>\n<li>DURABIL \u0218I U\u0218OR DE CUR\u0102\u021aAT: Fabricat din material premium de catifea Plush Velvet, prietenos cu pielea, rezistent la pete \u0219i lavabil la ma\u0219in\u0103. Cus\u0103turile duble \u00eent\u0103rite asigur\u0103 o utilizare de lung\u0103 durat\u0103, chiar \u0219i \u00een timpul relax\u0103rii zilnice sau al tov\u0103r\u0103\u0219iei animalelor de companie.<\/li>\n<li>\u200bERGONOMIC \u0218I ECONOMISE\u0218TE SPA\u021aIU\u200b: Designul curbat al modelului de nor v\u0103 sus\u021bine spatele \u0219i \u0219oldurile \u00een mod natural, promov\u00e2nd o postur\u0103 s\u0103n\u0103toas\u0103. U\u0219or \u0219i portabil, poate fi mutat cu u\u0219urin\u021b\u0103 pentru a crea un loc confortabil oriunde \u00een casa dumneavoastr\u0103.<\/li>\n<li>IDEE DE CADOU PERFECT\u0102: Fie c\u0103 este vorba de o cas\u0103 nou\u0103, o zi de na\u0219tere sau un cadou de s\u0103rb\u0103tori, acest fotoliu fermec\u0103tor \u00een form\u0103 de nor aduce bucurie \u0219i confort utilizatorilor de toate v\u00e2rstele.<\/li>\n<\/ul>","protected":false},"featured_media":15376,"comment_status":"open","ping_status":"closed","template":"","meta":[],"product_brand":[],"product_cat":[228],"product_tag":[],"class_list":{"0":"post-15391","1":"product","2":"type-product","3":"status-publish","4":"has-post-thumbnail","6":"product_cat-cushions","8":"first","9":"instock","10":"sold-individually","11":"shipping-taxable","12":"purchasable","13":"product-type-simple"},"_links":{"self":[{"href":"https:\/\/www.largepillow.com\/ro\/wp-json\/wp\/v2\/product\/15391","targetHints":{"allow":["GET"]}}],"collection":[{"href":"https:\/\/www.largepillow.com\/ro\/wp-json\/wp\/v2\/product"}],"about":[{"href":"https:\/\/www.largepillow.com\/ro\/wp-json\/wp\/v2\/types\/product"}],"replies":[{"embeddable":true,"href":"https:\/\/www.largepillow.com\/ro\/wp-json\/wp\/v2\/comments?post=15391"}],"wp:featuredmedia":[{"embeddable":true,"href":"https:\/\/www.largepillow.com\/ro\/wp-json\/wp\/v2\/media\/15376"}],"wp:attachment":[{"href":"https:\/\/www.largepillow.com\/ro\/wp-json\/wp\/v2\/media?parent=15391"}],"wp:term":[{"taxonomy":"product_brand","embeddable":true,"href":"https:\/\/www.largepillow.com\/ro\/wp-json\/wp\/v2\/product_brand?post=15391"},{"taxonomy":"product_cat","embeddable":true,"href":"https:\/\/www.largepillow.com\/ro\/wp-json\/wp\/v2\/product_cat?post=15391"},{"taxonomy":"product_tag","embeddable":true,"href":"https:\/\/www.largepillow.com\/ro\/wp-json\/wp\/v2\/product_tag?post=15391"}],"curies":[{"name":"wp","href":"https:\/\/api.w.org\/{rel}","templated":true}]}}