{"id":15408,"date":"2025-11-08T13:13:48","date_gmt":"2025-11-08T13:13:48","guid":{"rendered":"https:\/\/www.largepillow.com\/product\/oversized-bean-bag-chair-for-adults-high-back-corduroy-floor-sofa-lounger"},"modified":"2025-11-09T08:47:35","modified_gmt":"2025-11-09T08:47:35","slug":"fotoliu-tip-sac-de-fasole-supradimensionat-pentru-adulti-canapea-de-podea-cu-spatar-inalt-din-catifea-reiata-sezlong","status":"publish","type":"product","link":"https:\/\/www.largepillow.com\/ro\/product\/oversized-bean-bag-chair-for-adults-high-back-corduroy-floor-sofa-lounger\/","title":{"rendered":"Fotoliu tip puf supradimensionat pentru adul\u021bi, canapea extensibil\u0103 cu sp\u0103tar \u00eenalt din catifea reiat\u0103"},"content":{"rendered":"[zc_getpagecontent mb=&#8221;mb_aplus&#8221; apid=&#8221;149&#8243;]\n","protected":false},"excerpt":{"rendered":"<ul>\n<li>Confort complet, design supradimensionat: Aceast\u0103 canapea tip puf gigantic\u0103 este umplut\u0103 cu bumbac PP pufos pentru un confort asem\u0103n\u0103tor norilor. Dimensiunile sale generoase de 145x89x84 cm v\u0103 ofer\u0103 spa\u021biu pentru a v\u0103 a\u0219eza, a v\u0103 \u00eentinde sau a v\u0103 cuib\u0103ri \u00een voie.<\/li>\n<li>Sp\u0103tar \u00eenalt pe 3 laturi pentru suport \u0219i siguran\u021b\u0103: Sp\u0103tarul \u00eenalt pe trei laturi ofer\u0103 suport pentru umeri, bra\u021be \u0219i spate \u2013 \u00eenv\u0103luindu-v\u0103 \u00eentr-un cocon de confort \u0219i oferindu-v\u0103 acel sentiment de siguran\u021b\u0103.<\/li>\n<li>Loc de relaxare confortabil pentru familie: Perfect pentru seri de film, maratoane de jocuri sau weekenduri relaxante. Aceast\u0103 canapea tip puf poate g\u0103zdui doi adul\u021bi sau un cuplu cu copii \u2013 cre\u00e2nd un refugiu confortabil comun.<\/li>\n<li>Hus\u0103 din catifea reiat\u0103 moale, c\u0103lduroas\u0103 \u0219i durabil\u0103: Fabricat\u0103 din material premium din catifea reiat\u0103, moale la atingere, prietenoas\u0103 cu pielea \u0219i rezistent\u0103 la uzur\u0103. Textura adaug\u0103 un accent elegant \u0219i cald spa\u021biului dumneavoastr\u0103 de locuit.<\/li>\n<li>F\u0103r\u0103 asamblare, doar pufnire \u0219i relaxare: Sose\u0219te complet umplut - despacheta\u021bi, pufni\u021bi \u0219i este gata. Perfect pentru camere de zi, dormitoare sau col\u021buri de lectur\u0103. (Hus\u0103 nedeta\u0219abil\u0103; doar cur\u0103\u021bare pete.)<\/li>\n<\/ul>","protected":false},"featured_media":15393,"comment_status":"open","ping_status":"closed","template":"","meta":[],"product_brand":[],"product_cat":[228],"product_tag":[],"class_list":{"0":"post-15408","1":"product","2":"type-product","3":"status-publish","4":"has-post-thumbnail","6":"product_cat-cushions","8":"first","9":"instock","10":"sold-individually","11":"shipping-taxable","12":"purchasable","13":"product-type-simple"},"_links":{"self":[{"href":"https:\/\/www.largepillow.com\/ro\/wp-json\/wp\/v2\/product\/15408","targetHints":{"allow":["GET"]}}],"collection":[{"href":"https:\/\/www.largepillow.com\/ro\/wp-json\/wp\/v2\/product"}],"about":[{"href":"https:\/\/www.largepillow.com\/ro\/wp-json\/wp\/v2\/types\/product"}],"replies":[{"embeddable":true,"href":"https:\/\/www.largepillow.com\/ro\/wp-json\/wp\/v2\/comments?post=15408"}],"wp:featuredmedia":[{"embeddable":true,"href":"https:\/\/www.largepillow.com\/ro\/wp-json\/wp\/v2\/media\/15393"}],"wp:attachment":[{"href":"https:\/\/www.largepillow.com\/ro\/wp-json\/wp\/v2\/media?parent=15408"}],"wp:term":[{"taxonomy":"product_brand","embeddable":true,"href":"https:\/\/www.largepillow.com\/ro\/wp-json\/wp\/v2\/product_brand?post=15408"},{"taxonomy":"product_cat","embeddable":true,"href":"https:\/\/www.largepillow.com\/ro\/wp-json\/wp\/v2\/product_cat?post=15408"},{"taxonomy":"product_tag","embeddable":true,"href":"https:\/\/www.largepillow.com\/ro\/wp-json\/wp\/v2\/product_tag?post=15408"}],"curies":[{"name":"wp","href":"https:\/\/api.w.org\/{rel}","templated":true}]}}