{"id":15419,"date":"2025-11-08T13:23:19","date_gmt":"2025-11-08T13:23:19","guid":{"rendered":"https:\/\/www.largepillow.com\/product\/folding-futon-sofa-bed-convertible-sleeper-chair-for-living-room-bedroom"},"modified":"2026-03-12T02:42:39","modified_gmt":"2026-03-12T02:42:39","slug":"canapea-extensibila-pliabila-futon-fotoliu-convertibil-pentru-living-si-dormitor","status":"publish","type":"product","link":"https:\/\/www.largepillow.com\/ro\/product\/folding-futon-sofa-bed-convertible-sleeper-chair-for-living-room-bedroom","title":{"rendered":"Canapea extensibil\u0103 pliabil\u0103 Futon, fotoliu convertibil pentru sufragerie \u0219i dormitor"},"content":{"rendered":"[zc_getpagecontent mb=&#8221;mb_aplus&#8221; apid=&#8221;150&#8243;]\n","protected":false},"excerpt":{"rendered":"<ul>\n<li>Design estetic unic: Aceast\u0103 canapea extensibil\u0103 pliabil\u0103 prezint\u0103 un design color block \u00een nuan\u021be calde, maro \u0219i bej revigorant. Combina\u021bia de culori este simpl\u0103, dar modern\u0103, integr\u00e2ndu-se perfect \u00een diverse stiluri de decor. Sp\u0103tarul rotunjit unic \u0219i liniile laterale netede \u0219i curbate se desprind de aspectul rigid \u0219i tern al canapelelor pliabile tradi\u021bionale, infuz\u00e2nd spa\u021biului dvs. de locuit cu un gust, un design \u0219i un stil rafinate.<\/li>\n<li>Conversie f\u0103r\u0103 efort: Canapeaua extensibil\u0103 convertibil\u0103 poate fi pliat\u0103 \u0219i depliat\u0103 cu u\u0219urin\u021b\u0103 sau mutat\u0103 pe balcon sau pe teras\u0103, altern\u00e2nd \u00eentre o canapea confortabil\u0103 \u0219i un \u0219ezlong spa\u021bios. Indiferent dac\u0103 v\u0103 uita\u021bi la televizor, v\u0103 relaxa\u021bi sau trage\u021bi un pui de somn, aceast\u0103 canapea extensibil\u0103 pliabil\u0103 se adapteaz\u0103 instantaneu stilului dumneavoastr\u0103 de via\u021b\u0103.<\/li>\n<li>Confort superior: Fotoliul extensibil este fabricat dintr-o \u021bes\u0103tur\u0103 moale \u0219i confortabil\u0103 de catifea de culoarea norilor. Interiorul este umplut generos cu bumbac PP de \u00eenalt\u0103 calitate, oferind o experien\u021b\u0103 de confort \u201cf\u0103r\u0103 presiune\u201d, oferind \u00een acela\u0219i timp un suport stabil \u0219i de lung\u0103 durat\u0103, care rezist\u0103 la aplatizare, chiar \u0219i dup\u0103 o perioad\u0103 lung\u0103 de stat pe scaun sau \u00eentins. Designul mai lat \u0219i mai gros distribuie eficient presiunea corporal\u0103, oferind o experien\u021b\u0103 de relaxare cu adev\u0103rat profund\u0103 pentru un odihn\u0103 prelungit\u0103.<\/li>\n<li>Utilizare \u00een mai multe situa\u021bii: Sp\u0103tarul canapelei are o structur\u0103 triunghiular\u0103 unic\u0103, \u00eengro\u0219at\u0103, pentru un suport stabil \u0219i nedeformant, ceea ce \u00eenseamn\u0103 c\u0103 poate fi utilizat\u0103 oriunde f\u0103r\u0103 a fi nevoie s\u0103 se sprijine de un perete. Este perfect\u0103 pentru apartamente individuale, camere de zi, birouri de acas\u0103, camere de jocuri, dormitoare sau camere de oaspe\u021bi, fiind ideal\u0103 pentru a-\u021bi crea propriul col\u021b confortabil.<\/li>\n<li>Nu necesit\u0103 asamblare: Fotoliul extensibil este livrat \u00eentr-un ambalaj comprimat \u0219i sigilat \u00een vid, nenecesit\u00e2nd o asamblare complicat\u0103. Pur \u0219i simplu deschide\u021bi pachetul, tampona\u021bi u\u0219or articolul \u0219i a\u0219tepta\u021bi 48 de ore pentru ca acesta s\u0103-\u0219i recapete complet forma ini\u021bial\u0103 \u00eenainte de utilizare.<\/li>\n<\/ul>","protected":false},"featured_media":15409,"comment_status":"open","ping_status":"closed","template":"","meta":[],"product_brand":[],"product_cat":[228],"product_tag":[],"class_list":{"0":"post-15419","1":"product","2":"type-product","3":"status-publish","4":"has-post-thumbnail","6":"product_cat-cushions","8":"first","9":"instock","10":"sold-individually","11":"shipping-taxable","12":"purchasable","13":"product-type-simple"},"_links":{"self":[{"href":"https:\/\/www.largepillow.com\/ro\/wp-json\/wp\/v2\/product\/15419","targetHints":{"allow":["GET"]}}],"collection":[{"href":"https:\/\/www.largepillow.com\/ro\/wp-json\/wp\/v2\/product"}],"about":[{"href":"https:\/\/www.largepillow.com\/ro\/wp-json\/wp\/v2\/types\/product"}],"replies":[{"embeddable":true,"href":"https:\/\/www.largepillow.com\/ro\/wp-json\/wp\/v2\/comments?post=15419"}],"wp:featuredmedia":[{"embeddable":true,"href":"https:\/\/www.largepillow.com\/ro\/wp-json\/wp\/v2\/media\/15409"}],"wp:attachment":[{"href":"https:\/\/www.largepillow.com\/ro\/wp-json\/wp\/v2\/media?parent=15419"}],"wp:term":[{"taxonomy":"product_brand","embeddable":true,"href":"https:\/\/www.largepillow.com\/ro\/wp-json\/wp\/v2\/product_brand?post=15419"},{"taxonomy":"product_cat","embeddable":true,"href":"https:\/\/www.largepillow.com\/ro\/wp-json\/wp\/v2\/product_cat?post=15419"},{"taxonomy":"product_tag","embeddable":true,"href":"https:\/\/www.largepillow.com\/ro\/wp-json\/wp\/v2\/product_tag?post=15419"}],"curies":[{"name":"wp","href":"https:\/\/api.w.org\/{rel}","templated":true}]}}