{"id":15454,"date":"2025-11-08T14:09:25","date_gmt":"2025-11-08T14:09:25","guid":{"rendered":"https:\/\/www.largepillow.com\/product\/plush-recliner-chair-and-ottoman-set-modern-upholstered-lounge-sofa"},"modified":"2026-03-12T02:42:24","modified_gmt":"2026-03-12T02:42:24","slug":"set-fotoliu-reclinabil-si-otoman-modern-canapea-de-lounge-tapitata","status":"publish","type":"product","link":"https:\/\/www.largepillow.com\/ro\/product\/plush-recliner-chair-and-ottoman-set-modern-upholstered-lounge-sofa","title":{"rendered":"Set fotoliu reclinabil \u0219i otoman din plu\u0219, canapea modern\u0103 tapi\u021bat\u0103"},"content":{"rendered":"[zc_getpagecontent mb=&#8221;mb_aplus&#8221; apid=&#8221;153&#8243;]\n","protected":false},"excerpt":{"rendered":"<ul>\n<li>Confort de neegalat \u0219i design moale: Experimenta\u021bi relaxarea suprem\u0103 cu fotoliul reclinabil, conceput cu grij\u0103, cu o umplutur\u0103 din fibr\u0103 de poliester de \u00eenalt\u0103 densitate, care v\u0103 \u00eenv\u0103luie corpul \u00een moliciune. C\u0103ptu\u0219eala luxoas\u0103 din material moale v\u0103 \u00eembr\u0103\u021bi\u0219eaz\u0103 u\u0219or pielea, \u00een timp ce husa texturat\u0103 vopsit\u0103 \u00een fire adaug\u0103 elegan\u021b\u0103 \u0219i durabilitate. Perna de g\u00e2t plisat\u0103 complex spore\u0219te aspectul vizual, ad\u0103ug\u00e2nd nu doar o not\u0103 de lux, ci \u0219i sporind frumuse\u021bea oric\u0103rei camere.<\/li>\n<li>Scaune confortabile cu otoman: Acest \u0219ezlong de interior vine \u00eentr-un design din dou\u0103 piese, cu un \u0219ezut principal rabatabil \u0219i un otoman asortat pentru flexibilitate maxim\u0103. Otomanul asortat v\u0103 spore\u0219te confortul, servind \u00een acela\u0219i timp \u0219i ca loc suplimentar atunci c\u00e2nd este nevoie. Aceast\u0103 configura\u021bie de scaun rabatabil v\u0103 permite s\u0103 v\u0103 \u00eentinde\u021bi picioarele sau s\u0103 sta\u021bi confortabil \u00een pozi\u021bie vertical\u0103.<\/li>\n<li>Design ergonomic: Canapeaua lounge este conceput\u0103 ergonomic pentru a v\u0103 sus\u021bine spatele, g\u00e2tul \u0219i capul. Combina\u021bia structurat\u0103 de fotoliu reclinabil \u0219i suport pentru picioare se aliniaz\u0103 perfect cu corpul dumneavoastr\u0103, ajut\u00e2nd la reducerea oboselii \u0219i la sporirea relax\u0103rii. Indiferent dac\u0103 o utiliza\u021bi ca fotoliu de citit, ca decor pentru sufragerie sau ca tovar\u0103\u0219 de dormitor, acest \u0219ezlong de interior asigur\u0103 confort pentru adul\u021bi, adolescen\u021bi \u0219i chiar animale de companie.<\/li>\n<li>Diverse aplica\u021bii: Indiferent dac\u0103 amplasa\u021bi acest \u0219ezlong \u00een interior, \u00eentr-un c\u0103min, dormitor, balcon sau col\u021b de lectur\u0103, acesta adaug\u0103 o not\u0103 confortabil\u0103 \u0219i modern\u0103. Canapeaua lounge este perfect\u0103 pentru adul\u021bi, adolescen\u021bi \u0219i chiar animale de companie, oferind o solu\u021bie multifunc\u021bional\u0103 \u0219i relaxant\u0103 pentru \u0219ezut. Materialul s\u0103u moale \u0219i plu\u0219at asigur\u0103 un confort de lung\u0103 durat\u0103 \u00een timpul oric\u0103rei activit\u0103\u021bi, de la pauzele de lucru p\u00e2n\u0103 la relaxarea casual.<\/li>\n<li>F\u0103r\u0103 asamblare: Pur \u0219i simplu \u00eendep\u0103rta\u021bi ambalajul vidat, iar fotoliul reclinabil \u0219i otomanul vor reveni la starea lor ini\u021bial\u0103 \u00een termen de 24-48 de ore. V\u0103 rug\u0103m s\u0103 re\u021bine\u021bi c\u0103 canapeaua va fi livrat\u0103 \u00een dou\u0103 cutii separate \u0219i poate ajunge la momente diferite. Odat\u0103 complet extinse, fotoliul reclinabil \u0219i canapeaua lounge v\u0103 vor oferi un refugiu confortabil care combin\u0103 designul de \u00eenalt\u0103 calitate, confortul \u0219i caracterul practic.<\/li>\n<\/ul>","protected":false},"featured_media":15440,"comment_status":"open","ping_status":"closed","template":"","meta":[],"product_brand":[],"product_cat":[228],"product_tag":[],"class_list":{"0":"post-15454","1":"product","2":"type-product","3":"status-publish","4":"has-post-thumbnail","6":"product_cat-cushions","8":"first","9":"instock","10":"sold-individually","11":"shipping-taxable","12":"purchasable","13":"product-type-simple"},"_links":{"self":[{"href":"https:\/\/www.largepillow.com\/ro\/wp-json\/wp\/v2\/product\/15454","targetHints":{"allow":["GET"]}}],"collection":[{"href":"https:\/\/www.largepillow.com\/ro\/wp-json\/wp\/v2\/product"}],"about":[{"href":"https:\/\/www.largepillow.com\/ro\/wp-json\/wp\/v2\/types\/product"}],"replies":[{"embeddable":true,"href":"https:\/\/www.largepillow.com\/ro\/wp-json\/wp\/v2\/comments?post=15454"}],"wp:featuredmedia":[{"embeddable":true,"href":"https:\/\/www.largepillow.com\/ro\/wp-json\/wp\/v2\/media\/15440"}],"wp:attachment":[{"href":"https:\/\/www.largepillow.com\/ro\/wp-json\/wp\/v2\/media?parent=15454"}],"wp:term":[{"taxonomy":"product_brand","embeddable":true,"href":"https:\/\/www.largepillow.com\/ro\/wp-json\/wp\/v2\/product_brand?post=15454"},{"taxonomy":"product_cat","embeddable":true,"href":"https:\/\/www.largepillow.com\/ro\/wp-json\/wp\/v2\/product_cat?post=15454"},{"taxonomy":"product_tag","embeddable":true,"href":"https:\/\/www.largepillow.com\/ro\/wp-json\/wp\/v2\/product_tag?post=15454"}],"curies":[{"name":"wp","href":"https:\/\/api.w.org\/{rel}","templated":true}]}}