{"id":15464,"date":"2025-11-08T15:02:43","date_gmt":"2025-11-08T15:02:43","guid":{"rendered":"https:\/\/www.largepillow.com\/product\/ergonomic-adjustable-floor-recliner-gaming-and-reading-lounge-chair"},"modified":"2025-12-16T10:33:38","modified_gmt":"2025-12-16T10:33:38","slug":"fotoliu-ergonomic-reglabil-pentru-jocuri-si-citit-cu-recliner-de-podea","status":"publish","type":"product","link":"https:\/\/www.largepillow.com\/ro\/product\/ergonomic-adjustable-floor-recliner-gaming-and-reading-lounge-chair","title":{"rendered":"Fotoliu ergonomic reglabil pentru podea, fotoliu de gaming \u0219i de citit"},"content":{"rendered":"[zc_getpagecontent mb=&#8221;mb_aplus&#8221; apid=&#8221;154&#8243;]\n","protected":false},"excerpt":{"rendered":"<ul>\n<li>Confort reglabil \u00een 5 pozi\u021bii: Experimenta\u021bi confortul personalizat cu scaunul reglabil de podea, conceput cu unghiuri de \u00eenclinare \u00een 5 pozi\u021bii, de la vertical\u0103 la complet plat\u0103. Indiferent dac\u0103 v\u0103 juca\u021bi, citi\u021bi sau trage\u021bi un pui de somn, pute\u021bi g\u0103si cu u\u0219urin\u021b\u0103 pozi\u021bia perfect\u0103 pentru a v\u0103 sus\u021bine spatele \u0219i coloana vertebral\u0103. Acest scaun reglabil de podea asigur\u0103 o relaxare ergonomic\u0103, oferind configura\u021bia ideal\u0103 pentru sesiuni de jocuri pe podea, medita\u021bie sau relaxare confortabil\u0103.<\/li>\n<li>Fotoliu Premium Tufted: Bucura\u021bi-v\u0103 de confortul suprem cu fotoliul nostru confortabil pentru citit, realizat cu un design de pern\u0103 tuftat\u0103 \u0219i umplut cu bumbac din fibr\u0103 de poliester de \u00eenalt\u0103 calitate, care ofer\u0103 o moliciune luxoas\u0103 \u0219i o rezisten\u021b\u0103 de lung\u0103 durat\u0103. Perna \u00ee\u0219i p\u0103streaz\u0103 forma chiar \u0219i dup\u0103 o utilizare \u00eendelungat\u0103, oferind un suport excelent pentru spate \u0219i \u0219olduri. Bucura\u021bi-v\u0103 de echilibrul perfect \u00eentre moliciune \u0219i fermitate \u00een timp ce v\u0103 relaxa\u021bi pe acest \u0219ezlong de podea.<\/li>\n<li>Cadru robust din o\u021bel \u0219i protec\u021bie antiderapant\u0103: Construit cu un cadru durabil din o\u021bel, scaunul de podea ofer\u0103 o stabilitate excep\u021bional\u0103 \u0219i o utilizare pe termen lung. Partea de jos este echipat\u0103 cu material antiderapant \u0219i tampoane moi de protec\u021bie, prevenind zg\u00e2rieturile podelei, men\u021bin\u00e2nd \u00een acela\u0219i timp scaunul \u00een siguran\u021b\u0103 \u00een timpul utiliz\u0103rii. Structura sa intern\u0103 robust\u0103 asigur\u0103 siguran\u021b\u0103 \u0219i sus\u021binere, ceea ce \u00eel face o alegere fiabil\u0103 at\u00e2t pentru adul\u021bi, c\u00e2t \u0219i pentru adolescen\u021bi.<\/li>\n<li>Scaun multifunc\u021bional: Perfect conceput pentru spa\u021biile de locuit moderne, acest scaun de podea se adapteaz\u0103 stilului t\u0103u de via\u021b\u0103 - folose\u0219te-l ca \u0219ezlong de gaming, scaun confortabil pentru citit sau \u0219ezlong lene\u0219 pentru medita\u021bie, lucru sau seri de filme. Designul s\u0103u minimalist completeaz\u0103 orice decor, fiind ideal pentru camere de zi, dormitoare, c\u0103mine sau apartamente. Bucur\u0103-te de confort multifunc\u021bional oriunde te-ai a\u0219eza.<\/li>\n<li>Fotoliu reclinabil f\u0103r\u0103 asamblare: Gata de utilizare imediat ce \u00eel scoate\u021bi din cutie! Scaunul reglabil de podea nu necesit\u0103 asamblare - pur \u0219i simplu \u00eel desface\u021bi \u0219i relaxa\u021bi-v\u0103. C\u00e2nd nu \u00eel utiliza\u021bi, \u00eel pute\u021bi plia pentru depozitare compact\u0103 sub pat sau \u00eentr-un col\u021b. Dimensiuni plat: 145 cm (L) x 76 cm (l); dimensiuni pliat: 81 cm (L) x 76 cm (l) x 68 cm (\u00ce). Conceput pentru confortul de zi cu zi, acest scaun de podea pentru gaming combin\u0103 confortul, func\u021bionalitatea \u0219i portabilitatea u\u0219oar\u0103.<\/li>\n<\/ul>","protected":false},"featured_media":15455,"comment_status":"open","ping_status":"closed","template":"","meta":[],"product_brand":[],"product_cat":[228],"product_tag":[],"class_list":{"0":"post-15464","1":"product","2":"type-product","3":"status-publish","4":"has-post-thumbnail","6":"product_cat-cushions","8":"first","9":"outofstock","10":"sold-individually","11":"shipping-taxable","12":"purchasable","13":"product-type-simple"},"_links":{"self":[{"href":"https:\/\/www.largepillow.com\/ro\/wp-json\/wp\/v2\/product\/15464","targetHints":{"allow":["GET"]}}],"collection":[{"href":"https:\/\/www.largepillow.com\/ro\/wp-json\/wp\/v2\/product"}],"about":[{"href":"https:\/\/www.largepillow.com\/ro\/wp-json\/wp\/v2\/types\/product"}],"replies":[{"embeddable":true,"href":"https:\/\/www.largepillow.com\/ro\/wp-json\/wp\/v2\/comments?post=15464"}],"wp:featuredmedia":[{"embeddable":true,"href":"https:\/\/www.largepillow.com\/ro\/wp-json\/wp\/v2\/media\/15455"}],"wp:attachment":[{"href":"https:\/\/www.largepillow.com\/ro\/wp-json\/wp\/v2\/media?parent=15464"}],"wp:term":[{"taxonomy":"product_brand","embeddable":true,"href":"https:\/\/www.largepillow.com\/ro\/wp-json\/wp\/v2\/product_brand?post=15464"},{"taxonomy":"product_cat","embeddable":true,"href":"https:\/\/www.largepillow.com\/ro\/wp-json\/wp\/v2\/product_cat?post=15464"},{"taxonomy":"product_tag","embeddable":true,"href":"https:\/\/www.largepillow.com\/ro\/wp-json\/wp\/v2\/product_tag?post=15464"}],"curies":[{"name":"wp","href":"https:\/\/api.w.org\/{rel}","templated":true}]}}