{"id":16467,"date":"2026-02-08T03:00:06","date_gmt":"2026-02-08T03:00:06","guid":{"rendered":"https:\/\/www.largepillow.com\/product\/contemporary-ottoman-cube-multi-purpose-footstool-and-seating-pouf-stone-texture"},"modified":"2026-02-11T02:58:28","modified_gmt":"2026-02-11T02:58:28","slug":"taburet-si-puf-multifunctional-otoman-contemporan-cub-textura-de-piatra","status":"publish","type":"product","link":"https:\/\/www.largepillow.com\/ro\/product\/contemporary-ottoman-cube-multi-purpose-footstool-and-seating-pouf-stone-texture","title":{"rendered":"Taburet \u0219i puf otoman contemporan cub multifunc\u021bional (textur\u0103 de piatr\u0103)"},"content":{"rendered":"<p>Transform\u0103-\u021bi spa\u021biul de locuit cu acest cub otoman versatil \u0219i elegant, care serve\u0219te at\u00e2t ca taburet func\u021bional, c\u00e2t \u0219i ca pies\u0103 decorativ\u0103 de accent. Cu modele uimitoare care creeaz\u0103 o estetic\u0103 luxoas\u0103 \u0219i natural\u0103, acest otoman m\u0103soar\u0103 55*55*40cm (22x22x17 inci) - perfect pentru orice decor de camer\u0103. Designul cubic prezint\u0103 modele complicate \u00een v\u00e2rtejuri \u00een tonuri bogate de maro \u0219i auriu, f\u0103c\u00e2nd fiecare pies\u0103 unic\u0103 \u0219i distinctiv\u0103. Fabricat cu c\u0103ptu\u0219eal\u0103 din spum\u0103 de \u00eenalt\u0103 calitate, ofer\u0103 un suport confortabil, indiferent dac\u0103 este folosit ca suport pentru picioare, scaun suplimentar sau m\u0103su\u021b\u0103 lateral\u0103. Designul modern completeaz\u0103 f\u0103r\u0103 efort diverse stiluri de interior, de la contemporan la rustic. Dimensiunea substan\u021bial\u0103 \u00eel face o alegere ideal\u0103 at\u00e2t pentru utilizare practic\u0103, c\u00e2t \u0219i ca o pies\u0103 de decor \u00een decorul casei tale. Disponibil \u00een diverse modele, cu op\u021biuni pentru designuri personalizate pentru a se potrivi nevoilor tale estetice specifice. \u00cen\u0103l\u021bimea versatil\u0103 \u0219i construc\u021bia robust\u0103 asigur\u0103 c\u0103 acest otoman poate servi mai multor scopuri, de la un suport pentru picioare convenabil la o m\u0103su\u021b\u0103 de cafea improvizat\u0103 sau scaun suplimentar atunci c\u00e2nd prime\u0219ti oaspe\u021bi.<\/p>","protected":false},"excerpt":{"rendered":"<ul>\n<li>Design versatil: Canapea cubic\u0103 modern\u0103, care func\u021bioneaz\u0103 ca taburet, scaun suplimentar sau pies\u0103 decorativ\u0103 de accent, cu un model texturat uimitor.<\/li>\n<li>Dimensiune premium: M\u0103soar\u0103 55 * 55 * 40 cm (22 x 22 x 17 inci), perfect\u0103 pentru camere de zi, dormitoare sau orice spa\u021biu care necesit\u0103 func\u021bionalitate elegant\u0103.<\/li>\n<li>Op\u021biuni personalizate: Disponibile \u00een diverse modele cu op\u021biunea de modele personalizate private pentru a se potrivi nevoilor dumneavoastr\u0103 unice de design interior.<\/li>\n<li>Suport confortabil: Construit cu c\u0103ptu\u0219eal\u0103 din spum\u0103 de \u00eenalt\u0103 calitate pentru confort \u0219i durabilitate optime, men\u021bin\u00e2ndu-\u0219i \u00een acela\u0219i timp forma.<\/li>\n<li>Pies\u0103 de mobilier deosebit\u0103: Modelul distinctiv \u00een tonuri creeaz\u0103 un accent atr\u0103g\u0103tor pentru orice decor de camer\u0103.<\/li>\n<\/ul>","protected":false},"featured_media":16460,"comment_status":"open","ping_status":"closed","template":"","meta":[],"product_brand":[],"product_cat":[228],"product_tag":[],"class_list":{"0":"post-16467","1":"product","2":"type-product","3":"status-publish","4":"has-post-thumbnail","6":"product_cat-cushions","8":"first","9":"instock","10":"shipping-taxable","11":"purchasable","12":"product-type-simple"},"_links":{"self":[{"href":"https:\/\/www.largepillow.com\/ro\/wp-json\/wp\/v2\/product\/16467","targetHints":{"allow":["GET"]}}],"collection":[{"href":"https:\/\/www.largepillow.com\/ro\/wp-json\/wp\/v2\/product"}],"about":[{"href":"https:\/\/www.largepillow.com\/ro\/wp-json\/wp\/v2\/types\/product"}],"replies":[{"embeddable":true,"href":"https:\/\/www.largepillow.com\/ro\/wp-json\/wp\/v2\/comments?post=16467"}],"wp:featuredmedia":[{"embeddable":true,"href":"https:\/\/www.largepillow.com\/ro\/wp-json\/wp\/v2\/media\/16460"}],"wp:attachment":[{"href":"https:\/\/www.largepillow.com\/ro\/wp-json\/wp\/v2\/media?parent=16467"}],"wp:term":[{"taxonomy":"product_brand","embeddable":true,"href":"https:\/\/www.largepillow.com\/ro\/wp-json\/wp\/v2\/product_brand?post=16467"},{"taxonomy":"product_cat","embeddable":true,"href":"https:\/\/www.largepillow.com\/ro\/wp-json\/wp\/v2\/product_cat?post=16467"},{"taxonomy":"product_tag","embeddable":true,"href":"https:\/\/www.largepillow.com\/ro\/wp-json\/wp\/v2\/product_tag?post=16467"}],"curies":[{"name":"wp","href":"https:\/\/api.w.org\/{rel}","templated":true}]}}