{"id":16507,"date":"2026-02-08T03:24:48","date_gmt":"2026-02-08T03:24:48","guid":{"rendered":"https:\/\/www.largepillow.com\/product\/versatile-modern-ottoman-footstool-stylish-pouf-for-living-room-decor"},"modified":"2026-02-11T02:58:28","modified_gmt":"2026-02-11T02:58:28","slug":"taburet-otoman-modern-si-versatil-elegant-pentru-decorul-camerei-de-zi","status":"publish","type":"product","link":"https:\/\/www.largepillow.com\/ro\/product\/versatile-modern-ottoman-footstool-stylish-pouf-for-living-room-decor","title":{"rendered":"Taburet otoman modern \u0219i versatil, puf elegant pentru decorul camerei de zi (blocuri de lemn colorate)"},"content":{"rendered":"<p>Dimensiunile acestui puf cubic modern sunt de aproximativ 55*55*40cm (22\u2033 L x 22\u2033 l x 17\u2033 H). Acest puf cubic ofer\u0103 un aspect mai realist. Nu este doar un suport pentru picioare, ci \u00eel pute\u021bi folosi ca scaun, m\u0103su\u021b\u0103 de cafea, m\u0103su\u021b\u0103 de col\u021b sau noptier\u0103, aduc\u00e2nd confort vie\u021bii de zi cu zi, fiind o pies\u0103 de accent multifunc\u021bional\u0103 care se adapteaz\u0103 nevoilor spa\u021biului dumneavoastr\u0103 de locuit.<\/p>","protected":false},"excerpt":{"rendered":"<ul>\n<li>Design versatil: Otoman cubic modern care func\u021bioneaz\u0103 ca taburet, scaun suplimentar sau pies\u0103 decorativ\u0103 de accent, cu un model uimitor de lemn.<\/li>\n<li>Dimensiune premium: M\u0103soar\u0103 55 * 55 * 40 cm (22 x 22 x 17 inci), perfect\u0103 pentru camere de zi, dormitoare sau orice spa\u021biu care necesit\u0103 func\u021bionalitate elegant\u0103.<\/li>\n<li>Suport confortabil: Construit cu c\u0103ptu\u0219eal\u0103 din spum\u0103 de \u00eenalt\u0103 calitate pentru confort \u0219i durabilitate optime, men\u021bin\u00e2ndu-\u0219i \u00een acela\u0219i timp forma.<\/li>\n<li>Pies\u0103 de mobilier deosebit\u0103: Modelul distinctiv cu aspect de lemn \u00een tonuri \u00eenchise \u0219i deschise creeaz\u0103 un accent atr\u0103g\u0103tor pentru orice decor de camer\u0103.<\/li>\n<li>Mai multe culori disponibile \u00een diverse modele, cu op\u021biunea de a se potrivi nevoilor dumneavoastr\u0103 unice de design interior.<\/li>\n<\/ul>","protected":false},"featured_media":16500,"comment_status":"open","ping_status":"closed","template":"","meta":[],"product_brand":[],"product_cat":[228],"product_tag":[],"class_list":{"0":"post-16507","1":"product","2":"type-product","3":"status-publish","4":"has-post-thumbnail","6":"product_cat-cushions","8":"first","9":"instock","10":"shipping-taxable","11":"purchasable","12":"product-type-simple"},"_links":{"self":[{"href":"https:\/\/www.largepillow.com\/ro\/wp-json\/wp\/v2\/product\/16507","targetHints":{"allow":["GET"]}}],"collection":[{"href":"https:\/\/www.largepillow.com\/ro\/wp-json\/wp\/v2\/product"}],"about":[{"href":"https:\/\/www.largepillow.com\/ro\/wp-json\/wp\/v2\/types\/product"}],"replies":[{"embeddable":true,"href":"https:\/\/www.largepillow.com\/ro\/wp-json\/wp\/v2\/comments?post=16507"}],"wp:featuredmedia":[{"embeddable":true,"href":"https:\/\/www.largepillow.com\/ro\/wp-json\/wp\/v2\/media\/16500"}],"wp:attachment":[{"href":"https:\/\/www.largepillow.com\/ro\/wp-json\/wp\/v2\/media?parent=16507"}],"wp:term":[{"taxonomy":"product_brand","embeddable":true,"href":"https:\/\/www.largepillow.com\/ro\/wp-json\/wp\/v2\/product_brand?post=16507"},{"taxonomy":"product_cat","embeddable":true,"href":"https:\/\/www.largepillow.com\/ro\/wp-json\/wp\/v2\/product_cat?post=16507"},{"taxonomy":"product_tag","embeddable":true,"href":"https:\/\/www.largepillow.com\/ro\/wp-json\/wp\/v2\/product_tag?post=16507"}],"curies":[{"name":"wp","href":"https:\/\/api.w.org\/{rel}","templated":true}]}}