{"id":16575,"date":"2026-02-08T08:23:48","date_gmt":"2026-02-08T08:23:48","guid":{"rendered":"https:\/\/www.largepillow.com\/product\/multifunctional-folding-sofa-bed-adjustable-floor-couch-lounge-chair"},"modified":"2026-02-11T03:05:25","modified_gmt":"2026-02-11T03:05:25","slug":"canapea-extensibila-multifunctionala-pliabila-fotoliu-reglabil-pentru-podea","status":"publish","type":"product","link":"https:\/\/www.largepillow.com\/ro\/product\/multifunctional-folding-sofa-bed-adjustable-floor-couch-lounge-chair","title":{"rendered":"Canapea extensibil\u0103 pliabil\u0103 multifunc\u021bional\u0103, fotoliu reglabil pentru podea"},"content":{"rendered":"<p>Elevate your living space with Folding Sofa Bed, a stylish and practical addition designed to blend comfort, versatility, and modern aesthetics. Whether you&#8217;re hosting overnight guests or creating a cozy corner for lounging, this convertible piece transitions effortlessly from a cushioned sofa to a spacious bed.<\/p>\n[zc_getpagecontent mb=&#8221;mb_aplus&#8221; apid=&#8221;157&#8243;]\n","protected":false},"excerpt":{"rendered":"<ul>\n<li>Spa\u021bioas\u0103 \u0219i func\u021bional\u0103: Bucura\u021bi-v\u0103 de o relaxare generoas\u0103 cu canapeaua de dimensiuni 120*100*65cm (47\u2033L x 39\u2033l x 26\u2033H) \u0219i o suprafa\u021b\u0103 de dormit de 200*120*20cm (79\u2033L x 47\u2033l x 6\u2033H). Fie c\u0103 sunte\u021bi la un film confortabil sau la un somn odihnitor, aceast\u0103 canapea extensibil\u0103 v\u0103 satisface cu u\u0219urin\u021b\u0103 toate nevoile.<\/li>\n<li>Aspect elegant \u0219i modern: Materialul boucl\u00e9 \u00een dungi, \u00een stil chenille, adaug\u0103 textur\u0103 \u0219i stil, disponibil \u00een albastru deschis, galben \u0219i ro\u0219u pentru a se potrivi diferitelor decoruri. \u021aesut manual cu nasturi contrastan\u021bi pentru un aspect personalizat.<\/li>\n<li>Canapea extensibil\u0103 pliabil\u0103 multifunc\u021bional\u0103: Canapeaua noastr\u0103 extensibil\u0103 pliabil\u0103 multifunc\u021bional\u0103 poate fi transformat\u0103 \u00een dou\u0103 forme diferite, inclusiv canapea de podea \u0219i saltea, fiind perfect\u0103 pentru citit, yoga, navigare pe internet, vizionarea la televizor \u0219i relaxare. Designul s\u0103u ergonomic \u0219tiin\u021bific asigur\u0103 c\u0103 canapeaua extensibil\u0103 se potrive\u0219te perfect curbei corpului dumneavoastr\u0103, satisf\u0103c\u00e2nd nevoile dumneavoastr\u0103 de munc\u0103, citit, relaxare \u0219i somn.<\/li>\n<li>Spum\u0103 de \u00eenalt\u0103 densitate: Fotoliul extensibil pliabil inclus \u00een canapeaua extensibil\u0103 pe care o ve\u021bi primi este fabricat din spum\u0103 de \u00eenalt\u0103 densitate pentru a asigura un suport bun, nu se pr\u0103bu\u0219e\u0219te pe perioade lungi de timp, se potrive\u0219te perfect curbelor corpului, iar canapeaua noastr\u0103 extensibil\u0103 pliabil\u0103 v\u0103 poate ajuta s\u0103 reduce\u021bi oboseala \u00een toate p\u0103r\u021bile corpului.<\/li>\n<li>Nu necesit\u0103 asamblare \u0219i depozitare convenabil\u0103: Canapeaua futon nu necesit\u0103 asamblare, iar fotoliul extensibil pliant este recomandat s\u0103 fie l\u0103sat s\u0103 stea timp de 72 de ore dup\u0103 deschidere, pentru a-\u0219i rec\u0103p\u0103ta dimensiunea normal\u0103 \u00eenainte de comprimare. C\u00e2nd nu utiliza\u021bi fotoliul futon, \u00eel pute\u021bi plia \u0219i a\u0219eza \u00eentr-un col\u021b, sub pat sau \u00eentr-un dulap etc. Este ideal pentru studiouri, apartamente tip loft, camere de c\u0103min, rulote \u0219i alte locuri cu spa\u021biu limitat.<\/li>\n<\/ul>","protected":false},"featured_media":16563,"comment_status":"open","ping_status":"closed","template":"","meta":[],"product_brand":[],"product_cat":[228],"product_tag":[],"class_list":{"0":"post-16575","1":"product","2":"type-product","3":"status-publish","4":"has-post-thumbnail","6":"product_cat-cushions","8":"first","9":"instock","10":"sold-individually","11":"shipping-taxable","12":"purchasable","13":"product-type-variable","14":"has-default-attributes"},"_links":{"self":[{"href":"https:\/\/www.largepillow.com\/ro\/wp-json\/wp\/v2\/product\/16575","targetHints":{"allow":["GET"]}}],"collection":[{"href":"https:\/\/www.largepillow.com\/ro\/wp-json\/wp\/v2\/product"}],"about":[{"href":"https:\/\/www.largepillow.com\/ro\/wp-json\/wp\/v2\/types\/product"}],"replies":[{"embeddable":true,"href":"https:\/\/www.largepillow.com\/ro\/wp-json\/wp\/v2\/comments?post=16575"}],"wp:featuredmedia":[{"embeddable":true,"href":"https:\/\/www.largepillow.com\/ro\/wp-json\/wp\/v2\/media\/16563"}],"wp:attachment":[{"href":"https:\/\/www.largepillow.com\/ro\/wp-json\/wp\/v2\/media?parent=16575"}],"wp:term":[{"taxonomy":"product_brand","embeddable":true,"href":"https:\/\/www.largepillow.com\/ro\/wp-json\/wp\/v2\/product_brand?post=16575"},{"taxonomy":"product_cat","embeddable":true,"href":"https:\/\/www.largepillow.com\/ro\/wp-json\/wp\/v2\/product_cat?post=16575"},{"taxonomy":"product_tag","embeddable":true,"href":"https:\/\/www.largepillow.com\/ro\/wp-json\/wp\/v2\/product_tag?post=16575"}],"curies":[{"name":"wp","href":"https:\/\/api.w.org\/{rel}","templated":true}]}}