{"id":16948,"date":"2026-03-01T01:52:59","date_gmt":"2026-03-01T01:52:59","guid":{"rendered":"https:\/\/www.largepillow.com\/product\/neo-livingstones-large-pebble-cushions-pebble-pillows-rock-pillows-set"},"modified":"2026-03-02T20:26:16","modified_gmt":"2026-03-02T20:26:16","slug":"perne-mari-cu-pietricele-neo-livingstones-perne-cu-pietricele-set-de-perne-rock","status":"publish","type":"product","link":"https:\/\/www.largepillow.com\/ro\/product\/neo-livingstones-large-pebble-cushions-pebble-pillows-rock-pillows-set\/","title":{"rendered":"Perne mari cu pietricele Neo-LivingStones, perne cu pietricele, set de perne cu piatr\u0103"},"content":{"rendered":"[zc_getpagecontent mb=&#8221;mb_aplus&#8221; apid=&#8221;165&#8243;]\n","protected":false},"excerpt":{"rendered":"<ul>\n<li>Dimensiuni combinate: Disponibile \u00een \u0219ase dimensiuni diferite (de la 20 cm la 95 cm lungime), pernele Soft Stone pot fi stivuite, \u00eempr\u0103\u0219tiate sau grupate pentru a crea zona personalizat\u0103 de relaxare moale. Excelente ca otomane, scaune de podea sau perne decorative.<\/li>\n<li>Material de calitate: Fabricate din bumbac polipropilenic (PP) moale \u0219i confortabil \u0219i din \u021bes\u0103tur\u0103 tricotat\u0103 din poliester periat compozit premium, aceste perne sunt perfecte pentru relaxare, \u0219ezut, lenevire sau chiar jocuri imaginative. Suport\u0103 bine, dar sunt \u0219i moi.<\/li>\n<li>\u00centre\u021binere \u0219i instalare u\u0219oar\u0103: Nu necesit\u0103 asamblare \u0219i este u\u0219or. Fund antiderapant pentru siguran\u021b\u0103. Cur\u0103\u021bare simpl\u0103 cu o c\u00e2rp\u0103 umed\u0103. Fermoarele pot fi deblocate folosind o agraf\u0103 de birou atunci c\u00e2nd este nevoie de acces - consulta\u021bi ghidul foto inclus.<\/li>\n<li>Tehnic\u0103 special\u0103 de fabrica\u021bie: Folosim tehnici avansate de cusut a panourilor \u00een designul exterior al produselor noastre, asigur\u00e2nd un aspect delicat \u0219i sofisticat.<\/li>\n<li>Se vinde \u00een 4 combina\u021bii de seturi: Alege\u021bi dintre patru seturi atent selec\u021bionate \u2013 consulta\u021bi imaginile produsului pentru con\u021binutul exact al setului; ceea ce vede\u021bi este ceea ce primi\u021bi.<\/li>\n<li>Lansare produs nou: garan\u021bie de pre\u021b de 90 de zile. Dac\u0103 pre\u021bul scade \u00een termen de 90 de zile, vom rambursa diferen\u021ba.<\/li>\n<li>Politica de returnare \u0219i schimb: Cump\u0103r\u0103torii sunt responsabili pentru taxele de transport pentru returnare \u00een cazul oric\u0103rui retur sau schimb.<\/li>\n<\/ul>","protected":false},"featured_media":16930,"comment_status":"open","ping_status":"closed","template":"","meta":[],"product_brand":[],"product_cat":[30],"product_tag":[],"class_list":{"0":"post-16948","1":"product","2":"type-product","3":"status-publish","4":"has-post-thumbnail","6":"product_cat-large-rock-pillow","8":"first","9":"instock","10":"sold-individually","11":"shipping-taxable","12":"purchasable","13":"product-type-variable","14":"has-default-attributes"},"_links":{"self":[{"href":"https:\/\/www.largepillow.com\/ro\/wp-json\/wp\/v2\/product\/16948","targetHints":{"allow":["GET"]}}],"collection":[{"href":"https:\/\/www.largepillow.com\/ro\/wp-json\/wp\/v2\/product"}],"about":[{"href":"https:\/\/www.largepillow.com\/ro\/wp-json\/wp\/v2\/types\/product"}],"replies":[{"embeddable":true,"href":"https:\/\/www.largepillow.com\/ro\/wp-json\/wp\/v2\/comments?post=16948"}],"wp:featuredmedia":[{"embeddable":true,"href":"https:\/\/www.largepillow.com\/ro\/wp-json\/wp\/v2\/media\/16930"}],"wp:attachment":[{"href":"https:\/\/www.largepillow.com\/ro\/wp-json\/wp\/v2\/media?parent=16948"}],"wp:term":[{"taxonomy":"product_brand","embeddable":true,"href":"https:\/\/www.largepillow.com\/ro\/wp-json\/wp\/v2\/product_brand?post=16948"},{"taxonomy":"product_cat","embeddable":true,"href":"https:\/\/www.largepillow.com\/ro\/wp-json\/wp\/v2\/product_cat?post=16948"},{"taxonomy":"product_tag","embeddable":true,"href":"https:\/\/www.largepillow.com\/ro\/wp-json\/wp\/v2\/product_tag?post=16948"}],"curies":[{"name":"wp","href":"https:\/\/api.w.org\/{rel}","templated":true}]}}