{"id":290,"date":"2022-09-15T22:35:06","date_gmt":"2022-09-15T22:35:06","guid":{"rendered":"https:\/\/www.largepillow.com\/product\/daybed-bolster-pillow"},"modified":"2025-11-05T02:15:26","modified_gmt":"2025-11-05T02:15:26","slug":"perna-triunghiulara-cu-pana","status":"publish","type":"product","link":"https:\/\/www.largepillow.com\/ro\/product\/triangular-wedge-pillow","title":{"rendered":"Pern\u0103 triunghiular\u0103 cu pan\u0103"},"content":{"rendered":"<p>Descoper\u0103 confortul suprem cu perna triunghiular\u0103 cu pan\u0103<\/p>\n<p>Te-ai s\u0103turat s\u0103-\u021bi soliciti spatele \u0219i g\u00e2tul \u00een timp ce cite\u0219ti sau te ui\u021bi la televizor \u00een pat? \u00ce\u021bi prezent\u0103m perna triunghiular\u0103 cu pan\u0103 \u2013 perna multifunc\u021bional\u0103 care duce relaxarea \u00eenainte de culcare la nivelul urm\u0103tor. <\/p>\n<p>Fabricat\u0103 din materiale de calitate superioar\u0103, aceast\u0103 pern\u0103 mare se m\u00e2ndre\u0219te cu un confort excelent datorit\u0103 designului s\u0103u triunghiular ergonomic care aliniaz\u0103 spatele \u0219i talia. Husa respirabil\u0103 din poliester \u0219i umplutura care \u00ee\u0219i p\u0103streaz\u0103 forma ofer\u0103 un suport moale, dar ferm, indiferent dac\u0103 stai \u00een pozi\u021bie vertical\u0103 sau culcat.<\/p>\n<p>Clien\u021bilor le place s\u0103 \u00eel foloseasc\u0103 \u00een diverse moduri:<\/p>\n<p>\u201c\u00cel folosesc \u00een fiecare sear\u0103 ca pern\u0103 pentru sp\u0103tar. Durerile mele de spate s-au redus semnificativ!\u201d<\/p>\n<p>\u201cE suficient de lat pentru ca eu \u0219i so\u021bia mea s\u0103 ne putem sprijini confortabil. Gata cu \u00eentinderea g\u00e2tului!\u201d  <\/p>\n<p>\u201c\u00cel pun sub picioare ca s\u0103 m\u0103 ajute cu problemele de circula\u021bie. At\u00e2t de confortabil!\u201d<\/p>\n<p>Cu nou\u0103 dimensiuni disponibile, cu siguran\u021b\u0103 ve\u021bi g\u0103si una care s\u0103 se potriveasc\u0103 nevoilor dumneavoastr\u0103. Bucura\u021bi-v\u0103 de confort \u0219i sprijin personalizat pentru citit, lucru, vizionarea de emisiuni sau pur \u0219i simplu relaxa\u021bi-v\u0103 \u00een pat cu aceast\u0103 pern\u0103 3 \u00een 1 pentru t\u0103blia pan\u0103.  <\/p>\n<p>Adu acas\u0103 relaxare multifunc\u021bional\u0103 ast\u0103zi!<\/p>","protected":false},"excerpt":{"rendered":"<ul>\n<li><strong>Confort suprem:<\/strong> Aceast\u0103 pern\u0103 pentru t\u0103blia patului ofer\u0103 un confort excelent datorit\u0103 designului s\u0103u triunghiular. Perna de sus\u021binere a patului se potrive\u0219te perfect spatelui \u0219i taliei, reduc\u00e2nd la minimum presiunea lombar\u0103\/spatelui. Aceast\u0103 pern\u0103 de citit cu form\u0103 de pan\u0103 v\u0103 poate ajuta s\u0103 r\u0103m\u00e2ne\u021bi f\u0103r\u0103 tensiune \u00een pat sau pe canapea, ceea ce este ideal pentru cei care lucreaz\u0103 noaptea, pentru cititori \u0219i pentru a se uita la televizor \u00een pat. Aceast\u0103 pern\u0103 extra mare este singura pern\u0103 cu form\u0103 de pan\u0103 pentru t\u0103blia patului care poate g\u0103zdui dou\u0103 persoane.<\/li>\n<li><strong>Pern\u0103 mare 3 \u00een 1:<\/strong> Po\u021bi folosi perna vertical\u0103 ca pern\u0103 pentru t\u0103blia patului, pentru a o sus\u021bine \u00een pat, sau o po\u021bi a\u0219eza plat pe pat pentru a o folosi ca o pern\u0103 mare cu pan\u0103 atunci c\u00e2nd dormi pe spate sau pe o parte, sau ca pern\u0103 pentru picioare, pentru a ridica picioarele. Dac\u0103 dore\u0219ti o pern\u0103 mare pentru t\u0103blia patului, care s\u0103 ofere sprijin at\u00e2t \u021bie, c\u00e2t \u0219i so\u021bului\/so\u021biei tale, este o alternativ\u0103 excelent\u0103.<\/li>\n<li><strong>Design multifunc\u021bional:<\/strong> Unii oameni folosesc perna triunghiular\u0103 mare ca pern\u0103 pentru t\u0103blia patului, \u00een timp ce al\u021bii o folosesc ca pern\u0103 protector\u0103, put\u00e2nd fi \u0219i o pern\u0103 pentru sp\u0103tarul canapelei sau al canapelei de zi. Este elegant\u0103 \u0219i func\u021bional\u0103, fiind un plus excelent pentru orice dormitor.<\/li>\n<li><strong>M\u0103iestrie superioar\u0103:<\/strong> Fa\u021ba de pern\u0103 are aspect de catifea reiat\u0103, iar compozi\u021bia este din poliester 100%. Perna noastr\u0103 pentru t\u0103blia patului este respirabil\u0103 \u0219i suficient de confortabil\u0103 pentru a-\u0219i men\u021bine forma \u0219i a nu-\u0219i pierde forma \u00een timp. Un buzunar lateral pe fiecare parte v\u0103 permite s\u0103 v\u0103 pune\u021bi cartea sau telefonul.<\/li>\n<li><strong>U\u0219or de sp\u0103lat:<\/strong> Husa pernei de citit este ata\u0219at\u0103 de pern\u0103 cu nasturi \u0219i este u\u0219or de \u00eendep\u0103rtat cu un fermoar simplu. Acest lucru face ca cur\u0103\u021barea s\u0103 fie f\u0103r\u0103 probleme. Trebuie doar s\u0103 scoate\u021bi husa \u0219i s\u0103 o sp\u0103la\u021bi rapid la ma\u0219in\u0103 pentru ca perna s\u0103 arate ca nou\u0103.<\/li>\n<li><strong>Dimensiune:<\/strong> 45cm (L45 x L20 x \u00ce50 | 0 nasturi), 60cm (L60 x L20 x \u00ce50 | 0 nasturi), 80cm (L80 x L20 x \u00ce50 | 2 nasturi), 100cm (L100 x L20 x \u00ce50 | 3 nasturi), 120cm (L120 x L20 x \u00ce50 | 4 nasturi), 140cm (L140 x L20 x \u00ce50 | 4 nasturi), 160cm (L160 x L20 x \u00ce50 | 5 nasturi), 180cm (L180 x L20 x \u00ce50 | 6 nasturi), 200cm (L200 x L20 x \u00ce50 | 7 nasturi).<\/li>\n<\/ul>","protected":false},"featured_media":271,"comment_status":"open","ping_status":"closed","template":"","meta":[],"product_brand":[],"product_cat":[15],"product_tag":[205,204,206,218,217,209,168,223,199,112,224,68],"class_list":{"0":"post-290","1":"product","2":"type-product","3":"status-publish","4":"has-post-thumbnail","6":"product_cat-large-wedge-pillow","7":"product_tag-back-support-headboard-pillow","8":"product_tag-bed-support-cushion","9":"product_tag-bumper-pillow","10":"product_tag-corduroy-pillow","11":"product_tag-daybed-backrest","12":"product_tag-extra-large-bolster-pillow","13":"product_tag-headboard-pillow","14":"product_tag-large-bolster","15":"product_tag-large-wedge-pillow","16":"product_tag-lumbar-support-pillow","17":"product_tag-red-pillow","18":"product_tag-wedge-reading-pillow","20":"first","21":"instock","22":"shipping-taxable","23":"purchasable","24":"product-type-variable"},"_links":{"self":[{"href":"https:\/\/www.largepillow.com\/ro\/wp-json\/wp\/v2\/product\/290","targetHints":{"allow":["GET"]}}],"collection":[{"href":"https:\/\/www.largepillow.com\/ro\/wp-json\/wp\/v2\/product"}],"about":[{"href":"https:\/\/www.largepillow.com\/ro\/wp-json\/wp\/v2\/types\/product"}],"replies":[{"embeddable":true,"href":"https:\/\/www.largepillow.com\/ro\/wp-json\/wp\/v2\/comments?post=290"}],"wp:featuredmedia":[{"embeddable":true,"href":"https:\/\/www.largepillow.com\/ro\/wp-json\/wp\/v2\/media\/271"}],"wp:attachment":[{"href":"https:\/\/www.largepillow.com\/ro\/wp-json\/wp\/v2\/media?parent=290"}],"wp:term":[{"taxonomy":"product_brand","embeddable":true,"href":"https:\/\/www.largepillow.com\/ro\/wp-json\/wp\/v2\/product_brand?post=290"},{"taxonomy":"product_cat","embeddable":true,"href":"https:\/\/www.largepillow.com\/ro\/wp-json\/wp\/v2\/product_cat?post=290"},{"taxonomy":"product_tag","embeddable":true,"href":"https:\/\/www.largepillow.com\/ro\/wp-json\/wp\/v2\/product_tag?post=290"}],"curies":[{"name":"wp","href":"https:\/\/api.w.org\/{rel}","templated":true}]}}