{"id":318,"date":"2022-09-15T22:37:09","date_gmt":"2022-09-15T22:37:09","guid":{"rendered":"https:\/\/www.largepillow.com\/product\/bed-bolster-wedge"},"modified":"2025-11-05T02:15:26","modified_gmt":"2025-11-05T02:15:26","slug":"perna-de-spate-pentru-pat","status":"publish","type":"product","link":"https:\/\/www.largepillow.com\/ro\/product\/back-pillow-for-bed","title":{"rendered":"Pern\u0103 de spate pentru pat"},"content":{"rendered":"<p>Perna pentru spate \u00een pat \u2013 accesoriul suprem pentru confortul celor c\u0103rora le place s\u0103 citeasc\u0103, s\u0103 lucreze sau s\u0103 se uite la televizor \u00een pat!<\/p>\n<p>Aceast\u0103 pern\u0103 pentru t\u0103blia patului este conceput\u0103 cu o form\u0103 triunghiular\u0103 unic\u0103, oferind confort \u0219i sus\u021binere excelente spatelui \u0219i taliei, reduc\u00e2nd la minimum presiunea lombar\u0103. Este perfect\u0103 pentru nop\u021bi, \u0219oareci de bibliotec\u0103 \u0219i oricine c\u0103ruia \u00eei place s\u0103 se relaxeze \u00een pat.<\/p>\n<p>Ceea ce face ca aceast\u0103 pern\u0103 s\u0103 fie \u0219i mai bun\u0103 este designul s\u0103u multifunc\u021bional. O po\u021bi folosi ca pern\u0103 pentru t\u0103blia patului, \u00een timp ce stai \u00een pat, o po\u021bi a\u0219eza plat pentru a o folosi ca o pern\u0103 pan\u0103 mare atunci c\u00e2nd dormi pe spate sau pe o parte sau chiar \u00ee\u021bi po\u021bi ridica picioarele folosind-o ca pern\u0103 pentru picioare! Este singura pern\u0103 pan\u0103 pentru t\u0103blia patului care poate g\u0103zdui dou\u0103 persoane.<\/p>\n<p>Fabricat\u0103 cu m\u0103iestrie superioar\u0103, fa\u021ba de pern\u0103 are aspect de catifea reiat\u0103, iar compozi\u021bia este poliester 100%, fiind respirabil\u0103 \u0219i confortabil\u0103, men\u021bin\u00e2ndu-\u0219i forma \u00een timp. Un buzunar lateral pe fiecare parte v\u0103 permite s\u0103 strecura\u021bi cartea sau telefonul \u00een\u0103untru.<\/p>\n<p>Cur\u0103\u021barea este simpl\u0103, deoarece fa\u021ba pernei de citit este ata\u0219at\u0103 de pern\u0103 cu nasturi, fiind u\u0219or de \u00eendep\u0103rtat cu un fermoar simplu. Trebuie doar s\u0103 scoate\u021bi fa\u021ba \u0219i s\u0103 o sp\u0103la\u021bi rapid la ma\u0219in\u0103 pentru ca perna s\u0103 arate ca nou\u0103.<\/p>\n<p>Pentru a se potrivi diferitelor dimensiuni de pat, aceast\u0103 pern\u0103 este disponibil\u0103 \u00een diverse dimensiuni - 45 cm, 60 cm, 80 cm, 100 cm, 120 cm, 140 cm, 160 cm, 180 cm \u0219i 200 cm.<\/p>\n<p>Nu v\u0103 baza\u021bi doar pe cuv\u00e2ntul nostru, iat\u0103 c\u00e2teva recenzii de la clien\u021bi mul\u021bumi\u021bi:<\/p>\n<p>\u201cAm cump\u0103rat-o pe cea mov \u0219i e superb\u0103! Materialul e moale \u0219i confortabil, iar dimensiunea e perfect\u0103 pentru patul meu queen size. O folosesc \u00een fiecare sear\u0103 ca s\u0103 citesc \u00eenainte de culcare, mul\u021bumesc!\u201d<\/p>\n<p>\u201cPerna pentru spate este de calitate excelent\u0103. Am cump\u0103rat-o pentru mine \u0219i so\u021bul meu \u0219i ni se potrive\u0219te perfect am\u00e2ndurora. Nu este nici prea tare, nici prea moale, iar materialul este foarte bun. Recomand cu c\u0103ldur\u0103 acest produs!\u201d<\/p>\n<p>\u201cAcest produs mi-a dep\u0103\u0219it a\u0219tept\u0103rile! Este foarte confortabil \u0219i util \u00een oferirea de sprijin spatelui \u0219i picioarelor mele. Fa\u021ba de pern\u0103 cu aspect de catifea reiat\u0103 adaug\u0103 \u0219i o not\u0103 de stil patului meu!\u201d<\/p>\n<p>\u00cen concluzie, perna pentru spate pentru pat este un accesoriu versatil \u0219i confortabil pe care nu ve\u021bi dori s\u0103-l rata\u021bi. A\u0219adar, de ce s\u0103 a\u0219tepta\u021bi? Comanda\u021bi-o ast\u0103zi \u0219i bucura\u021bi-v\u0103 de confortul suprem!<\/p>","protected":false},"excerpt":{"rendered":"<ul>\n<li><strong>Confort suprem:<\/strong> Aceast\u0103 pern\u0103 pentru t\u0103blia patului ofer\u0103 un confort excelent datorit\u0103 designului s\u0103u triunghiular. Perna de sus\u021binere a patului se potrive\u0219te perfect spatelui \u0219i taliei, reduc\u00e2nd la minimum presiunea lombar\u0103\/spatelui. Aceast\u0103 pern\u0103 de citit cu form\u0103 de pan\u0103 v\u0103 poate ajuta s\u0103 r\u0103m\u00e2ne\u021bi f\u0103r\u0103 tensiune \u00een pat sau pe canapea, ceea ce este ideal pentru cei care lucreaz\u0103 noaptea, pentru cititori \u0219i pentru a se uita la televizor \u00een pat. Aceast\u0103 pern\u0103 extra mare este singura pern\u0103 cu form\u0103 de pan\u0103 pentru t\u0103blia patului care poate g\u0103zdui dou\u0103 persoane.<\/li>\n<li><strong>Pern\u0103 mare 3 \u00een 1:<\/strong> Po\u021bi folosi perna vertical\u0103 ca pern\u0103 pentru t\u0103blia patului, pentru a o sus\u021bine \u00een pat, sau o po\u021bi a\u0219eza plat pe pat pentru a o folosi ca o pern\u0103 mare cu pan\u0103 atunci c\u00e2nd dormi pe spate sau pe o parte, sau ca pern\u0103 pentru picioare, pentru a ridica picioarele. Dac\u0103 dore\u0219ti o pern\u0103 mare pentru t\u0103blia patului, care s\u0103 ofere sprijin at\u00e2t \u021bie, c\u00e2t \u0219i so\u021bului\/so\u021biei tale, este o alternativ\u0103 excelent\u0103.<\/li>\n<li><strong>Design multifunc\u021bional:<\/strong> Unii oameni folosesc perna triunghiular\u0103 mare ca pern\u0103 pentru t\u0103blia patului, \u00een timp ce al\u021bii o folosesc ca pern\u0103 protector\u0103, put\u00e2nd fi \u0219i o pern\u0103 pentru sp\u0103tarul canapelei sau al canapelei de zi. Este elegant\u0103 \u0219i func\u021bional\u0103, fiind un plus excelent pentru orice dormitor.<\/li>\n<li><strong>M\u0103iestrie superioar\u0103:<\/strong> Fa\u021ba de pern\u0103 are aspect de catifea reiat\u0103, iar compozi\u021bia este din poliester 100%. Perna noastr\u0103 pentru t\u0103blia patului este respirabil\u0103 \u0219i suficient de confortabil\u0103 pentru a-\u0219i men\u021bine forma \u0219i a nu-\u0219i pierde forma \u00een timp. Un buzunar lateral pe fiecare parte v\u0103 permite s\u0103 v\u0103 pune\u021bi cartea sau telefonul.<\/li>\n<li><strong>U\u0219or de sp\u0103lat:<\/strong> Husa pernei de citit este ata\u0219at\u0103 de pern\u0103 cu nasturi \u0219i este u\u0219or de \u00eendep\u0103rtat cu un fermoar simplu. Acest lucru face ca cur\u0103\u021barea s\u0103 fie f\u0103r\u0103 probleme. Trebuie doar s\u0103 scoate\u021bi husa \u0219i s\u0103 o sp\u0103la\u021bi rapid la ma\u0219in\u0103 pentru ca perna s\u0103 arate ca nou\u0103.<\/li>\n<li><strong>Dimensiune:<\/strong> 45cm (L45 x L20 x \u00ce50 | 0 nasturi), 60cm (L60 x L20 x \u00ce50 | 0 nasturi), 80cm (L80 x L20 x \u00ce50 | 2 nasturi), 100cm (L100 x L20 x \u00ce50 | 3 nasturi), 120cm (L120 x L20 x \u00ce50 | 4 nasturi), 140cm (L140 x L20 x \u00ce50 | 4 nasturi), 160cm (L160 x L20 x \u00ce50 | 5 nasturi), 180cm (L180 x L20 x \u00ce50 | 6 nasturi), 200cm (L200 x L20 x \u00ce50 | 7 nasturi).<\/li>\n<\/ul>","protected":false},"featured_media":300,"comment_status":"open","ping_status":"closed","template":"","meta":[],"product_brand":[],"product_cat":[15],"product_tag":[219,205,204,222,206,218,221,217,209,168,132,199,163,112,190,220,68],"class_list":{"0":"post-318","1":"product","2":"type-product","3":"status-publish","4":"has-post-thumbnail","6":"product_cat-large-wedge-pillow","7":"product_tag-back-pillow-for-bed","8":"product_tag-back-support-headboard-pillow","9":"product_tag-bed-support-cushion","10":"product_tag-breathable-pillow","11":"product_tag-bumper-pillow","12":"product_tag-corduroy-pillow","13":"product_tag-couch-backrest","14":"product_tag-daybed-backrest","15":"product_tag-extra-large-bolster-pillow","16":"product_tag-headboard-pillow","17":"product_tag-large-bolster-pillow","18":"product_tag-large-wedge-pillow","19":"product_tag-leg-pillow","20":"product_tag-lumbar-support-pillow","21":"product_tag-purple-pillow","22":"product_tag-wedge-headboard-pillow","23":"product_tag-wedge-reading-pillow","25":"first","26":"instock","27":"featured","28":"shipping-taxable","29":"purchasable","30":"product-type-variable"},"_links":{"self":[{"href":"https:\/\/www.largepillow.com\/ro\/wp-json\/wp\/v2\/product\/318","targetHints":{"allow":["GET"]}}],"collection":[{"href":"https:\/\/www.largepillow.com\/ro\/wp-json\/wp\/v2\/product"}],"about":[{"href":"https:\/\/www.largepillow.com\/ro\/wp-json\/wp\/v2\/types\/product"}],"replies":[{"embeddable":true,"href":"https:\/\/www.largepillow.com\/ro\/wp-json\/wp\/v2\/comments?post=318"}],"wp:featuredmedia":[{"embeddable":true,"href":"https:\/\/www.largepillow.com\/ro\/wp-json\/wp\/v2\/media\/300"}],"wp:attachment":[{"href":"https:\/\/www.largepillow.com\/ro\/wp-json\/wp\/v2\/media?parent=318"}],"wp:term":[{"taxonomy":"product_brand","embeddable":true,"href":"https:\/\/www.largepillow.com\/ro\/wp-json\/wp\/v2\/product_brand?post=318"},{"taxonomy":"product_cat","embeddable":true,"href":"https:\/\/www.largepillow.com\/ro\/wp-json\/wp\/v2\/product_cat?post=318"},{"taxonomy":"product_tag","embeddable":true,"href":"https:\/\/www.largepillow.com\/ro\/wp-json\/wp\/v2\/product_tag?post=318"}],"curies":[{"name":"wp","href":"https:\/\/api.w.org\/{rel}","templated":true}]}}