{"id":3222,"date":"2024-07-22T04:17:50","date_gmt":"2024-07-22T04:17:50","guid":{"rendered":"https:\/\/www.largepillow.com\/product\/car-seat-booster-seat-for-dogs-pet-travel-bed"},"modified":"2026-03-12T10:57:57","modified_gmt":"2026-03-12T10:57:57","slug":"scaun-auto-booster-pentru-caini-pat-de-calatorie-pentru-animale-de-companie","status":"publish","type":"product","link":"https:\/\/www.largepillow.com\/ro\/product\/car-seat-booster-seat-for-dogs-pet-travel-bed","title":{"rendered":"Scaun auto pentru c\u00e2ini, pat de c\u0103l\u0103torie pentru animale de companie"},"content":{"rendered":"[zc_getpagecontent mb=&#8221;mb_aplus&#8221; apid=&#8221;37&#8243;]\n","protected":false},"excerpt":{"rendered":"<ul>\n<li><strong>Material de \u00eenalt\u0103 calitate<\/strong>Fabricat\u0103 din bumbac de \u00eenalt\u0103 calitate, respirabil\u0103 \u0219i confortabil\u0103, anti-mu\u0219c\u0103turi, durabil\u0103 \u0219i u\u0219or de cur\u0103\u021bat. Umplut\u0103 cu poliester premium, rezisten\u021b\u0103 de \u00eenalt\u0103 calitate, care va oferi un suport ferm, confort \u0219i moliciune. \u00ce\u0219i p\u0103streaz\u0103 forma \u0219i fermitatea pentru utilizare pe termen lung.<\/li>\n<li><strong>Scaun auto multifunc\u021bional pentru c\u00e2ini<\/strong>Catarama reglabil\u0103 a scaunului auto pentru c\u00e2ini poate fi folosit\u0103 \u0219i ca o curea de m\u00e2n\u0103, fiind convenabil\u0103 pentru transport \u00een aer liber, poate fi folosit\u0103 \u0219i ca pat pentru c\u00e2ini acas\u0103; poate fi folosit\u0103 \u0219i pe canapea pentru a o proteja de deteriorarea cauzat\u0103 de c\u00e2ini.<\/li>\n<li><strong>U\u0219or de instalat<\/strong>Scaunul auto pentru c\u00e2ini de dimensiuni mici este dotat cu o band\u0103 pentru sp\u0103tar, trebuie doar s\u0103 fixa\u021bi banda de sp\u0103tar pe sp\u0103tarul scaunului din fa\u021b\u0103 \u0219i s\u0103 regla\u021bi lungimea curelelor. Scaunul auto pentru c\u00e2ini de dimensiuni medii poate fi instalat prin ag\u0103\u021barea a dou\u0103 m\u00e2nere portabile reglabile pe scaunele din fa\u021b\u0103 \u0219i respectiv din spate ale ma\u0219inii, potrivite pentru o varietate de tipuri de ma\u0219ini. Fundul antiderapant previne alunecarea scaunului auto \u00een\u0103l\u021b\u0103tor pentru animale de companie \u00een ma\u0219in\u0103, oferind un mediu mai sigur pentru animalele de companie.<\/li>\n<li><strong>Dimensiunile scaunului<\/strong>Mic: 52cm (lungime) x 52cm (l\u0103\u021bime) x 42cm (\u00een\u0103l\u021bime), Mare: 76cm (lungime) x 52cm (l\u0103\u021bime) x 39cm (\u00een\u0103l\u021bime). Scaunul auto pentru c\u00e2ini de m\u0103rimea S este potrivit pentru bancheta din fa\u021b\u0103 a ma\u0219inilor. Scaunul auto pentru c\u00e2ini de m\u0103rimea L este potrivit pentru instalarea pe bancheta din spate a tuturor tipurilor de ma\u0219ini. Scaunul auto pentru c\u00e2ini este echipat cu centuri de siguran\u021b\u0103 pentru a asigura siguran\u021ba animalului dvs. de companie \u0219i nu v\u0103 face\u021bi griji c\u0103 animalul dvs. de companie v\u0103 va deranja \u00een timp ce conduce\u021bi.<\/li>\n<li><strong>U\u0219or de cur\u0103\u021bat<\/strong>Acest scaun auto pentru animale de companie este complet deta\u0219abil, exist\u0103 fermoare invizibile la cele 4 col\u021buri, trebuie doar s\u0103 deschide\u021bi fermoarul \u0219i s\u0103 scoate\u021bi bumbacul PP, apoi s\u0103 pune\u021bi husa scaunului auto pentru animale de companie \u00een ma\u0219ina de sp\u0103lat pentru cur\u0103\u021bare; pute\u021bi folosi \u0219i un aspirator pentru a cur\u0103\u021ba impurit\u0103\u021bile de la suprafa\u021ba scaunului auto sau p\u0103rul \u00een timpul cur\u0103\u021b\u0103rii zilnice.<\/li>\n<li><strong>Sfaturi utile<\/strong>Scaunul auto pentru c\u00e2ini este ambalat \u00een vid pentru transport, a\u0219adar umplutura este ad\u0103ugat\u0103 suplimentar pentru a men\u021bine forma scaunului, asigur\u00e2ndu-i durabilitatea \u0219i func\u021bionalitatea. Dac\u0103 considera\u021bi c\u0103 umplutura scaunului auto pentru c\u00e2ini este prea mare pentru animalele de companie, pute\u021bi \u00eendep\u0103rta singur o parte din umplutur\u0103 pentru a ob\u021bine nivelul dorit de confort pentru animalul dvs. de companie. V\u0103 rug\u0103m s\u0103 a\u0219tepta\u021bi 24-48 de ore pentru ca acesta s\u0103 revin\u0103 la grosimea \u0219i forma ini\u021bial\u0103 dup\u0103 despachetare.<\/li>\n<\/ul>","protected":false},"featured_media":3569,"comment_status":"open","ping_status":"closed","template":"","meta":[],"product_brand":[],"product_cat":[227],"product_tag":[],"class_list":{"0":"post-3222","1":"product","2":"type-product","3":"status-publish","4":"has-post-thumbnail","6":"product_cat-pet-supplies","8":"first","9":"instock","10":"shipping-taxable","11":"purchasable","12":"product-type-variable","13":"has-default-attributes"},"_links":{"self":[{"href":"https:\/\/www.largepillow.com\/ro\/wp-json\/wp\/v2\/product\/3222","targetHints":{"allow":["GET"]}}],"collection":[{"href":"https:\/\/www.largepillow.com\/ro\/wp-json\/wp\/v2\/product"}],"about":[{"href":"https:\/\/www.largepillow.com\/ro\/wp-json\/wp\/v2\/types\/product"}],"replies":[{"embeddable":true,"href":"https:\/\/www.largepillow.com\/ro\/wp-json\/wp\/v2\/comments?post=3222"}],"wp:featuredmedia":[{"embeddable":true,"href":"https:\/\/www.largepillow.com\/ro\/wp-json\/wp\/v2\/media\/3569"}],"wp:attachment":[{"href":"https:\/\/www.largepillow.com\/ro\/wp-json\/wp\/v2\/media?parent=3222"}],"wp:term":[{"taxonomy":"product_brand","embeddable":true,"href":"https:\/\/www.largepillow.com\/ro\/wp-json\/wp\/v2\/product_brand?post=3222"},{"taxonomy":"product_cat","embeddable":true,"href":"https:\/\/www.largepillow.com\/ro\/wp-json\/wp\/v2\/product_cat?post=3222"},{"taxonomy":"product_tag","embeddable":true,"href":"https:\/\/www.largepillow.com\/ro\/wp-json\/wp\/v2\/product_tag?post=3222"}],"curies":[{"name":"wp","href":"https:\/\/api.w.org\/{rel}","templated":true}]}}