{"id":3259,"date":"2024-07-22T11:53:44","date_gmt":"2024-07-22T11:53:44","guid":{"rendered":"https:\/\/www.largepillow.com\/product\/face-down-pillow-prone-pillow-positioner-for-side-sleeping"},"modified":"2026-02-23T16:08:35","modified_gmt":"2026-02-23T16:08:35","slug":"pozitionare-perna-cu-fata-in-jos-pentru-dormit-pe-o-parte","status":"publish","type":"product","link":"https:\/\/www.largepillow.com\/ro\/product\/face-down-pillow-prone-pillow-positioner-for-side-sleeping","title":{"rendered":"Pern\u0103 cu fa\u021ba \u00een jos, pozi\u021bioner de pern\u0103 predispus\u0103 pentru dormit pe o parte"},"content":{"rendered":"[zc_getpagecontent mb=&#8221;mb_aplus&#8221; apid=&#8221;140&#8243;]\n","protected":false},"excerpt":{"rendered":"<ul>\n<li><strong>Design unic:<\/strong> Experimenta\u021bi designul inovator al pernei noastre deta\u0219abile cu fa\u021ba \u00een jos. Este meticulos realizat\u0103 pentru a respecta principiile ergonomice, oferind protec\u021bie optim\u0103 pentru ochi, suport pentru g\u00e2t \u0219i asigur\u00e2nd o experien\u021b\u0103 de somn odihnitoare \u0219i revigorant\u0103.<\/li>\n<li><strong>Pern\u0103 versatil\u0103:<\/strong> Indiferent dac\u0103 e\u0219ti la birou, cau\u021bi relaxare printr-un masaj sau pur \u0219i simplu cau\u021bi un somn confortabil, perna noastr\u0103 este conceput\u0103 pentru a satisface nevoile tale diverse. Ofer\u0103 o versatilitate excep\u021bional\u0103 \u0219i poate fi utilizat\u0103 \u00een mai multe situa\u021bii, pentru scopuri diferite.<\/li>\n<li><strong>Materiale de calitate premium:<\/strong> Prioritiz\u0103m confortul \u0219i bun\u0103starea dumneavoastr\u0103. Perna noastr\u0103 este fabricat\u0103 din \u021bes\u0103tur\u0103 respirabil\u0103 din fibr\u0103 de bambus, cunoscut\u0103 pentru respirabilitatea sa excep\u021bional\u0103 \u0219i moliciunea prietenoas\u0103 cu pielea. Amestecul de fibr\u0103 de poliester \u0219i umplutur\u0103 din spum\u0103 de \u00eenalt\u0103 densitate ofer\u0103 un suport superior g\u00e2tului \u0219i capului, asigur\u00e2nd o pozi\u021bie de somn confortabil\u0103 \u0219i bine sus\u021binut\u0103.<\/li>\n<li><strong>Design convenabil cu fermoar:<\/strong> \u00cen\u021belegem importan\u021ba unei \u00eentre\u021bineri u\u0219oare. Perna noastr\u0103 are un design convenabil cu fermoar, care permite dezasamblarea \u0219i sp\u0103larea f\u0103r\u0103 efort. P\u0103streaz\u0103-\u021bi perna curat\u0103 \u0219i proasp\u0103t\u0103, asigur\u00e2nd igiena \u0219i longevitatea.<\/li>\n<\/ul>","protected":false},"featured_media":3244,"comment_status":"open","ping_status":"closed","template":"","meta":[],"product_brand":[],"product_cat":[228],"product_tag":[],"class_list":{"0":"post-3259","1":"product","2":"type-product","3":"status-publish","4":"has-post-thumbnail","6":"product_cat-cushions","8":"first","9":"instock","10":"featured","11":"sold-individually","12":"shipping-taxable","13":"purchasable","14":"product-type-simple"},"_links":{"self":[{"href":"https:\/\/www.largepillow.com\/ro\/wp-json\/wp\/v2\/product\/3259","targetHints":{"allow":["GET"]}}],"collection":[{"href":"https:\/\/www.largepillow.com\/ro\/wp-json\/wp\/v2\/product"}],"about":[{"href":"https:\/\/www.largepillow.com\/ro\/wp-json\/wp\/v2\/types\/product"}],"replies":[{"embeddable":true,"href":"https:\/\/www.largepillow.com\/ro\/wp-json\/wp\/v2\/comments?post=3259"}],"wp:featuredmedia":[{"embeddable":true,"href":"https:\/\/www.largepillow.com\/ro\/wp-json\/wp\/v2\/media\/3244"}],"wp:attachment":[{"href":"https:\/\/www.largepillow.com\/ro\/wp-json\/wp\/v2\/media?parent=3259"}],"wp:term":[{"taxonomy":"product_brand","embeddable":true,"href":"https:\/\/www.largepillow.com\/ro\/wp-json\/wp\/v2\/product_brand?post=3259"},{"taxonomy":"product_cat","embeddable":true,"href":"https:\/\/www.largepillow.com\/ro\/wp-json\/wp\/v2\/product_cat?post=3259"},{"taxonomy":"product_tag","embeddable":true,"href":"https:\/\/www.largepillow.com\/ro\/wp-json\/wp\/v2\/product_tag?post=3259"}],"curies":[{"name":"wp","href":"https:\/\/api.w.org\/{rel}","templated":true}]}}