{"id":3360,"date":"2024-07-23T01:00:23","date_gmt":"2024-07-23T01:00:23","guid":{"rendered":"https:\/\/www.largepillow.com\/product\/dog-travel-bag-backpack-with-dog-food-storage-container"},"modified":"2026-02-08T19:30:31","modified_gmt":"2026-02-08T19:30:31","slug":"rucsac-de-calatorie-pentru-caini-cu-recipient-pentru-depozitarea-hranei-pentru-caini","status":"publish","type":"product","link":"https:\/\/www.largepillow.com\/ro\/product\/dog-travel-bag-backpack-with-dog-food-storage-container","title":{"rendered":"Rucsac de c\u0103l\u0103torie pentru c\u00e2ini cu recipient pentru depozitarea hranei pentru c\u00e2ini"},"content":{"rendered":"[zc_getpagecontent mb=&#8221;mb_aplus&#8221; apid=&#8221;64&#8243;]\n","protected":false},"excerpt":{"rendered":"<ul>\n<li>Spa\u021biu separat pentru depozitarea hranei: Aceast\u0103 geant\u0103 de c\u0103l\u0103torie pentru hrana c\u00e2inilor este echipat\u0103 cu o geant\u0103 deta\u0219abil\u0103 de 15 litri, permi\u021b\u00e2ndu-v\u0103 s\u0103 transporta\u021bi cu u\u0219urin\u021b\u0103 suficient\u0103 hran\u0103 at\u00e2t pentru c\u0103l\u0103torii scurte, c\u00e2t \u0219i pentru aventuri lungi. Proiectat\u0103 separat de spa\u021biul principal de depozitare, nu ocup\u0103 o capacitate de stocare valoroas\u0103, asigur\u00e2nd o mai bun\u0103 organizare \u0219i depozitare a altor articole. Designul gen\u021bii de c\u0103l\u0103torie independente pentru hrana c\u00e2inilor v\u0103 permite s\u0103 completa\u021bi hrana animalului dvs. de companie \u00een mod convenabil \u0219i elegant.<\/li>\n<li>Design u\u0219or de depozitat: Cu compartimentele sale spa\u021bioase \u0219i bine organizate, acest rucsac de c\u0103l\u0103torie pentru c\u00e2ini permite sortarea \u0219i organizarea u\u0219oar\u0103. Dispune de mai multe compartimente \u0219i buzunare pentru depozitarea recompenselor, juc\u0103riilor \u0219i scutecelor pentru c\u00e2ini. Divizoarele reglabile permit o aranjare flexibil\u0103 a spa\u021biului. Bretelele duble reglabile ofer\u0103 o purtare confortabil\u0103, asigur\u00e2nd o experien\u021b\u0103 pl\u0103cut\u0103 de c\u0103l\u0103torie \u00een aer liber.<\/li>\n<li>Calitate fiabil\u0103: Aceast\u0103 geant\u0103 de c\u0103l\u0103torie pentru hrana c\u00e2inilor este fabricat\u0103 din p\u00e2nz\u0103 Oxford de \u00eenalt\u0103 calitate, care asigur\u0103 o durabilitate \u0219i o fiabilitate excep\u021bionale. Rezisten\u021ba remarcabil\u0103 la murd\u0103rie \u0219i la uzur\u0103 a materialului protejeaz\u0103 eficient geanta de pete \u0219i uzura zilnic\u0103, men\u021bin\u00e2nd-o curat\u0103 \u0219i proasp\u0103t\u0103. \u00cen plus, geanta pentru animale de companie este echipat\u0103 cu un m\u00e2ner confortabil din piele, care ofer\u0103 o prindere sigur\u0103 \u0219i adaug\u0103 o not\u0103 de sofisticare, at\u00e2t practic\u0103, c\u00e2t \u0219i elegant\u0103.<\/li>\n<li>Design practic pentru utilizare zilnic\u0103: Aceast\u0103 geant\u0103 de c\u0103l\u0103torie pentru c\u00e2ini este versatil\u0103 at\u00e2t pentru c\u0103l\u0103torii, c\u00e2t \u0219i pentru utilizare zilnic\u0103. Include un buzunar frontal care poate fi deschis ca un covora\u0219 pentru hran\u0103, pentru hr\u0103nirea convenabil\u0103 a animalului de companie. C\u00e2nd este pliat\u0103, poate g\u0103zdui un frisbee, fiind u\u0219or de transportat. \u00cen plus, sunt prev\u0103zute dou\u0103 boluri pliabile pentru animalul dvs. de companie. Fie c\u0103 este vorba de o plimbare, o excursie de weekend, o ie\u0219ire la plaj\u0103, drume\u021bii, camping sau orice alt\u0103 activitate \u00een aer liber, aceast\u0103 geant\u0103 de c\u0103l\u0103torie pentru c\u0103\u021bei este esen\u021bial\u0103 pentru c\u0103l\u0103toriile cu ma\u0219ina.<\/li>\n<li>Accesorii de c\u0103l\u0103torie pentru c\u00e2ini de dimensiuni mari: Cu dimensiunile de 28x20x38 cm (L x l x \u00ce), acest rucsac pentru c\u00e2ini ofer\u0103 o capacitate de 30 litri, oferind suficient spa\u021biu pentru a depozita lucrurile esen\u021biale ale animalului dvs. de companie \u0219i obiecte mici ca echipament de camping pentru c\u00e2ini. Este o alegere ideal\u0103 pentru proprietarii de animale de companie \u0219i familiile aflate \u00een mi\u0219care. Indiferent dac\u0103 este vorba de o plimbare, o excursie de weekend, o ie\u0219ire la plaj\u0103, drume\u021bii, camping sau orice alt\u0103 activitate \u00een aer liber, aceast\u0103 geant\u0103 de c\u0103l\u0103torie pentru c\u00e2ini r\u0103spunde tuturor nevoilor dvs. Este un cadou minunat at\u00e2t pentru animalele de companie, c\u00e2t \u0219i pentru familiile care iubesc animalele de companie.<\/li>\n<li>Capacitate mare: Gen\u021bile de c\u0103l\u0103torie pentru c\u00e2ini permit depozitarea juc\u0103riilor, gust\u0103rilor \u0219i a altor obiecte esen\u021biale \u00een timpul excursiilor \u00een aer liber. Spa\u021biul amplu al gen\u021bii de c\u0103l\u0103torie pentru c\u00e2ini poate g\u0103zdui toate articolele necesare pentru o ie\u0219ire, asigur\u00e2nd o experien\u021b\u0103 f\u0103r\u0103 griji pentru tine \u0219i animalul t\u0103u de companie.<\/li>\n<li>Compartimente convenabile: Recipientul pentru depozitarea hranei pentru c\u00e2ini include dou\u0103 compartimente, \u00eemp\u0103r\u021bind interiorul \u00een trei p\u0103r\u021bi. Aceste gen\u021bi pentru c\u00e2ini, aprobate pentru c\u0103l\u0103torii, faciliteaz\u0103 organizarea \u0219i recuperarea obiectelor.<\/li>\n<li>Bretele reglabile: Bretelele reglabile ale acestui rucsac de c\u0103l\u0103torie pentru c\u00e2ini pot fi adaptate nevoilor dumneavoastr\u0103, permi\u021b\u00e2nd at\u00e2t transportul \u00een stil rucsac, c\u00e2t \u0219i cel pe um\u0103r.<\/li>\n<\/ul>","protected":false},"featured_media":3345,"comment_status":"open","ping_status":"closed","template":"","meta":[],"product_brand":[],"product_cat":[227],"product_tag":[],"class_list":{"0":"post-3360","1":"product","2":"type-product","3":"status-publish","4":"has-post-thumbnail","6":"product_cat-pet-supplies","8":"first","9":"outofstock","10":"featured","11":"shipping-taxable","12":"purchasable","13":"product-type-simple"},"_links":{"self":[{"href":"https:\/\/www.largepillow.com\/ro\/wp-json\/wp\/v2\/product\/3360","targetHints":{"allow":["GET"]}}],"collection":[{"href":"https:\/\/www.largepillow.com\/ro\/wp-json\/wp\/v2\/product"}],"about":[{"href":"https:\/\/www.largepillow.com\/ro\/wp-json\/wp\/v2\/types\/product"}],"replies":[{"embeddable":true,"href":"https:\/\/www.largepillow.com\/ro\/wp-json\/wp\/v2\/comments?post=3360"}],"wp:featuredmedia":[{"embeddable":true,"href":"https:\/\/www.largepillow.com\/ro\/wp-json\/wp\/v2\/media\/3345"}],"wp:attachment":[{"href":"https:\/\/www.largepillow.com\/ro\/wp-json\/wp\/v2\/media?parent=3360"}],"wp:term":[{"taxonomy":"product_brand","embeddable":true,"href":"https:\/\/www.largepillow.com\/ro\/wp-json\/wp\/v2\/product_brand?post=3360"},{"taxonomy":"product_cat","embeddable":true,"href":"https:\/\/www.largepillow.com\/ro\/wp-json\/wp\/v2\/product_cat?post=3360"},{"taxonomy":"product_tag","embeddable":true,"href":"https:\/\/www.largepillow.com\/ro\/wp-json\/wp\/v2\/product_tag?post=3360"}],"curies":[{"name":"wp","href":"https:\/\/api.w.org\/{rel}","templated":true}]}}