{"id":3481,"date":"2024-07-25T03:14:13","date_gmt":"2024-07-25T03:14:13","guid":{"rendered":"https:\/\/www.largepillow.com\/product\/oversized-floor-recliner-mat-for-gaming-reading-resting"},"modified":"2024-10-03T16:31:25","modified_gmt":"2024-10-03T16:31:25","slug":"covoras-supradimensionat-pentru-fotoliu-pentru-jocuri-citit-si-odihna","status":"publish","type":"product","link":"https:\/\/www.largepillow.com\/ro\/product\/oversized-floor-recliner-mat-for-gaming-reading-resting","title":{"rendered":"Covora\u0219 reclinabil supradimensionat pentru jocuri, citit, odihn\u0103"},"content":{"rendered":"[zc_getpagecontent mb=&#8221;mb_aplus&#8221; apid=&#8221;77&#8243;]\n","protected":false},"excerpt":{"rendered":"<ul>\n<li><strong>CONFORT ULTIM:<\/strong> Bucur\u0103-te de un confort de neegalat cu canapeaua Muffin Grand. Av\u00e2nd un strat de blan\u0103 de iepure \u0219i o c\u0103ptu\u0219eal\u0103 din spum\u0103 de \u00eenalt\u0103 rezisten\u021b\u0103, aceast\u0103 canapea asigur\u0103 un confort maxim, indiferent dac\u0103 stai jos s\u0103 cite\u0219ti o carte, s\u0103 te ui\u021bi la televizor sau pur \u0219i simplu s\u0103 te relaxezi dup\u0103 o zi aglomerat\u0103.<\/li>\n<li><strong>MAIEST\u0102RIE PREMIUM:<\/strong> Aceast\u0103 canapea modular\u0103 are un strat de blan\u0103 de iepure \u0219i o c\u0103ptu\u0219eal\u0103 din spum\u0103 de \u00eenalt\u0103 rezisten\u021b\u0103, combin\u00e2nd caracterul practic cu confortul pentru o experien\u021b\u0103 luxoas\u0103 \u0219i durabil\u0103. U\u0219or de demontat \u0219i asamblat, asigur\u0103 o elegan\u021b\u0103 de durat\u0103 \u00een orice camer\u0103.<\/li>\n<li><strong>SUPORT STABIL:<\/strong> Bucura\u021bi-v\u0103 de o relaxare lini\u0219tit\u0103 cu canapeaua noastr\u0103 de podea. Spuma de \u00eenalt\u0103 densitate ofer\u0103 un suport \u0219i o amortizare excelente, care \u00eembr\u0103\u021bi\u0219eaz\u0103 curbele corpului \u0219i amelioreaz\u0103 punctele de presiune. Stabilitatea canapelei \u00eencastrabile asigur\u0103 siguran\u021b\u0103 \u0219i fiabilitate, permi\u021b\u00e2ndu-v\u0103 s\u0103 v\u0103 bucura\u021bi de confort \u0219i durabilitate de lung\u0103 durat\u0103.<\/li>\n<li><strong>DESIGN UNIC \u0218I U\u0218OR DE CUR\u0102\u021aAT:<\/strong> Aceast\u0103 canapea nu este doar confortabil\u0103, ci \u0219i u\u0219or de cur\u0103\u021bat. Designul cu fermoar invizibil este u\u0219or de \u00eendep\u0103rtat \u0219i cur\u0103\u021bat, men\u021bin\u00e2nd canapeaua ordonat\u0103. V\u0103 permite s\u0103 v\u0103 bucura\u021bi confortabil de timpul liber.<\/li>\n<li><strong>DIMENSIUNE IDEAL\u0102 PENTRU CONFORT:<\/strong> Canapeaua noastr\u0103 pliabil\u0103 m\u0103soar\u0103 283 x 99 cm, aceasta fiind dimensiunea ideal\u0103 pentru un fotoliu reclinabil \u0219i este u\u0219or de depozitat \u0219i economise\u0219te spa\u021biu.<\/li>\n<\/ul>","protected":false},"featured_media":3465,"comment_status":"open","ping_status":"closed","template":"","meta":[],"product_brand":[],"product_cat":[228],"product_tag":[],"class_list":{"0":"post-3481","1":"product","2":"type-product","3":"status-publish","4":"has-post-thumbnail","6":"product_cat-cushions","8":"first","9":"instock","10":"shipping-taxable","11":"purchasable","12":"product-type-simple"},"_links":{"self":[{"href":"https:\/\/www.largepillow.com\/ro\/wp-json\/wp\/v2\/product\/3481","targetHints":{"allow":["GET"]}}],"collection":[{"href":"https:\/\/www.largepillow.com\/ro\/wp-json\/wp\/v2\/product"}],"about":[{"href":"https:\/\/www.largepillow.com\/ro\/wp-json\/wp\/v2\/types\/product"}],"replies":[{"embeddable":true,"href":"https:\/\/www.largepillow.com\/ro\/wp-json\/wp\/v2\/comments?post=3481"}],"wp:featuredmedia":[{"embeddable":true,"href":"https:\/\/www.largepillow.com\/ro\/wp-json\/wp\/v2\/media\/3465"}],"wp:attachment":[{"href":"https:\/\/www.largepillow.com\/ro\/wp-json\/wp\/v2\/media?parent=3481"}],"wp:term":[{"taxonomy":"product_brand","embeddable":true,"href":"https:\/\/www.largepillow.com\/ro\/wp-json\/wp\/v2\/product_brand?post=3481"},{"taxonomy":"product_cat","embeddable":true,"href":"https:\/\/www.largepillow.com\/ro\/wp-json\/wp\/v2\/product_cat?post=3481"},{"taxonomy":"product_tag","embeddable":true,"href":"https:\/\/www.largepillow.com\/ro\/wp-json\/wp\/v2\/product_tag?post=3481"}],"curies":[{"name":"wp","href":"https:\/\/api.w.org\/{rel}","templated":true}]}}