{"id":3508,"date":"2024-07-25T03:34:29","date_gmt":"2024-07-25T03:34:29","guid":{"rendered":"https:\/\/www.largepillow.com\/product\/large-folding-daybed-sofa-with-adjustable-headboard"},"modified":"2024-10-03T16:31:25","modified_gmt":"2024-10-03T16:31:25","slug":"canapea-extensibila-mare-pliabila-cu-tablie-reglabila","status":"publish","type":"product","link":"https:\/\/www.largepillow.com\/ro\/product\/large-folding-daybed-sofa-with-adjustable-headboard","title":{"rendered":"Canapea extensibil\u0103 pliabil\u0103 mare cu t\u0103blie reglabil\u0103"},"content":{"rendered":"","protected":false},"excerpt":{"rendered":"<ul>\n<li>CONFORT ULTIM: Bucura\u021bi-v\u0103 de un confort de neegalat cu canapeaua extensibil\u0103 reglabil\u0103 de l\u00e2ng\u0103 pat. Av\u00e2nd o hus\u0103 din in din poliester \u0219i o c\u0103ptu\u0219eal\u0103 din spum\u0103 de \u00eenalt\u0103 rezisten\u021b\u0103, aceast\u0103 canapea pliabil\u0103 asigur\u0103 un confort maxim, indiferent dac\u0103 v\u0103 relaxa\u021bi, v\u0103 uita\u021bi la televizor sau v\u0103 destinde\u021bi dup\u0103 o zi aglomerat\u0103.<\/li>\n<li>MAI MAI BUN\u0102 MAIESTERE: Cu o hus\u0103 din in din poliester \u0219i o c\u0103ptu\u0219eal\u0103 din spum\u0103 de \u00eenalt\u0103 rezisten\u021b\u0103, aceast\u0103 canapea modular\u0103 combin\u0103 caracterul practic \u0219i confortul pentru o experien\u021b\u0103 luxoas\u0103 \u0219i durabil\u0103. U\u0219or de demontat \u0219i asamblat, asigur\u0103 o elegan\u021b\u0103 de durat\u0103 \u00een orice camer\u0103.<\/li>\n<li>SUPORT STABIL: Bucura\u021bi-v\u0103 de o relaxare lini\u0219tit\u0103 cu canapeaua noastr\u0103 de podea. Spuma de \u00eenalt\u0103 densitate ofer\u0103 un suport \u0219i o amortizare excelente, care \u00eembr\u0103\u021bi\u0219eaz\u0103 curbele corpului \u0219i amelioreaz\u0103 punctele de presiune. Stabilitatea canapelei \u00eencastrabile asigur\u0103 siguran\u021b\u0103 \u0219i fiabilitate, permi\u021b\u00e2ndu-v\u0103 s\u0103 v\u0103 bucura\u021bi de confort \u0219i durabilitate de lung\u0103 durat\u0103.<\/li>\n<li>DESIGN UNIC \u0218I U\u0218OR DE CUR\u0102\u021aAT: Aceast\u0103 canapea nu este doar confortabil\u0103, ci \u0219i u\u0219or de \u00eentre\u021binut. Designul cu fermoar invizibil este u\u0219or de \u00eendep\u0103rtat \u0219i cur\u0103\u021bat, men\u021bin\u00e2nd canapeaua ordonat\u0103. V\u0103 permite s\u0103 v\u0103 bucura\u021bi confortabil de timpul liber.<\/li>\n<li>DIMENSIUNE IDEAL\u0102 PENTRU CONFORT: Canapeaua noastr\u0103 pliabil\u0103 m\u0103soar\u0103 190*76*55 cm, aceasta fiind dimensiunea ideal\u0103 pentru un fotoliu reclinabil \u0219i fiind u\u0219or de depozitat \u0219i economisind spa\u021biu.<\/li>\n<\/ul>","protected":false},"featured_media":3492,"comment_status":"open","ping_status":"closed","template":"","meta":[],"product_brand":[],"product_cat":[228],"product_tag":[],"class_list":{"0":"post-3508","1":"product","2":"type-product","3":"status-publish","4":"has-post-thumbnail","6":"product_cat-cushions","8":"first","9":"outofstock","10":"shipping-taxable","11":"purchasable","12":"product-type-simple"},"_links":{"self":[{"href":"https:\/\/www.largepillow.com\/ro\/wp-json\/wp\/v2\/product\/3508","targetHints":{"allow":["GET"]}}],"collection":[{"href":"https:\/\/www.largepillow.com\/ro\/wp-json\/wp\/v2\/product"}],"about":[{"href":"https:\/\/www.largepillow.com\/ro\/wp-json\/wp\/v2\/types\/product"}],"replies":[{"embeddable":true,"href":"https:\/\/www.largepillow.com\/ro\/wp-json\/wp\/v2\/comments?post=3508"}],"wp:featuredmedia":[{"embeddable":true,"href":"https:\/\/www.largepillow.com\/ro\/wp-json\/wp\/v2\/media\/3492"}],"wp:attachment":[{"href":"https:\/\/www.largepillow.com\/ro\/wp-json\/wp\/v2\/media?parent=3508"}],"wp:term":[{"taxonomy":"product_brand","embeddable":true,"href":"https:\/\/www.largepillow.com\/ro\/wp-json\/wp\/v2\/product_brand?post=3508"},{"taxonomy":"product_cat","embeddable":true,"href":"https:\/\/www.largepillow.com\/ro\/wp-json\/wp\/v2\/product_cat?post=3508"},{"taxonomy":"product_tag","embeddable":true,"href":"https:\/\/www.largepillow.com\/ro\/wp-json\/wp\/v2\/product_tag?post=3508"}],"curies":[{"name":"wp","href":"https:\/\/api.w.org\/{rel}","templated":true}]}}