{"id":3563,"date":"2024-07-25T05:38:21","date_gmt":"2024-07-25T05:38:21","guid":{"rendered":"https:\/\/www.largepillow.com\/product\/self-supporting-wedge-backrest-cushion-for-reading"},"modified":"2025-04-20T21:59:31","modified_gmt":"2025-04-20T21:59:31","slug":"perna-de-spatar-cu-pana-autoportanta-pentru-citit","status":"publish","type":"product","link":"https:\/\/www.largepillow.com\/ro\/product\/self-supporting-wedge-backrest-cushion-for-reading","title":{"rendered":"Pern\u0103 de sp\u0103tar autoportant\u0103 cu pan\u0103 pentru citit"},"content":{"rendered":"[zc_getpagecontent mb=&#8221;mb_aplus&#8221; apid=&#8221;58&#8243;]\n","protected":false},"excerpt":{"rendered":"<ul>\n<li>Material de calitate: perna autoportant\u0103 pentru sp\u0103tar este alc\u0103tuit\u0103 dintr-un suport \u00een form\u0103 de pan\u0103 \u0219i o pern\u0103 pentru sp\u0103tar, care sunt fabricate din suport de burete \u0219i pern\u0103 umplut\u0103 cu bumbac PP, mijlocul conexiunii cu fermoar, partea inferioar\u0103 a buretelui cu antiderapare pentru a cre\u0219te rezisten\u021ba, perna nu necesit\u0103 suport suplimentar \u0219i poate fi a\u0219ezat\u0103 \u00een picioare, sprijinindu-v\u0103 pe perna cu suport de pan\u0103, rezisten\u021ba fiind mai mare, stabil\u0103 \u0219i relaxant\u0103.<\/li>\n<li>Detalii dimensiune: perna de citit m\u0103soar\u0103 75 \u00d7 58 \u00d7 55 cm lungime, l\u0103\u021bime \u0219i \u00een\u0103l\u021bime, oferind un suport ferm pentru spate. Curbarea buretelui sus\u021bine coloana vertebral\u0103, perna din bumbac PP se potrive\u0219te corpului t\u0103u, atunci c\u00e2nd te sprijini de sp\u0103tar, forma celor dou\u0103 laturi spre interior ca o \u00eembr\u0103\u021bi\u0219are mare, oferind suport complet pentru spate, moale \u0219i confortabil.<\/li>\n<li>Design ergonomic: sp\u0103tarul pernei canapelei de l\u00e2ng\u0103 pat este special conceput pentru a imita curba natural\u0103 a coloanei vertebrale umane, oferind sprijin \u0219i relaxare ample pentru ore lungi de stat pe scaun sau \u00eentins. Spune\u021bi adio disconfortului spatelui \u0219i g\u00e2tului cu pernele noastre confortabile \u0219i de sus\u021binere pentru citit, ideale pentru adul\u021bi, \u00een pat.<\/li>\n<li>Design autoportant: Perna triunghiular\u0103 autoportant\u0103 are un design inferior \u00een form\u0103 de pan\u0103, cu o baz\u0103 antiderapant\u0103 pentru o rezisten\u021b\u0103 sporit\u0103. Perna triunghiular\u0103 nu trebuie s\u0103 se sprijine de un perete pentru a oferi un suport stabil, iar cu c\u00e2t v\u0103 sprijini\u021bi mai mult de ea, cu at\u00e2t perna va fi mai stabil\u0103. Pernele triunghiulare autoportante pot fi utilizate pe canapele, paturi \u0219i podele f\u0103r\u0103 a limita scenariile, ceea ce le face mai flexibile.<\/li>\n<li>Utilizare versatil\u0103: perna pentru sp\u0103tarul canapelei de l\u00e2ng\u0103 pat nu este doar pentru paturi. Poate fi folosit\u0103 at\u00e2t pe canapele, c\u00e2t \u0219i pe podea. Ofer\u0103 un suport excelent pentru g\u00e2t, spate, talie \u0219i \u0219old, fiind accesoriul perfect pentru toate activit\u0103\u021bile dumneavoastr\u0103 de agrement. Aceast\u0103 pern\u0103 tip pan\u0103 pentru t\u0103blia patului va fi un cadou minunat pentru \u00eendr\u0103gosti\u021bi, prieteni, p\u0103rin\u021bi, \u00een toate festivalurile.<\/li>\n<\/ul>","protected":false},"featured_media":3556,"comment_status":"open","ping_status":"closed","template":"","meta":[],"product_brand":[],"product_cat":[228],"product_tag":[],"class_list":{"0":"post-3563","1":"product","2":"type-product","3":"status-publish","4":"has-post-thumbnail","6":"product_cat-cushions","8":"first","9":"outofstock","10":"shipping-taxable","11":"purchasable","12":"product-type-simple"},"_links":{"self":[{"href":"https:\/\/www.largepillow.com\/ro\/wp-json\/wp\/v2\/product\/3563","targetHints":{"allow":["GET"]}}],"collection":[{"href":"https:\/\/www.largepillow.com\/ro\/wp-json\/wp\/v2\/product"}],"about":[{"href":"https:\/\/www.largepillow.com\/ro\/wp-json\/wp\/v2\/types\/product"}],"replies":[{"embeddable":true,"href":"https:\/\/www.largepillow.com\/ro\/wp-json\/wp\/v2\/comments?post=3563"}],"wp:featuredmedia":[{"embeddable":true,"href":"https:\/\/www.largepillow.com\/ro\/wp-json\/wp\/v2\/media\/3556"}],"wp:attachment":[{"href":"https:\/\/www.largepillow.com\/ro\/wp-json\/wp\/v2\/media?parent=3563"}],"wp:term":[{"taxonomy":"product_brand","embeddable":true,"href":"https:\/\/www.largepillow.com\/ro\/wp-json\/wp\/v2\/product_brand?post=3563"},{"taxonomy":"product_cat","embeddable":true,"href":"https:\/\/www.largepillow.com\/ro\/wp-json\/wp\/v2\/product_cat?post=3563"},{"taxonomy":"product_tag","embeddable":true,"href":"https:\/\/www.largepillow.com\/ro\/wp-json\/wp\/v2\/product_tag?post=3563"}],"curies":[{"name":"wp","href":"https:\/\/api.w.org\/{rel}","templated":true}]}}