{"id":3725,"date":"2024-09-02T04:13:40","date_gmt":"2024-09-02T04:13:40","guid":{"rendered":"https:\/\/www.largepillow.com\/product\/luxury-faux-fur-dog-mat-orthopedic-memory-foam-washable"},"modified":"2024-10-03T16:31:25","modified_gmt":"2024-10-03T16:31:25","slug":"pat-pentru-caini-de-lux-din-spuma-cu-memorie-cu-husa-lavabila-din-blana-artificiala","status":"publish","type":"product","link":"https:\/\/www.largepillow.com\/ro\/product\/luxury-memory-foam-dog-bed-with-washable-faux-fur-cover","title":{"rendered":"Pat pentru c\u00e2ini de lux din spum\u0103 cu memorie, cu hus\u0103 lavabil\u0103 din blan\u0103 artificial\u0103"},"content":{"rendered":"[zc_getpagecontent mb=&#8221;mb_aplus&#8221; apid=&#8221;91&#8243;]\n","protected":false},"excerpt":{"rendered":"<ul>\n<li><strong>Design clasic de lux:<\/strong> Acest pat de plu\u0219 pentru c\u00e2ini de talie mare are un design luxos din blan\u0103 artificial\u0103, oferind o atingere super moale \u0219i pufoas\u0103. Creeaz\u0103 un mediu de somn confortabil pentru animalul dvs. de companie. Combina\u021bia dintre baza alb\u0103 \u0219i petele maro \u00eembin\u0103 simplitatea cu elegan\u021ba, integr\u00e2ndu-se perfect \u00een orice decor interior.<\/li>\n<li><strong>Spum\u0103 cu memorie:<\/strong> Patul pentru c\u00e2ini din spum\u0103 cu memorie ofer\u0103 o experien\u021b\u0103 ideal\u0103 de somn pentru c\u00e2inii de toate v\u00e2rstele, \u00een special pentru c\u00e2inii adul\u021bi \u0219i seniori care sufer\u0103 de dureri articulare \u0219i artrit\u0103. Stratul de spum\u0103 cu memorie din acest pat ofer\u0103 suport maxim \u0219i ameliorarea presiunii, asigur\u00e2nd \u00eengrijire \u0219i confort suplimentar pentru articula\u021bii \u0219i oase.<\/li>\n<li><strong>Design \u00eengro\u0219at:<\/strong> Aceast\u0103 saltea mare pentru c\u00e2ini din blan\u0103 artificial\u0103 este conceput\u0103 cu o umplutur\u0103 groas\u0103, cu dou\u0103 straturi, ajung\u00e2nd la o grosime de 8,9 cm. Partea de jos este echipat\u0103 cu spum\u0103 de \u00eenalt\u0103 densitate, \u00een timp ce stratul superior este format din spum\u0103 cu memorie confortabil\u0103. Acest design optimizat nu numai c\u0103 \u00eembun\u0103t\u0103\u021be\u0219te durabilitatea patului, \u00eempiedic\u00e2ndu-l s\u0103 se lase \u00een timp, dar ofer\u0103 \u0219i animalului dvs. de companie un suport stabil \u0219i o experien\u021b\u0103 de somn moale \u0219i pufoas\u0103.<\/li>\n<li><strong>Parte inferioar\u0103 antiderapant\u0103 \u0219i hus\u0103 lavabil\u0103:<\/strong> Patul mare pentru c\u00e2ini din spum\u0103 cu memorie are o baz\u0103 antiderapant\u0103 pentru a-l men\u021bine \u00een siguran\u021b\u0103 la locul s\u0103u \u00een timpul utiliz\u0103rii. \u00cen plus, este dotat cu o hus\u0103 deta\u0219abil\u0103 \u0219i lavabil\u0103, ceea ce faciliteaz\u0103 men\u021binerea cur\u0103\u021beniei \u0219i igienei patului.<\/li>\n<li><strong>Dimensiune mare pentru animale de companie mari:<\/strong> Acest pat de lux pentru c\u00e2ini are dimensiunile de 50\u00d731,5 inci, fiind potrivit pentru animale de companie de talie mare \u0219i extra-mare. Spa\u021biul spa\u021bios permite animalului dvs. de companie s\u0103 se \u00eentind\u0103 \u0219i s\u0103 se \u00eentind\u0103 confortabil, bucur\u00e2ndu-se de o experien\u021b\u0103 de somn de \u00eenalt\u0103 calitate.<\/li>\n<\/ul>","protected":false},"featured_media":3713,"comment_status":"open","ping_status":"closed","template":"","meta":[],"product_brand":[],"product_cat":[227],"product_tag":[],"class_list":{"0":"post-3725","1":"product","2":"type-product","3":"status-publish","4":"has-post-thumbnail","6":"product_cat-pet-supplies","8":"first","9":"instock","10":"shipping-taxable","11":"purchasable","12":"product-type-simple"},"_links":{"self":[{"href":"https:\/\/www.largepillow.com\/ro\/wp-json\/wp\/v2\/product\/3725","targetHints":{"allow":["GET"]}}],"collection":[{"href":"https:\/\/www.largepillow.com\/ro\/wp-json\/wp\/v2\/product"}],"about":[{"href":"https:\/\/www.largepillow.com\/ro\/wp-json\/wp\/v2\/types\/product"}],"replies":[{"embeddable":true,"href":"https:\/\/www.largepillow.com\/ro\/wp-json\/wp\/v2\/comments?post=3725"}],"wp:featuredmedia":[{"embeddable":true,"href":"https:\/\/www.largepillow.com\/ro\/wp-json\/wp\/v2\/media\/3713"}],"wp:attachment":[{"href":"https:\/\/www.largepillow.com\/ro\/wp-json\/wp\/v2\/media?parent=3725"}],"wp:term":[{"taxonomy":"product_brand","embeddable":true,"href":"https:\/\/www.largepillow.com\/ro\/wp-json\/wp\/v2\/product_brand?post=3725"},{"taxonomy":"product_cat","embeddable":true,"href":"https:\/\/www.largepillow.com\/ro\/wp-json\/wp\/v2\/product_cat?post=3725"},{"taxonomy":"product_tag","embeddable":true,"href":"https:\/\/www.largepillow.com\/ro\/wp-json\/wp\/v2\/product_tag?post=3725"}],"curies":[{"name":"wp","href":"https:\/\/api.w.org\/{rel}","templated":true}]}}