{"id":374,"date":"2022-09-15T22:39:47","date_gmt":"2022-09-15T22:39:47","guid":{"rendered":"https:\/\/www.largepillow.com\/product\/big-pillows-for-bed-headboard"},"modified":"2025-12-17T13:30:39","modified_gmt":"2025-12-17T13:30:39","slug":"perna-pentru-spatar","status":"publish","type":"product","link":"https:\/\/www.largepillow.com\/ro\/product\/backrest-pillow\/","title":{"rendered":"Pern\u0103 pentru sp\u0103tar"},"content":{"rendered":"<p>Descoper\u0103 confortul suprem cu perna pentru sp\u0103tar<\/p>\n<p>Te-ai s\u0103turat s\u0103 te chinui s\u0103 te sim\u021bi confortabil \u00een pat \u00een timp ce cite\u0219ti sau te ui\u021bi la televizor? \u00ce\u021bi prezent\u0103m perna pentru sp\u0103tar \u2013 perna triunghiular\u0103 care duce relaxarea de la culcare la noi culmi. <\/p>\n<p>Cu designul s\u0103u ergonomic, aceast\u0103 pern\u0103 pentru t\u0103blia patului se muleaz\u0103 perfect pe spatele \u0219i talia ta, oferind suport lombar personalizat \u0219i reduc\u00e2nd la minimum tensiunea spatelui. Umplutura din poliester de \u00eenalt\u0103 densitate este structurat\u0103 pentru a preveni aplatizarea \u00een timp, \u00een timp ce husa de catifea din poliester 100% este moale \u0219i luxoas\u0103 pe piele.<\/p>\n<p>Dar nu v\u0103 baza\u021bi doar pe cuv\u00e2ntul nostru. Iat\u0103 ce au de spus clien\u021bii entuzia\u0219ti:<\/p>\n<p>\u201cAceast\u0103 pern\u0103 este o salvare pentru mine, ca cititor vorace de noapte. Pot sta drept \u00een pat ore \u00eentregi f\u0103r\u0103 dureri de spate.\u201d<\/p>\n<p>\u201c\u00cemi place s\u0103 folosesc aceast\u0103 pern\u0103 uria\u0219\u0103 ca s\u0103 m\u0103 sprijin \u00een timpul serilor de film cu partenerul meu. Este suficient de lat\u0103 pentru a ne \u00eencape confortabil am\u00e2ndoi.\u201d <\/p>\n<p>\u201cForma triunghiular\u0103 se potrive\u0219te perfect corpului meu. Nu m\u0103 mai trezesc cu g\u00e2tul \u00een\u021bepenit dup\u0103 ce adorm sprijinit.\u201d<\/p>\n<p>Cu dimensiuni de la 45 cm p\u00e2n\u0103 la un spa\u021biu de 200 cm, perna pentru sp\u0103tar are o op\u021biune pentru fiecare utilizator. Fa\u021ba de pern\u0103 se desface cu fermoar \u0219i este lavabil\u0103 la ma\u0219in\u0103, ceea ce simplific\u0103 cur\u0103\u021barea \u0219i \u00eentre\u021binerea. <\/p>\n<p>Ofer\u0103-i spatelui t\u0103u o pauz\u0103 \u0219i un plus de relaxare cu perna pentru sp\u0103tar. Confortul te a\u0219teapt\u0103!<\/p>","protected":false},"excerpt":{"rendered":"<ul>\n<li><strong>Confort suprem:<\/strong> Aceast\u0103 pern\u0103 pentru t\u0103blia patului ofer\u0103 un confort excelent datorit\u0103 designului s\u0103u triunghiular. Perna de sus\u021binere a patului se potrive\u0219te perfect spatelui \u0219i taliei, reduc\u00e2nd la minimum presiunea lombar\u0103\/spatelui. Aceast\u0103 pern\u0103 de citit cu form\u0103 de pan\u0103 v\u0103 poate ajuta s\u0103 r\u0103m\u00e2ne\u021bi f\u0103r\u0103 tensiune \u00een pat sau pe canapea, ceea ce este ideal pentru cei care lucreaz\u0103 noaptea, pentru cititori \u0219i pentru a se uita la televizor \u00een pat. Aceast\u0103 pern\u0103 extra mare este singura pern\u0103 cu form\u0103 de pan\u0103 pentru t\u0103blia patului care poate g\u0103zdui dou\u0103 persoane.<\/li>\n<li><strong>Pern\u0103 mare 3 \u00een 1:<\/strong> Po\u021bi folosi perna vertical\u0103 ca pern\u0103 pentru t\u0103blia patului, pentru a o sus\u021bine \u00een pat, sau o po\u021bi a\u0219eza plat pe pat pentru a o folosi ca o pern\u0103 mare cu pan\u0103 atunci c\u00e2nd dormi pe spate sau pe o parte, sau ca pern\u0103 pentru picioare, pentru a ridica picioarele. Dac\u0103 dore\u0219ti o pern\u0103 mare pentru t\u0103blia patului, care s\u0103 ofere sprijin at\u00e2t \u021bie, c\u00e2t \u0219i so\u021bului\/so\u021biei tale, este o alternativ\u0103 excelent\u0103.<\/li>\n<li><strong>Design multifunc\u021bional:<\/strong> Unii oameni folosesc perna triunghiular\u0103 mare ca pern\u0103 pentru t\u0103blia patului, \u00een timp ce al\u021bii o folosesc ca pern\u0103 protector\u0103, put\u00e2nd fi \u0219i o pern\u0103 pentru sp\u0103tarul canapelei sau al canapelei de zi. Este elegant\u0103 \u0219i func\u021bional\u0103, fiind un plus excelent pentru orice dormitor.<\/li>\n<li><strong>M\u0103iestrie superioar\u0103:<\/strong> Fa\u021ba noastr\u0103 de pern\u0103 este fabricat\u0103 din catifea de poliester 100%, moale, elegant\u0103 \u0219i pl\u0103cut\u0103 la atingere. C\u0103ptu\u0219eala este realizat\u0103 din fibre de poliester de \u00eenalt\u0103 densitate \u0219i calitate, care previn l\u0103sarea chiar \u0219i dup\u0103 luni de utilizare. \u00cen plus, este dotat\u0103 cu buzunare laterale pentru a \u021bine cartea sau telefonul.<\/li>\n<li><strong>U\u0219or de cur\u0103\u021bat:<\/strong> Husa pernei de citit este ata\u0219at\u0103 de pern\u0103 cu nasturi \u0219i este u\u0219or de \u00eendep\u0103rtat cu un fermoar simplu. Acest lucru face ca cur\u0103\u021barea s\u0103 fie f\u0103r\u0103 probleme. Trebuie doar s\u0103 scoate\u021bi husa \u0219i s\u0103 o sp\u0103la\u021bi rapid la ma\u0219in\u0103 pentru ca perna s\u0103 arate ca nou\u0103.<\/li>\n<li><strong>Dimensiune:<\/strong> 45cm (L45 x L20 x \u00ce50 | 0 nasturi), 60cm (L60 x L20 x \u00ce50 | 0 nasturi), 80cm (L80 x L20 x \u00ce50 | 2 nasturi), 100cm (L100 x L20 x \u00ce50 | 3 nasturi), 120cm (L120 x L20 x \u00ce50 | 4 nasturi), 140cm (L140 x L20 x \u00ce50 | 4 nasturi), 160cm (L160 x L20 x \u00ce50 | 5 nasturi), 180cm (L180 x L20 x \u00ce50 | 6 nasturi), 200cm (L200 x L20 x \u00ce50 | 7 nasturi).<\/li>\n<\/ul>","protected":false},"featured_media":357,"comment_status":"open","ping_status":"closed","template":"","meta":[],"product_brand":[],"product_cat":[15],"product_tag":[66,60,215,216,201,132,112,143,182,120],"class_list":{"0":"post-374","1":"product","2":"type-product","3":"status-publish","4":"has-post-thumbnail","6":"product_cat-large-wedge-pillow","7":"product_tag-back-support-pillow","8":"product_tag-backrest-pillow","9":"product_tag-couch-backrest-cushion","10":"product_tag-daybed-bolster","11":"product_tag-grey-pillow","12":"product_tag-large-bolster-pillow","13":"product_tag-lumbar-support-pillow","14":"product_tag-multifunctional-pillow","15":"product_tag-triangle-back-pillow","16":"product_tag-velvet-pillow","18":"first","19":"instock","20":"featured","21":"shipping-taxable","22":"purchasable","23":"product-type-variable"},"_links":{"self":[{"href":"https:\/\/www.largepillow.com\/ro\/wp-json\/wp\/v2\/product\/374","targetHints":{"allow":["GET"]}}],"collection":[{"href":"https:\/\/www.largepillow.com\/ro\/wp-json\/wp\/v2\/product"}],"about":[{"href":"https:\/\/www.largepillow.com\/ro\/wp-json\/wp\/v2\/types\/product"}],"replies":[{"embeddable":true,"href":"https:\/\/www.largepillow.com\/ro\/wp-json\/wp\/v2\/comments?post=374"}],"wp:featuredmedia":[{"embeddable":true,"href":"https:\/\/www.largepillow.com\/ro\/wp-json\/wp\/v2\/media\/357"}],"wp:attachment":[{"href":"https:\/\/www.largepillow.com\/ro\/wp-json\/wp\/v2\/media?parent=374"}],"wp:term":[{"taxonomy":"product_brand","embeddable":true,"href":"https:\/\/www.largepillow.com\/ro\/wp-json\/wp\/v2\/product_brand?post=374"},{"taxonomy":"product_cat","embeddable":true,"href":"https:\/\/www.largepillow.com\/ro\/wp-json\/wp\/v2\/product_cat?post=374"},{"taxonomy":"product_tag","embeddable":true,"href":"https:\/\/www.largepillow.com\/ro\/wp-json\/wp\/v2\/product_tag?post=374"}],"curies":[{"name":"wp","href":"https:\/\/api.w.org\/{rel}","templated":true}]}}