{"id":3754,"date":"2024-09-03T04:08:26","date_gmt":"2024-09-03T04:08:26","guid":{"rendered":"https:\/\/www.largepillow.com\/product\/3d-planet-throw-pillows-solar-system-decor-soft-cushion-black-moon"},"modified":"2024-10-03T16:31:34","modified_gmt":"2024-10-03T16:31:34","slug":"perne-decorative-3d-cu-planete-decor-pentru-sistemul-solar-perna-moale-luna-neagra","status":"publish","type":"product","link":"https:\/\/www.largepillow.com\/ro\/product\/3d-planet-throw-pillows-solar-system-decor-soft-cushion-black-moon","title":{"rendered":"Perne decorative 3D cu planete, decor cu sistemul solar, pern\u0103 moale (Lun\u0103 neagr\u0103)"},"content":{"rendered":"","protected":false},"excerpt":{"rendered":"<ul>\n<li><strong>Design cu tematic\u0103 planetar\u0103:<\/strong>\u00a0Creeaz\u0103 un decor unic pentru casa ta cu aceste perne din sistemul solar care prezint\u0103 Soarele, P\u0103m\u00e2ntul, Luna, Venus, Jupiter, Mercur, Marte, Saturn, Uranus, Neptun \u0219i Pluto. Fiecare pern\u0103 are un design planetar unic, oferindu-\u021bi libertatea de a combina \u0219i asorta pentru un aspect personalizat.<\/li>\n<li><strong>Pern\u0103 practic\u0103 pentru podea:<\/strong> Aceste perne decorative cu planete pot fi folosite ca recuzit\u0103 versatil \u00eentr-un studio foto sau ca perne confortabile de podea, perne decorative, perne de canapea, perne tip pan\u0103 \u0219i perne de canapea pentru a decora casa, gr\u0103dina \u0219i gr\u0103dini\u021ba. Ele ofer\u0103 o pern\u0103 confortabil\u0103 pentru cap sau spate \u00een timp ce v\u0103 relaxa\u021bi \u0219i v\u0103 destinde\u021bi, fiind perfecte pentru a fi utilizate ca accent decorativ sau ca locuri suplimentare pentru \u0219ezut. De asemenea, sunt excelente pentru yoga sau medita\u021bie.<\/li>\n<li><strong>Pern\u0103 decorativ\u0103 pentru podea:<\/strong> Aceste perne planetare sunt perfecte pentru a ad\u0103uga o not\u0103 de elegan\u021b\u0103 \u0219i confort dormitorului, camerei de zi sau oric\u0103rui alt spa\u021biu din casa ta. Culorile vibrante \u0219i designurile unice le fac un subiect de conversa\u021bie \u0219i pot fi u\u0219or asortate cu alte obiecte decorative pentru un aspect uniform. Po\u021bi combina \u0219i asorta diferite stiluri pentru a crea un decor personalizat, cu tematic\u0103 spa\u021bial\u0103, care s\u0103 reflecte personalitatea \u0219i stilul t\u0103u.<\/li>\n<li><strong>Ca un cadou:<\/strong> Perna cu tematic\u0103 planetar\u0103 este un cadou excelent pentru oricine iube\u0219te spa\u021biul, astronomia sau \u0219tiin\u021ba. Este perfect\u0103 pentru copii, adolescen\u021bi, studen\u021bi sau adul\u021bi care doresc s\u0103 adauge un obiect distractiv \u0219i func\u021bional \u00een camera lor. De asemenea, o pute\u021bi oferi cadou cu ocazii speciale, cum ar fi zilele de na\u0219tere, Cr\u0103ciunul sau absolvirea.<\/li>\n<li><strong>Instruc\u021biuni de sp\u0103lare:<\/strong> Perna Planet este confec\u021bionat\u0103 din \u021bes\u0103tur\u0103 groas\u0103 de catifea de \u00eenalt\u0103 calitate, asigur\u00e2nd durabilitate \u0219i calitate. Este prev\u0103zut\u0103 cu fermoar pentru cur\u0103\u021bare u\u0219oar\u0103, facilit\u00e2nd \u00eentre\u021binerea. Umplutura este din poliester 100% pentru o elasticitate excep\u021bional\u0103. Se spal\u0103 la ma\u0219in\u0103 cu ap\u0103 rece, doar la ciclu delicat, nu se utilizeaz\u0103 albire, se usuc\u0103 \u00een usc\u0103tor la temperatur\u0103 joas\u0103, dac\u0103 este necesar. Materialul moale \u0219i prietenos cu pielea va fi cea mai bun\u0103 alegere pentru familie, prieteni \u0219i copii.<\/li>\n<li><strong>Dimensiune:<\/strong>\u00a0Mare (41x41cm), Mediu (25x25cm)<\/li>\n<\/ul>","protected":false},"featured_media":3744,"comment_status":"open","ping_status":"closed","template":"","meta":[],"product_brand":[],"product_cat":[231],"product_tag":[],"class_list":{"0":"post-3754","1":"product","2":"type-product","3":"status-publish","4":"has-post-thumbnail","6":"product_cat-throw-pillows","8":"first","9":"instock","10":"shipping-taxable","11":"purchasable","12":"product-type-variable","13":"has-default-attributes"},"_links":{"self":[{"href":"https:\/\/www.largepillow.com\/ro\/wp-json\/wp\/v2\/product\/3754","targetHints":{"allow":["GET"]}}],"collection":[{"href":"https:\/\/www.largepillow.com\/ro\/wp-json\/wp\/v2\/product"}],"about":[{"href":"https:\/\/www.largepillow.com\/ro\/wp-json\/wp\/v2\/types\/product"}],"replies":[{"embeddable":true,"href":"https:\/\/www.largepillow.com\/ro\/wp-json\/wp\/v2\/comments?post=3754"}],"wp:featuredmedia":[{"embeddable":true,"href":"https:\/\/www.largepillow.com\/ro\/wp-json\/wp\/v2\/media\/3744"}],"wp:attachment":[{"href":"https:\/\/www.largepillow.com\/ro\/wp-json\/wp\/v2\/media?parent=3754"}],"wp:term":[{"taxonomy":"product_brand","embeddable":true,"href":"https:\/\/www.largepillow.com\/ro\/wp-json\/wp\/v2\/product_brand?post=3754"},{"taxonomy":"product_cat","embeddable":true,"href":"https:\/\/www.largepillow.com\/ro\/wp-json\/wp\/v2\/product_cat?post=3754"},{"taxonomy":"product_tag","embeddable":true,"href":"https:\/\/www.largepillow.com\/ro\/wp-json\/wp\/v2\/product_tag?post=3754"}],"curies":[{"name":"wp","href":"https:\/\/api.w.org\/{rel}","templated":true}]}}