{"id":3792,"date":"2024-09-03T04:31:56","date_gmt":"2024-09-03T04:31:56","guid":{"rendered":"https:\/\/www.largepillow.com\/product\/y-shaped-reading-pillow-with-arm-rests-memory-foam-support"},"modified":"2025-05-05T18:57:03","modified_gmt":"2025-05-05T18:57:03","slug":"perna-de-citit-in-forma-de-y-cu-suport-pentru-brate-din-spuma-cu-memorie","status":"publish","type":"product","link":"https:\/\/www.largepillow.com\/ro\/product\/y-shaped-reading-pillow-with-arm-rests-memory-foam-support","title":{"rendered":"Pern\u0103 de citit \u00een form\u0103 de Y cu cotiere \u0219i suport din spum\u0103 cu memorie"},"content":{"rendered":"[zc_getpagecontent mb=&#8221;mb_aplus&#8221; apid=&#8221;87&#8243;]\n","protected":false},"excerpt":{"rendered":"<ul>\n<li><strong>Design inovator:<\/strong> Perna de citit \u00een form\u0103 de Y, recent modernizat\u0103, pentru adul\u021bi, prezint\u0103 un design inovator care adaug\u0103 o func\u021bie de \u00eentindere \u00een pat (veler) caracteristicilor sale de baz\u0103. Am amenajat o zon\u0103 de plasare a bra\u021belor pentru a permite ca m\u00e2inile s\u0103 treac\u0103 prin perna de citit atunci c\u00e2nd v\u0103 \u00eentinde\u021bi \u00een pat. Indiferent dac\u0103 citi\u021bi, studia\u021bi sau v\u0103 juca\u021bi cu telefonul mobil, bra\u021bele se pot sim\u021bi relaxate, iar disconfortul g\u00e2tului poate fi redus la minimum. Pute\u021bi trece oric\u00e2nd la o pozi\u021bie confortabil\u0103.<\/li>\n<li><strong>Confort maxim:<\/strong> Designul curbat al acestei perne pentru spate se muleaz\u0103 pe curbele naturale ale corpului dumneavoastr\u0103, oferind un confort \u0219i un suport excep\u021bional pentru spate, talie \u0219i g\u00e2t. Indiferent dac\u0103 citi\u021bi, v\u0103 uita\u021bi la televizor sau lucra\u021bi, aceast\u0103 pern\u0103 v\u0103 asigur\u0103 o experien\u021b\u0103 mai confortabil\u0103.<\/li>\n<li><strong>Suport multifunc\u021bional:<\/strong> Aceast\u0103 pern\u0103 versatil\u0103 ofer\u0103 suport complet pentru g\u00e2t, spate, talie \u0219i picioare. Poate fi folosit\u0103 ca pern\u0103 pentru spate, pern\u0103 cu fa\u021ba \u00een jos, pern\u0103 cu pan\u0103 pentru pat \u0219i pern\u0103 pentru picioare, fiind o alegere excelent\u0103 pentru diverse activit\u0103\u021bi \u0219i nevoi de s\u0103n\u0103tate.<\/li>\n<li><strong>Materiale de calitate premium:<\/strong> Fabricat\u0103 din spum\u0103 cu memorie de \u00eenalt\u0103 densitate \u0219i cu revenire lent\u0103, aceast\u0103 pern\u0103 ofer\u0103 un suport stabil, men\u021bin\u00e2ndu-\u0219i \u00een acela\u0219i timp forma \u0219i densitatea original\u0103. \u00ce\u0219i va rec\u0103p\u0103ta forma complet\u0103 \u00een 24-48 de ore dup\u0103 compresie.<\/li>\n<li><strong>U\u0219or de cur\u0103\u021bat:<\/strong> Fa\u021ba de pern\u0103 deta\u0219abil\u0103 este fabricat\u0103 dintr-un material moale \u0219i confortabil, cu o suprafa\u021b\u0103 de tip plas\u0103, ceea ce o face durabil\u0103 \u0219i u\u0219or de cur\u0103\u021bat. Pur \u0219i simplu desface\u021bi fermoarul fe\u021bei de pern\u0103 \u0219i scoate\u021bi-o de pe perna din spum\u0103 cu memorie atunci c\u00e2nd trebuie sp\u0103lat\u0103.<\/li>\n<\/ul>","protected":false},"featured_media":3784,"comment_status":"open","ping_status":"closed","template":"","meta":[],"product_brand":[],"product_cat":[228],"product_tag":[],"class_list":{"0":"post-3792","1":"product","2":"type-product","3":"status-publish","4":"has-post-thumbnail","6":"product_cat-cushions","8":"first","9":"instock","10":"shipping-taxable","11":"purchasable","12":"product-type-variable","13":"has-default-attributes"},"_links":{"self":[{"href":"https:\/\/www.largepillow.com\/ro\/wp-json\/wp\/v2\/product\/3792","targetHints":{"allow":["GET"]}}],"collection":[{"href":"https:\/\/www.largepillow.com\/ro\/wp-json\/wp\/v2\/product"}],"about":[{"href":"https:\/\/www.largepillow.com\/ro\/wp-json\/wp\/v2\/types\/product"}],"replies":[{"embeddable":true,"href":"https:\/\/www.largepillow.com\/ro\/wp-json\/wp\/v2\/comments?post=3792"}],"wp:featuredmedia":[{"embeddable":true,"href":"https:\/\/www.largepillow.com\/ro\/wp-json\/wp\/v2\/media\/3784"}],"wp:attachment":[{"href":"https:\/\/www.largepillow.com\/ro\/wp-json\/wp\/v2\/media?parent=3792"}],"wp:term":[{"taxonomy":"product_brand","embeddable":true,"href":"https:\/\/www.largepillow.com\/ro\/wp-json\/wp\/v2\/product_brand?post=3792"},{"taxonomy":"product_cat","embeddable":true,"href":"https:\/\/www.largepillow.com\/ro\/wp-json\/wp\/v2\/product_cat?post=3792"},{"taxonomy":"product_tag","embeddable":true,"href":"https:\/\/www.largepillow.com\/ro\/wp-json\/wp\/v2\/product_tag?post=3792"}],"curies":[{"name":"wp","href":"https:\/\/api.w.org\/{rel}","templated":true}]}}