{"id":3829,"date":"2024-09-04T03:58:09","date_gmt":"2024-09-04T03:58:09","guid":{"rendered":"https:\/\/www.largepillow.com\/product\/foldable-gymnastics-mat-versatile-portable-exercise-accessory"},"modified":"2024-10-03T16:31:25","modified_gmt":"2024-10-03T16:31:25","slug":"saltea-de-gimnastica-pliabila-accesoriu-portabil-si-versatil-pentru-exercitii","status":"publish","type":"product","link":"https:\/\/www.largepillow.com\/ro\/product\/foldable-gymnastics-mat-versatile-portable-exercise-accessory","title":{"rendered":"Saltea de gimnastic\u0103 pliabil\u0103: accesoriu versatil \u0219i portabil pentru exerci\u021bii"},"content":{"rendered":"","protected":false},"excerpt":{"rendered":"<ul>\n<li>Pern\u0103 versatil\u0103 pentru exerci\u021bii, care poate fi utilizat\u0103 pentru o varietate de activit\u0103\u021bi, inclusiv gimnastic\u0103 \u0219i antrenamente.<\/li>\n<li>Designul pliabil permite depozitarea \u0219i portabilitatea u\u0219oar\u0103. Perimetrul saltelei de gimnastic\u0103 este prev\u0103zut cu velcro de \u00eenalt\u0103 calitate, care nu d\u0103uneaz\u0103 pielii \u0219i are o aderen\u021b\u0103 puternic\u0103, facilit\u00e2nd combinarea mai multor dimensiuni de saltele sportive.<\/li>\n<li>Culorile vibrante \u00eel fac atractiv din punct de vedere vizual \u0219i potrivit pentru a fi folosit ca covora\u0219 de joac\u0103 pentru copii.<\/li>\n<li>Fabricat\u0103 din burete \u0219i material tehnologic, este impermeabil\u0103 \u0219i rezistent\u0103 la murd\u0103rie, fiind ideal\u0103 pentru activit\u0103\u021bi care implic\u0103 transpira\u021bie.<\/li>\n<li>Materialul tehnologic ofer\u0103 o textur\u0103 moale \u0219i confortabil\u0103, perfect\u0103 pentru uz casnic.<\/li>\n<li>Propriet\u0103\u021bile antiderapante ale materialului tehnologic ofer\u0103 stabilitate \u00een timpul jocului, asigur\u00e2nd siguran\u021ba copiilor.<\/li>\n<li>Materialul moale al pernei reduce riscul de r\u0103nire \u00een caz de c\u0103deri sau coliziuni.<\/li>\n<\/ul>","protected":false},"featured_media":3817,"comment_status":"open","ping_status":"closed","template":"","meta":[],"product_brand":[],"product_cat":[228],"product_tag":[],"class_list":{"0":"post-3829","1":"product","2":"type-product","3":"status-publish","4":"has-post-thumbnail","6":"product_cat-cushions","8":"first","9":"outofstock","10":"shipping-taxable","11":"purchasable","12":"product-type-simple"},"_links":{"self":[{"href":"https:\/\/www.largepillow.com\/ro\/wp-json\/wp\/v2\/product\/3829","targetHints":{"allow":["GET"]}}],"collection":[{"href":"https:\/\/www.largepillow.com\/ro\/wp-json\/wp\/v2\/product"}],"about":[{"href":"https:\/\/www.largepillow.com\/ro\/wp-json\/wp\/v2\/types\/product"}],"replies":[{"embeddable":true,"href":"https:\/\/www.largepillow.com\/ro\/wp-json\/wp\/v2\/comments?post=3829"}],"wp:featuredmedia":[{"embeddable":true,"href":"https:\/\/www.largepillow.com\/ro\/wp-json\/wp\/v2\/media\/3817"}],"wp:attachment":[{"href":"https:\/\/www.largepillow.com\/ro\/wp-json\/wp\/v2\/media?parent=3829"}],"wp:term":[{"taxonomy":"product_brand","embeddable":true,"href":"https:\/\/www.largepillow.com\/ro\/wp-json\/wp\/v2\/product_brand?post=3829"},{"taxonomy":"product_cat","embeddable":true,"href":"https:\/\/www.largepillow.com\/ro\/wp-json\/wp\/v2\/product_cat?post=3829"},{"taxonomy":"product_tag","embeddable":true,"href":"https:\/\/www.largepillow.com\/ro\/wp-json\/wp\/v2\/product_tag?post=3829"}],"curies":[{"name":"wp","href":"https:\/\/api.w.org\/{rel}","templated":true}]}}