{"id":3869,"date":"2024-09-05T01:51:41","date_gmt":"2024-09-05T01:51:41","guid":{"rendered":"https:\/\/www.largepillow.com\/product\/bed-wedge-pillow-headboard-bolster-beige-wool-rolls"},"modified":"2026-03-15T22:54:46","modified_gmt":"2026-03-15T22:54:46","slug":"bed-wedge-pillow-headboard-bolster-beige-wool-rolls","status":"publish","type":"product","link":"https:\/\/www.largepillow.com\/ro\/product\/bed-wedge-pillow-headboard-bolster-beige-wool-rolls","title":{"rendered":"Pern\u0103 tip pan\u0103 pentru t\u0103blie de pat, role de l\u00e2n\u0103 bej"},"content":{"rendered":"","protected":false},"excerpt":{"rendered":"<ul>\n<li><strong>MULTIFUNC\u021aIONALITATE:<\/strong> Mai mult dec\u00e2t o simpl\u0103 pern\u0103 pentru t\u0103blia patului, designul nostru de pern\u0103 tip pan\u0103 permite o varietate de utiliz\u0103ri \u0219i poate fi folosit ca un ajutor ideal pentru sus\u021binerea spatelui, ridicarea picioarelor, citit, vizionarea televizorului \u0219i multe alte posturi pentru a v\u0103 satisface multiplele nevoi.<\/li>\n<li><strong>DESIGN ERGONOMIC:<\/strong> \u00cengrijire intim\u0103, ingeniozitate ergonomic\u0103. V\u0103 ofer\u0103 cel mai confortabil suport, reduc presiunea asupra vertebrelor cervicale \u0219i lombare, bucura\u021bi-v\u0103 de fiecare moment de confort \u0219i confort.<\/li>\n<li><strong>CONFORT:<\/strong> Perna triunghiular\u0103 mare cu pan\u0103 este fabricat\u0103 din materiale de \u00eenalt\u0103 calitate \u0219i are o tehnologie de procesare delicat\u0103 pentru a asigura moliciunea \u0219i confortul pernei pentru tetier\u0103 cu pan\u0103, astfel \u00eenc\u00e2t s\u0103 v\u0103 pute\u021bi bucura de o potrivire intim\u0103, o senza\u021bie cald\u0103 \u0219i confortabil\u0103.<\/li>\n<li><strong>MATERIAL:<\/strong> Pernele pentru sp\u0103tarul canapelei sunt fabricate din materiale de \u00eenalt\u0103 calitate, moi \u0219i prietenoase cu pielea, rezistente la \u0219ifonare \u0219i la uzur\u0103, oferindu-v\u0103 o atingere confortabil\u0103 \u0219i o respirabilitate excelent\u0103, men\u021bin\u00e2ndu-v\u0103 uscat \u0219i confortabil.<\/li>\n<li><strong>U\u0218OR DE CUR\u0102\u021aAT:<\/strong> Perna tip pan\u0103 are o hus\u0103 deta\u0219abil\u0103 \u0219i lavabil\u0103 pentru o \u00eentre\u021binere u\u0219oar\u0103, astfel \u00eenc\u00e2t s\u0103 ave\u021bi \u00eentotdeauna un mediu de odihn\u0103 proasp\u0103t \u0219i ordonat.<\/li>\n<li><strong>Dimensiune:<\/strong> 60cm (60*20*50cm), 80cm (80*20*50cm), 100cm (100*20*50cm), 120cm (120*20*50cm), 140cm (140*20*50cm), 160cm (160*20*50cm), 180cm (180*20*50cm), 200cm (200*20*50cm)<\/li>\n<\/ul>","protected":false},"featured_media":3861,"comment_status":"open","ping_status":"closed","template":"","meta":[],"product_brand":[],"product_cat":[15],"product_tag":[],"class_list":{"0":"post-3869","1":"product","2":"type-product","3":"status-publish","4":"has-post-thumbnail","6":"product_cat-large-wedge-pillow","8":"first","9":"instock","10":"shipping-taxable","11":"purchasable","12":"product-type-variable","13":"has-default-attributes"},"_links":{"self":[{"href":"https:\/\/www.largepillow.com\/ro\/wp-json\/wp\/v2\/product\/3869","targetHints":{"allow":["GET"]}}],"collection":[{"href":"https:\/\/www.largepillow.com\/ro\/wp-json\/wp\/v2\/product"}],"about":[{"href":"https:\/\/www.largepillow.com\/ro\/wp-json\/wp\/v2\/types\/product"}],"replies":[{"embeddable":true,"href":"https:\/\/www.largepillow.com\/ro\/wp-json\/wp\/v2\/comments?post=3869"}],"wp:featuredmedia":[{"embeddable":true,"href":"https:\/\/www.largepillow.com\/ro\/wp-json\/wp\/v2\/media\/3861"}],"wp:attachment":[{"href":"https:\/\/www.largepillow.com\/ro\/wp-json\/wp\/v2\/media?parent=3869"}],"wp:term":[{"taxonomy":"product_brand","embeddable":true,"href":"https:\/\/www.largepillow.com\/ro\/wp-json\/wp\/v2\/product_brand?post=3869"},{"taxonomy":"product_cat","embeddable":true,"href":"https:\/\/www.largepillow.com\/ro\/wp-json\/wp\/v2\/product_cat?post=3869"},{"taxonomy":"product_tag","embeddable":true,"href":"https:\/\/www.largepillow.com\/ro\/wp-json\/wp\/v2\/product_tag?post=3869"}],"curies":[{"name":"wp","href":"https:\/\/api.w.org\/{rel}","templated":true}]}}