{"id":4064,"date":"2024-09-06T01:40:07","date_gmt":"2024-09-06T01:40:07","guid":{"rendered":"https:\/\/www.largepillow.com\/product\/large-wedge-reading-pillow-for-bed-daybed-bolster-backrest-pink"},"modified":"2025-11-30T11:11:37","modified_gmt":"2025-11-30T11:11:37","slug":"perna-de-citit-cu-pana-mare-pentru-pat-canapea-spatar-roz","status":"publish","type":"product","link":"https:\/\/www.largepillow.com\/ro\/product\/large-wedge-reading-pillow-for-bed-daybed-bolster-backrest-pink","title":{"rendered":"Pern\u0103 mare de citit cu pan\u0103 pentru pat, canapea, sp\u0103tar roz"},"content":{"rendered":"","protected":false},"excerpt":{"rendered":"<ul>\n<li>Confort suprem: Aceast\u0103 pern\u0103 XL pentru t\u0103blia patului ofer\u0103 un confort excelent datorit\u0103 designului s\u0103u triunghiular. Perna de sus\u021binere a patului se potrive\u0219te perfect spatelui \u0219i taliei, reduc\u00e2nd la minimum presiunea lombar\u0103\/spatelui. Aceast\u0103 pern\u0103 tip pan\u0103 pentru citit v\u0103 poate ajuta s\u0103 r\u0103m\u00e2ne\u021bi f\u0103r\u0103 tensiune \u00een pat sau pe canapea, fiind ideal\u0103 pentru cei care lucreaz\u0103 noaptea, pentru cititorii pasiona\u021bi de muzic\u0103 \u0219i pentru cei care se uit\u0103 la televizor \u00een pat. Aceast\u0103 pern\u0103 extra-large pentru t\u0103blia pan\u0103 este singura pern\u0103 tip pan\u0103 pentru t\u0103blia patului care poate g\u0103zdui dou\u0103 persoane.<\/li>\n<li>Pern\u0103 mare 3 \u00een 1 pentru t\u0103blie: Pute\u021bi folosi perna \u00een pozi\u021bie vertical\u0103 ca pern\u0103 pentru t\u0103blie, pentru a sta \u00een pat, sau o pute\u021bi a\u0219eza plat pe pat pentru a o folosi ca o pern\u0103 mare cu pan\u0103 atunci c\u00e2nd dormi\u021bi pe spate sau pe o parte, sau ca pern\u0103 pentru picioare, pentru a ridica picioarele. Dac\u0103 dori\u021bi o pern\u0103 mare pentru t\u0103blie, care s\u0103 ofere sprijin at\u00e2t dumneavoastr\u0103, c\u00e2t \u0219i so\u021bului\/so\u021biei dumneavoastr\u0103, este o alternativ\u0103 excelent\u0103.<\/li>\n<li>Design multifunc\u021bional: Unii oameni folosesc perna triunghiular\u0103 mare ca pern\u0103 pentru t\u0103blia patului, \u00een timp ce al\u021bii o folosesc ca pern\u0103 protector\u0103, put\u00e2nd fi \u0219i o pern\u0103 pentru sp\u0103tarul canapelei sau al canapelei de zi. Este elegant\u0103 \u0219i func\u021bional\u0103, fiind un plus excelent pentru orice dormitor.<\/li>\n<li>M\u0103iestrie superioar\u0103: Fa\u021ba de pern\u0103 are aspect de catifea reiat\u0103, iar compozi\u021bia este din poliester 100%. Perna noastr\u0103 pentru t\u0103blia patului este respirabil\u0103 \u0219i suficient de confortabil\u0103 pentru a-\u0219i men\u021bine forma \u0219i a nu-\u0219i pierde forma \u00een timp. Un buzunar lateral pe fiecare parte v\u0103 permite s\u0103 v\u0103 pune\u021bi cartea sau telefonul.<\/li>\n<li>U\u0219or de sp\u0103lat: Husa pernei de citit este ata\u0219at\u0103 de pern\u0103 cu nasturi \u0219i este u\u0219or de \u00eendep\u0103rtat cu un fermoar simplu. Acest lucru face ca cur\u0103\u021barea s\u0103 fie f\u0103r\u0103 probleme. Trebuie doar s\u0103 scoate\u021bi husa \u0219i s\u0103 o sp\u0103la\u021bi rapid la ma\u0219in\u0103 pentru ca perna s\u0103 arate ca nou\u0103.<\/li>\n<li><strong>Dimensiune:<\/strong> 60cm (60*20*50cm, 2 nasturi), 80cm (80*20*50cm, 2 nasturi), 100cm (100*20*50cm, 3 nasturi), 120cm (120*20*50cm, 4 nasturi), 140cm (140*20*50cm, 4 nasturi), 160cm (160*20*50cm, 5 nasturi), 180cm (180*20*50cm, 6 nasturi), 200cm (200*20*50cm, 7 nasturi)<\/li>\n<\/ul>","protected":false},"featured_media":4048,"comment_status":"open","ping_status":"closed","template":"","meta":[],"product_brand":[],"product_cat":[15],"product_tag":[],"class_list":{"0":"post-4064","1":"product","2":"type-product","3":"status-publish","4":"has-post-thumbnail","6":"product_cat-large-wedge-pillow","8":"first","9":"instock","10":"shipping-taxable","11":"purchasable","12":"product-type-variable","13":"has-default-attributes"},"_links":{"self":[{"href":"https:\/\/www.largepillow.com\/ro\/wp-json\/wp\/v2\/product\/4064","targetHints":{"allow":["GET"]}}],"collection":[{"href":"https:\/\/www.largepillow.com\/ro\/wp-json\/wp\/v2\/product"}],"about":[{"href":"https:\/\/www.largepillow.com\/ro\/wp-json\/wp\/v2\/types\/product"}],"replies":[{"embeddable":true,"href":"https:\/\/www.largepillow.com\/ro\/wp-json\/wp\/v2\/comments?post=4064"}],"wp:featuredmedia":[{"embeddable":true,"href":"https:\/\/www.largepillow.com\/ro\/wp-json\/wp\/v2\/media\/4048"}],"wp:attachment":[{"href":"https:\/\/www.largepillow.com\/ro\/wp-json\/wp\/v2\/media?parent=4064"}],"wp:term":[{"taxonomy":"product_brand","embeddable":true,"href":"https:\/\/www.largepillow.com\/ro\/wp-json\/wp\/v2\/product_brand?post=4064"},{"taxonomy":"product_cat","embeddable":true,"href":"https:\/\/www.largepillow.com\/ro\/wp-json\/wp\/v2\/product_cat?post=4064"},{"taxonomy":"product_tag","embeddable":true,"href":"https:\/\/www.largepillow.com\/ro\/wp-json\/wp\/v2\/product_tag?post=4064"}],"curies":[{"name":"wp","href":"https:\/\/api.w.org\/{rel}","templated":true}]}}