{"id":4182,"date":"2024-09-12T03:55:25","date_gmt":"2024-09-12T03:55:25","guid":{"rendered":"https:\/\/www.largepillow.com\/product\/triangular-headboard-pillow-for-sleeping-with-side-pocket"},"modified":"2024-10-03T16:31:33","modified_gmt":"2024-10-03T16:31:33","slug":"triangular-headboard-pillow-for-sleeping-with-side-pocket","status":"publish","type":"product","link":"https:\/\/www.largepillow.com\/ro\/product\/triangular-headboard-pillow-for-sleeping-with-side-pocket","title":{"rendered":"Pern\u0103 triunghiular\u0103 pentru t\u0103blia patului, cu buzunar lateral"},"content":{"rendered":"","protected":false},"excerpt":{"rendered":"<ul>\n<li><strong>High-quality Craftsmanship:<\/strong> To make back cushions look more perfect and harmonious, the designer chose a decorative button in the same color as the cushion cover. The cushion cover is smooth and durable, and the wedge cushion is soft and elastic. There is a zipper at the bottom, and the filling cotton is packed in a layer of padding. PP cotton can be added or reduced according to your own feeling during use.<\/li>\n<li><strong>Material:<\/strong> Printed wedge pillow cover made from 100% cotton. The filling is made of polyester fiber (PP cotton). Soft to the touch, dyed in an environmentally friendly way, no pilling, no fading. Delicate prints decorate the indoor environment better.<\/li>\n<li><strong>Function:<\/strong>\u00a0Our functional support cushions can support your back when you work or read, so you don&#8217;t feel so tired. Just take it home, and your ordinary sofas and beds will become more refined. In addition, our pattern plush headboard pillow can give a fresh and stylish appearance to indoor living room balconies and outdoor garden chairs.\u00a0Cell phones or other everyday necessities can be stored in the side pockets of the cushions.<\/li>\n<li><strong>Dimensiune:<\/strong> 60cm (60*20*50cm), 140cm (140*20*50cm), 180cm (180*20*50cm)<\/li>\n<li>Please note that the buttons are not removable and are firmly sewn into the cushion core. There is a hole under each button that is deliberately left behind to make it easier to remove the cushion cover.<\/li>\n<\/ul>","protected":false},"featured_media":4169,"comment_status":"open","ping_status":"closed","template":"","meta":[],"product_brand":[],"product_cat":[15],"product_tag":[],"class_list":{"0":"post-4182","1":"product","2":"type-product","3":"status-publish","4":"has-post-thumbnail","6":"product_cat-large-wedge-pillow","8":"first","9":"instock","10":"shipping-taxable","11":"purchasable","12":"product-type-variable","13":"has-default-attributes"},"_links":{"self":[{"href":"https:\/\/www.largepillow.com\/ro\/wp-json\/wp\/v2\/product\/4182","targetHints":{"allow":["GET"]}}],"collection":[{"href":"https:\/\/www.largepillow.com\/ro\/wp-json\/wp\/v2\/product"}],"about":[{"href":"https:\/\/www.largepillow.com\/ro\/wp-json\/wp\/v2\/types\/product"}],"replies":[{"embeddable":true,"href":"https:\/\/www.largepillow.com\/ro\/wp-json\/wp\/v2\/comments?post=4182"}],"wp:featuredmedia":[{"embeddable":true,"href":"https:\/\/www.largepillow.com\/ro\/wp-json\/wp\/v2\/media\/4169"}],"wp:attachment":[{"href":"https:\/\/www.largepillow.com\/ro\/wp-json\/wp\/v2\/media?parent=4182"}],"wp:term":[{"taxonomy":"product_brand","embeddable":true,"href":"https:\/\/www.largepillow.com\/ro\/wp-json\/wp\/v2\/product_brand?post=4182"},{"taxonomy":"product_cat","embeddable":true,"href":"https:\/\/www.largepillow.com\/ro\/wp-json\/wp\/v2\/product_cat?post=4182"},{"taxonomy":"product_tag","embeddable":true,"href":"https:\/\/www.largepillow.com\/ro\/wp-json\/wp\/v2\/product_tag?post=4182"}],"curies":[{"name":"wp","href":"https:\/\/api.w.org\/{rel}","templated":true}]}}