{"id":4197,"date":"2024-09-12T04:05:24","date_gmt":"2024-09-12T04:05:24","guid":{"rendered":"https:\/\/www.largepillow.com\/product\/large-bed-wedge-pillow-backrest-support-with-side-pocket"},"modified":"2026-03-05T19:55:59","modified_gmt":"2026-03-05T19:55:59","slug":"perna-mare-cu-pana-pentru-pat-spatar-cu-buzunar-lateral","status":"publish","type":"product","link":"https:\/\/www.largepillow.com\/ro\/product\/large-bed-wedge-pillow-backrest-support-with-side-pocket","title":{"rendered":"Pern\u0103 mare pentru pat cu pan\u0103, suport pentru sp\u0103tar \u0219i buzunar lateral"},"content":{"rendered":"","protected":false},"excerpt":{"rendered":"<ul>\n<li><strong>Me\u0219te\u0219ug de \u00eenalt\u0103 calitate:<\/strong> Pentru ca pernele de spate s\u0103 arate mai perfect \u0219i armonios, designerul a ales un nasture decorativ \u00een aceea\u0219i culoare cu husa pernei. Husa pernei este neted\u0103 \u0219i durabil\u0103, iar perna tip pan\u0103 este moale \u0219i elastic\u0103. Exist\u0103 un fermoar \u00een partea de jos, iar umplutura din bumbac este ambalat\u0103 \u00eentr-un strat de c\u0103ptu\u0219eal\u0103. Bumbacul PP poate fi ad\u0103ugat sau redus \u00een func\u021bie de propria utilizare.<\/li>\n<li><strong>Material:<\/strong> Fa\u021b\u0103 de pern\u0103 cu imprimeu won, confec\u021bionat\u0103 din bumbac 100%. Umplutura este din fibr\u0103 de poliester (bumbac PP). Moale la atingere, vopsit\u0103 \u00eentr-un mod ecologic, nu se sc\u0103rponeaz\u0103 \u0219i nu se decoloreaz\u0103. Imprimeurile delicate decoreaz\u0103 mai bine mediul interior.<\/li>\n<li><strong>Func\u0163ie:<\/strong>\u00a0Pernele noastre func\u021bionale de sus\u021binere v\u0103 pot sprijini spatele atunci c\u00e2nd lucra\u021bi sau citi\u021bi, astfel \u00eenc\u00e2t s\u0103 nu v\u0103 sim\u021bi\u021bi at\u00e2t de obosit. Pur \u0219i simplu lua\u021bi-l acas\u0103, iar canapelele \u0219i paturile dumneavoastr\u0103 obi\u0219nuite vor deveni mai rafinate. \u00cen plus, perna noastr\u0103 de pat din plu\u0219 cu model poate oferi un aspect proasp\u0103t \u0219i elegant balcoanelor din sufrageria interioar\u0103 \u0219i scaunelor de gr\u0103din\u0103. Telefoanele mobile sau alte obiecte de uz zilnic pot fi depozitate \u00een buzunarele laterale ale pernelor.<\/li>\n<li><strong>Dimensiune:<\/strong> 60cm (60*20*50cm), 140cm (140*20*50cm), 180cm (180*20*50cm)<\/li>\n<li>V\u0103 rug\u0103m s\u0103 re\u021bine\u021bi c\u0103 nasturii nu sunt deta\u0219abili \u0219i sunt cusu\u021bi ferm \u00een miezul pernei. Sub fiecare nasture exist\u0103 o gaur\u0103, l\u0103sat\u0103 \u00een mod deliberat \u00een spate pentru a facilita scoaterea husei pernei.<\/li>\n<\/ul>","protected":false},"featured_media":4186,"comment_status":"open","ping_status":"closed","template":"","meta":[],"product_brand":[],"product_cat":[15],"product_tag":[],"class_list":{"0":"post-4197","1":"product","2":"type-product","3":"status-publish","4":"has-post-thumbnail","6":"product_cat-large-wedge-pillow","8":"first","9":"instock","10":"shipping-taxable","11":"purchasable","12":"product-type-variable","13":"has-default-attributes"},"_links":{"self":[{"href":"https:\/\/www.largepillow.com\/ro\/wp-json\/wp\/v2\/product\/4197","targetHints":{"allow":["GET"]}}],"collection":[{"href":"https:\/\/www.largepillow.com\/ro\/wp-json\/wp\/v2\/product"}],"about":[{"href":"https:\/\/www.largepillow.com\/ro\/wp-json\/wp\/v2\/types\/product"}],"replies":[{"embeddable":true,"href":"https:\/\/www.largepillow.com\/ro\/wp-json\/wp\/v2\/comments?post=4197"}],"wp:featuredmedia":[{"embeddable":true,"href":"https:\/\/www.largepillow.com\/ro\/wp-json\/wp\/v2\/media\/4186"}],"wp:attachment":[{"href":"https:\/\/www.largepillow.com\/ro\/wp-json\/wp\/v2\/media?parent=4197"}],"wp:term":[{"taxonomy":"product_brand","embeddable":true,"href":"https:\/\/www.largepillow.com\/ro\/wp-json\/wp\/v2\/product_brand?post=4197"},{"taxonomy":"product_cat","embeddable":true,"href":"https:\/\/www.largepillow.com\/ro\/wp-json\/wp\/v2\/product_cat?post=4197"},{"taxonomy":"product_tag","embeddable":true,"href":"https:\/\/www.largepillow.com\/ro\/wp-json\/wp\/v2\/product_tag?post=4197"}],"curies":[{"name":"wp","href":"https:\/\/api.w.org\/{rel}","templated":true}]}}