{"id":4230,"date":"2024-09-13T00:53:26","date_gmt":"2024-09-13T00:53:26","guid":{"rendered":"https:\/\/www.largepillow.com\/product\/space-themed-backrest-cushion-for-kids-headboard-pillow-earth"},"modified":"2024-10-03T16:31:23","modified_gmt":"2024-10-03T16:31:23","slug":"perna-de-spatar-cu-tematica-spatiala-pentru-copii-perna-pentru-tablie-pamant","status":"publish","type":"product","link":"https:\/\/www.largepillow.com\/ro\/product\/space-themed-backrest-cushion-for-kids-headboard-pillow-earth","title":{"rendered":"Pern\u0103 de sp\u0103tar cu tematic\u0103 spa\u021bial\u0103 pentru copii \u2013 Pern\u0103 pentru t\u0103blie (P\u0103m\u00e2nt)"},"content":{"rendered":"[zc_getpagecontent mb=&#8221;mb_aplus&#8221; apid=&#8221;90&#8243;]\n","protected":false},"excerpt":{"rendered":"<ul>\n<li><strong>Dimensiunea produsului:<\/strong>\u00a0Avem disponibile 3 tipuri de perne planetare pentru sus\u021binerea spatelui: P\u0103m\u00e2nt, Lun\u0103 \u0219i Jupiter, cu dimensiunile de aproximativ 99 x 49,6 inci. Pute\u021bi alege aspectul pernelor preferate \u00een func\u021bie de starea dumneavoastr\u0103 de spirit. Crea\u021bi un dormitor vis\u0103tor \u0219i imaginativ cu aceast\u0103 pern\u0103 adorabil\u0103 cu tematic\u0103 planetar\u0103, conceput\u0103 pentru a inspira visele de explorare spa\u021bial\u0103 ale micu\u021bului dumneavoastr\u0103.<\/li>\n<li><strong>Moale \u0219i confortabil:<\/strong>\u00a0Perna pentru cititul planetelor este fabricat\u0103 dintr-un material textil sub\u021bire, moale \u0219i confortabil, oferind o textur\u0103 fin\u0103, cald\u0103 \u0219i confortabil\u0103; materialul interior este bumbac PP, moale \u0219i ofer\u0103 un suport bun, poate fi a\u0219ezat\u0103 pe pat sau pe canapea, ofer\u0103 spatelui suficient sprijin, dar \u00eembun\u0103t\u0103\u021be\u0219te \u0219i postura \u0219i amelioreaz\u0103 durerile mecanice de spate.<\/li>\n<li><strong>Design vibrant \u0219i realist:<\/strong>\u00a0Perna noastr\u0103 pentru t\u0103blia patului cu planete adopt\u0103 un design imprimat pe dou\u0103 fe\u021be cu uimitoarea tem\u0103 Universul Spa\u021bial Galactic Planet. Copiii pot \u00eenv\u0103\u021ba despre fiecare planet\u0103 cu detalii texturate \u0219i le pot compara dimensiunile \u00een timp ce se relaxeaz\u0103 pe perne moi, perfecte pentru jocuri imaginative. Aceste decora\u021biuni cool cu galaxii din spa\u021biul cosmic adaug\u0103 o atmosfer\u0103 galactic\u0103 decorului casei tale galactice. Creeaz\u0103 un dormitor unic decorat cu planete de astronaut pentru b\u0103ie\u021bi \u0219i fete.<\/li>\n<li><strong>Utilizare versatil\u0103:<\/strong>\u00a0Designul 3D al pernelor pentru sp\u0103tar cu simulare planetar\u0103, cu un model viu de imprimare fa\u021b\u0103-verso, face ca aceste perne s\u0103 nu fie folosite doar ca decor distinctiv pentru cas\u0103, pe podea, dormitor, canapea, sufragerie \u0219i mobilier, ci \u0219i ca o pern\u0103 interesant\u0103 pentru familia ta, \u00eembun\u0103t\u0103\u021bind aspectul multor locuri.<\/li>\n<li><strong>Design cu fermoar ascuns:<\/strong>\u00a0Fiecare fa\u021b\u0103 de pern\u0103 Planet este conceput\u0103 cu un fermoar ascuns, prezent\u00e2nd un aspect perfect \u0219i delicat; \u00een plus, face ca scoaterea \u0219i introducerea pernelor pentru cur\u0103\u021bare sau \u00eenlocuire s\u0103 fie o joac\u0103 de copii, acesta este un cadou magic special de ziua de na\u0219tere de Cr\u0103ciun pentru b\u0103ie\u021bi \u0219i fete.<\/li>\n<\/ul>","protected":false},"featured_media":4222,"comment_status":"open","ping_status":"closed","template":"","meta":[],"product_brand":[],"product_cat":[228],"product_tag":[],"class_list":{"0":"post-4230","1":"product","2":"type-product","3":"status-publish","4":"has-post-thumbnail","6":"product_cat-cushions","8":"first","9":"instock","10":"shipping-taxable","11":"purchasable","12":"product-type-simple"},"_links":{"self":[{"href":"https:\/\/www.largepillow.com\/ro\/wp-json\/wp\/v2\/product\/4230","targetHints":{"allow":["GET"]}}],"collection":[{"href":"https:\/\/www.largepillow.com\/ro\/wp-json\/wp\/v2\/product"}],"about":[{"href":"https:\/\/www.largepillow.com\/ro\/wp-json\/wp\/v2\/types\/product"}],"replies":[{"embeddable":true,"href":"https:\/\/www.largepillow.com\/ro\/wp-json\/wp\/v2\/comments?post=4230"}],"wp:featuredmedia":[{"embeddable":true,"href":"https:\/\/www.largepillow.com\/ro\/wp-json\/wp\/v2\/media\/4222"}],"wp:attachment":[{"href":"https:\/\/www.largepillow.com\/ro\/wp-json\/wp\/v2\/media?parent=4230"}],"wp:term":[{"taxonomy":"product_brand","embeddable":true,"href":"https:\/\/www.largepillow.com\/ro\/wp-json\/wp\/v2\/product_brand?post=4230"},{"taxonomy":"product_cat","embeddable":true,"href":"https:\/\/www.largepillow.com\/ro\/wp-json\/wp\/v2\/product_cat?post=4230"},{"taxonomy":"product_tag","embeddable":true,"href":"https:\/\/www.largepillow.com\/ro\/wp-json\/wp\/v2\/product_tag?post=4230"}],"curies":[{"name":"wp","href":"https:\/\/api.w.org\/{rel}","templated":true}]}}