{"id":4260,"date":"2024-09-13T02:12:22","date_gmt":"2024-09-13T02:12:22","guid":{"rendered":"https:\/\/www.largepillow.com\/product\/v-shaped-side-sleeper-pillow-for-shoulder-and-leg-relief"},"modified":"2025-01-23T19:06:54","modified_gmt":"2025-01-23T19:06:54","slug":"perna-in-forma-de-v-pentru-dormitul-pe-o-parte-pentru-ameliorarea-durerii-de-umeri-si-picioare","status":"publish","type":"product","link":"https:\/\/www.largepillow.com\/ro\/product\/v-shaped-side-sleeper-pillow-for-shoulder-and-leg-relief","title":{"rendered":"Pern\u0103 \u00een form\u0103 de V pentru dormit lateral, pentru ameliorarea umerilor \u0219i picioarelor"},"content":{"rendered":"<p>V\u0103 prezent\u0103m perna noastr\u0103 \u00een form\u0103 de V pentru dormitul pe o parte \u2013 solu\u021bia suprem\u0103 pentru un somn mai confortabil \u0219i odihnitor! Conceput\u0103 special pentru a atenua presiunea asupra umerilor \u0219i picioarelor, aceast\u0103 pern\u0103 are o form\u0103 unic\u0103 de V, care ofer\u0103 un suport optim pentru persoanele care dorm pe o parte. Pantele amortizate de pe ambele p\u0103r\u021bi ale pernei ajut\u0103 la atenuarea presiunii asupra bra\u021belor \u0219i picioarelor, \u00een timp ce cel mai \u00eenalt punct din partea de sus ridic\u0103 \u0219i sus\u021bine umerii.<\/p>\n<p>Aceast\u0103 pern\u0103 nu numai c\u0103 ofer\u0103 un suport excep\u021bional pentru umeri \u0219i picioare, dar este perfect\u0103 \u0219i pentru ridicarea p\u0103r\u021bii superioare a corpului pentru a reduce simptomele de reflux acid \u0219i sfor\u0103it.<\/p>\n<p>Fabricat\u0103 din catifea de poliester 100% de \u00eenalt\u0103 calitate, ofer\u0103 o senza\u021bie luxoas\u0103 \u0219i elegant\u0103, fiind moale la atingere. \u00cen plus, fa\u021ba de pern\u0103 se poate sp\u0103la la ma\u0219in\u0103 pentru o cur\u0103\u021bare u\u0219oar\u0103, asigur\u00e2nd c\u0103 perna r\u0103m\u00e2ne curat\u0103 \u0219i proasp\u0103t\u0103 pentru utilizare continu\u0103.<\/p>\n<p>Bucur\u0103-te de un somn mai odihnitor \u0219i revigorant cu perna noastr\u0103 \u00een form\u0103 de V pentru dormitul pe o parte \u2013 alegerea perfect\u0103 pentru cei care dorm pe o parte \u0219i pentru oricine \u00ee\u0219i dore\u0219te un somn de calitate mai bun\u0103!<\/p>","protected":false},"excerpt":{"rendered":"<ul>\n<li><strong>Alinare pentru umeri \u0219i picioare:<\/strong> Perna \u00een form\u0103 de V pentru dormitul lateral este special conceput\u0103 pentru a oferi alinare umerilor \u0219i picioarelor. Punctul s\u0103u cel mai \u00eenalt este \u00een partea de sus pentru a ridica \u0219i sus\u021bine umerii, \u00een timp ce pantele amortizate de pe ambele p\u0103r\u021bi ale pernei ajut\u0103 la atenuarea presiunii asupra bra\u021belor \u0219i picioarelor.<\/li>\n<li><strong>Pern\u0103 tip pan\u0103 pentru pat:<\/strong> Poate ajuta la ridicarea p\u0103r\u021bii superioare a corpului, ceea ce poate reduce simptomele de reflux acid \u0219i sfor\u0103it. Aceast\u0103 pozi\u021bie \u00eenclinat\u0103 poate, de asemenea, \u00eembun\u0103t\u0103\u021bi circula\u021bia \u0219i reduce presiunea asupra zonei lombare. \u00cen plus, designul \u00een form\u0103 de V al pernei ofer\u0103 suport \u0219i confort pentru umeri \u0219i g\u00e2t.<\/li>\n<li><strong>Bucur\u0103-te de un somn odihnitor:<\/strong> Perna noastr\u0103 \u00een form\u0103 de V pentru dormitul pe o parte este conceput\u0103 \u00een special pentru persoanele care dorm pe o parte, deoarece ofer\u0103 un suport adecvat pentru g\u00e2t, umeri \u0219i picioare. Perna noastr\u0103 pentru dormitul pe o parte v\u0103 poate ajuta s\u0103 ob\u021bine\u021bi un somn de calitate mai bun\u0103.<\/li>\n<li><strong>Calitate premium:<\/strong> Husa noastr\u0103 de pern\u0103 pentru dormitul pe o parte este fabricat\u0103 din catifea de poliester 100%, oferind o senza\u021bie luxoas\u0103 \u0219i elegant\u0103, fiind moale la atingere. Acest material ofer\u0103 un confort \u0219i o senza\u021bie de confort excep\u021bionale, fiind alegerea perfect\u0103 pentru un somn odihnitor \u0219i revigorant.<\/li>\n<li><strong>Lavabil la ma\u0219in\u0103:<\/strong> Husa de catifea a pernei poate fi u\u0219or \u00eendep\u0103rtat\u0103 \u0219i sp\u0103lat\u0103 la ma\u0219in\u0103 pentru o cur\u0103\u021bare convenabil\u0103, asigur\u00e2nd igiena pernei pentru utilizare continu\u0103.<\/li>\n<\/ul>","protected":false},"featured_media":4251,"comment_status":"open","ping_status":"closed","template":"","meta":[],"product_brand":[],"product_cat":[228],"product_tag":[],"class_list":{"0":"post-4260","1":"product","2":"type-product","3":"status-publish","4":"has-post-thumbnail","6":"product_cat-cushions","8":"first","9":"instock","10":"shipping-taxable","11":"purchasable","12":"product-type-simple"},"_links":{"self":[{"href":"https:\/\/www.largepillow.com\/ro\/wp-json\/wp\/v2\/product\/4260","targetHints":{"allow":["GET"]}}],"collection":[{"href":"https:\/\/www.largepillow.com\/ro\/wp-json\/wp\/v2\/product"}],"about":[{"href":"https:\/\/www.largepillow.com\/ro\/wp-json\/wp\/v2\/types\/product"}],"replies":[{"embeddable":true,"href":"https:\/\/www.largepillow.com\/ro\/wp-json\/wp\/v2\/comments?post=4260"}],"wp:featuredmedia":[{"embeddable":true,"href":"https:\/\/www.largepillow.com\/ro\/wp-json\/wp\/v2\/media\/4251"}],"wp:attachment":[{"href":"https:\/\/www.largepillow.com\/ro\/wp-json\/wp\/v2\/media?parent=4260"}],"wp:term":[{"taxonomy":"product_brand","embeddable":true,"href":"https:\/\/www.largepillow.com\/ro\/wp-json\/wp\/v2\/product_brand?post=4260"},{"taxonomy":"product_cat","embeddable":true,"href":"https:\/\/www.largepillow.com\/ro\/wp-json\/wp\/v2\/product_cat?post=4260"},{"taxonomy":"product_tag","embeddable":true,"href":"https:\/\/www.largepillow.com\/ro\/wp-json\/wp\/v2\/product_tag?post=4260"}],"curies":[{"name":"wp","href":"https:\/\/api.w.org\/{rel}","templated":true}]}}