{"id":4269,"date":"2024-09-13T02:16:20","date_gmt":"2024-09-13T02:16:20","guid":{"rendered":"https:\/\/www.largepillow.com\/product\/multi-functional-creative-seat-cushion-folding-floor-bed"},"modified":"2024-10-03T16:31:23","modified_gmt":"2024-10-03T16:31:23","slug":"perna-de-scaun-creativa-multifunctionala-pentru-pat-pliabil","status":"publish","type":"product","link":"https:\/\/www.largepillow.com\/ro\/product\/multi-functional-creative-seat-cushion-folding-floor-bed","title":{"rendered":"Pern\u0103 de scaun creativ\u0103 multifunc\u021bional\u0103, pliabil\u0103, pentru pat de podea"},"content":{"rendered":"[zc_getpagecontent mb=&#8221;mb_aplus&#8221; apid=&#8221;53&#8243;]\n","protected":false},"excerpt":{"rendered":"<ul>\n<li><strong>Combina\u021bie versatil\u0103:<\/strong>\u00a0Canapeaua noastr\u0103 extensibil\u0103 este prev\u0103zut\u0103 cu perne de spum\u0103 de diferite dimensiuni, care pot fi aranjate creativ pentru a se potrivi nevoilor dumneavoastr\u0103. Folosi\u021bi-o ca \u0219i covora\u0219, pern\u0103 pentru fereastr\u0103 sau asambla\u021bi-o \u00eentr-o canapea extensibil\u0103 sau o canapea extensibil\u0103 de podea pentru confort \u0219i flexibilitate.<\/li>\n<li><strong>Canapea extensibil\u0103 pliabil\u0103 distractiv\u0103:<\/strong> Experimenta\u021bi esen\u021ba juc\u0103u\u0219\u0103 a canapelei noastre extensibile convertibile. Rearanja\u021bi formele pernelor, implica\u021bi-v\u0103 \u00een jocuri creative \u0219i bucura\u021bi-v\u0103 de divertisment unic. L\u0103sa\u021bi-v\u0103 imagina\u021bia s\u0103 zboare \u0219i face\u021bi fiecare zi mai vesel\u0103 cu aceast\u0103 pies\u0103 de mobilier distractiv\u0103.<\/li>\n<li><strong>Economie de spa\u021biu:<\/strong> Canapeaua noastr\u0103 extensibil\u0103 compact\u0103, convertibil\u0103, este conceput\u0103 pentru a economisi spa\u021biu. O pute\u021bi plia sau desface \u00een func\u021bie de nevoile dumneavoastr\u0103, adapt\u00e2ndu-se la diferite scenarii de utilizare. Este solu\u021bia perfect\u0103 pentru a maximiza mediul limitat al locuin\u021bei, oferind \u00een acela\u0219i timp un loc confortabil de odihn\u0103 \u0219i divertisment.<\/li>\n<li><strong>Utilizare versatil\u0103:<\/strong> Potrivit\u0103 pentru diverse ocazii, cum ar fi camere de zi mici, apartamente \u0219i dormitoare, canapeaua noastr\u0103 extensibil\u0103 poate fi folosit\u0103 ca pern\u0103 de podea, pern\u0103 de fereastr\u0103, canapea mic\u0103 sau fotoliu pliant. Se potrive\u0219te diferitelor nevoi, fie c\u0103 este vorba de citit, de joac\u0103 sau de a petrece timp cu prietenii.<\/li>\n<li><strong>U\u0219or de \u00eentre\u021binut:<\/strong> Fabricat\u0103 din p\u00e2nz\u0103 Oxford moale, respirabil\u0103 \u0219i impermeabil\u0103, canapeaua noastr\u0103 extensibil\u0103 ofer\u0103 o atingere delicat\u0103 \u0219i o \u00eentre\u021binere u\u0219oar\u0103. Pur \u0219i simplu \u0219terge\u021bi-o u\u0219or pentru cur\u0103\u021bare. Umplutura din spum\u0103 ofer\u0103 stabilitate \u0219i confort, \u00een timp ce perna deta\u0219abil\u0103 din material textil se poate sp\u0103la la ma\u0219in\u0103, economisind timp \u0219i efort.<\/li>\n<\/ul>","protected":false},"featured_media":4261,"comment_status":"open","ping_status":"closed","template":"","meta":[],"product_brand":[],"product_cat":[228],"product_tag":[],"class_list":{"0":"post-4269","1":"product","2":"type-product","3":"status-publish","4":"has-post-thumbnail","6":"product_cat-cushions","8":"first","9":"instock","10":"shipping-taxable","11":"purchasable","12":"product-type-simple"},"_links":{"self":[{"href":"https:\/\/www.largepillow.com\/ro\/wp-json\/wp\/v2\/product\/4269","targetHints":{"allow":["GET"]}}],"collection":[{"href":"https:\/\/www.largepillow.com\/ro\/wp-json\/wp\/v2\/product"}],"about":[{"href":"https:\/\/www.largepillow.com\/ro\/wp-json\/wp\/v2\/types\/product"}],"replies":[{"embeddable":true,"href":"https:\/\/www.largepillow.com\/ro\/wp-json\/wp\/v2\/comments?post=4269"}],"wp:featuredmedia":[{"embeddable":true,"href":"https:\/\/www.largepillow.com\/ro\/wp-json\/wp\/v2\/media\/4261"}],"wp:attachment":[{"href":"https:\/\/www.largepillow.com\/ro\/wp-json\/wp\/v2\/media?parent=4269"}],"wp:term":[{"taxonomy":"product_brand","embeddable":true,"href":"https:\/\/www.largepillow.com\/ro\/wp-json\/wp\/v2\/product_brand?post=4269"},{"taxonomy":"product_cat","embeddable":true,"href":"https:\/\/www.largepillow.com\/ro\/wp-json\/wp\/v2\/product_cat?post=4269"},{"taxonomy":"product_tag","embeddable":true,"href":"https:\/\/www.largepillow.com\/ro\/wp-json\/wp\/v2\/product_tag?post=4269"}],"curies":[{"name":"wp","href":"https:\/\/api.w.org\/{rel}","templated":true}]}}