{"id":4289,"date":"2024-09-13T02:53:00","date_gmt":"2024-09-13T02:53:00","guid":{"rendered":"https:\/\/www.largepillow.com\/product\/large-headboard-reading-pillow-bolster-body-pillow-off-white"},"modified":"2024-10-03T16:31:33","modified_gmt":"2024-10-03T16:31:33","slug":"perna-mare-pentru-citit-cu-tablie-de-pat-perna-pentru-corp-alb-galbui","status":"publish","type":"product","link":"https:\/\/www.largepillow.com\/ro\/product\/large-headboard-reading-pillow-bolster-body-pillow-off-white","title":{"rendered":"Pern\u0103 mare pentru citit cu t\u0103blie de pat, pern\u0103 de corp, alb-g\u0103lbui"},"content":{"rendered":"[zc_getpagecontent mb=&#8221;mb_aplus&#8221; apid=&#8221;60&#8243;]\n","protected":false},"excerpt":{"rendered":"<ul>\n<li>Design modern: Proiectat\u0103 cu nasturi smochina\u021bi \u0219i detalii cusute, marginile rulate adaug\u0103 \u0219i un plus de elegan\u021b\u0103 decorativ\u0103. Aceast\u0103 pern\u0103 lombar\u0103 supradimensionat\u0103, cu umplutur\u0103 generoas\u0103, adaug\u0103 un confort suplimentar \u0219i v\u0103 asigur\u0103 cel mai bun sprijin \u00een timp ce v\u0103 relaxa\u021bi. Folosi\u021bi-o singur\u0103 ca pies\u0103 decorativ\u0103 sau combina\u021bi-o cu alte perne standard imprimate\/uniforme sau brodate pentru un aspect coordonat.<\/li>\n<li>Pern\u0103 excelent\u0103 pentru spate: Aceast\u0103 pern\u0103 decorativ\u0103 supradimensionat\u0103 ofer\u0103 un suport mai bun dec\u00e2t pernele decorative pufoase de dimensiuni obi\u0219nuite, pernele boudoir sau pernele euro \u0219i este robust\u0103 pentru a-\u0219i p\u0103stra forma. Aceast\u0103 pern\u0103 decorativ\u0103 supradimensionat\u0103 pentru t\u0103blia patului, cu o umplutur\u0103 generoas\u0103, adaug\u0103 confort, \u00eempreun\u0103 cu o saltea moale, asigur\u0103 cel mai bun suport atunci c\u00e2nd te relaxezi. Iar aceast\u0103 pern\u0103 modern\u0103, mare, pentru sp\u0103tar, va rezolva \u0219i problema alunec\u0103rii pernelor \u00eentre saltea \u0219i t\u0103blia patului.<\/li>\n<li>Multifunc\u021bional: Folose\u0219te aceast\u0103 pern\u0103 mare pentru spate ca alternativ\u0103 la t\u0103blia patului sau sp\u0103tarul canapelei sau a\u0219eaz\u0103-o pe o banc\u0103 pentru a avea o canapea nou\u0103. Aceast\u0103 pern\u0103 lung\u0103 de pat poate fi folosit\u0103 \u0219i ca o pern\u0103 mare pentru corp, pentru a te ajuta s\u0103 ai un somn odihnitor. Aceast\u0103 pern\u0103 tapi\u021bat\u0103 pentru t\u0103blia patului este superb\u0103, de o calitate remarcabil\u0103 \u0219i foarte confortabil\u0103. \u00cen acela\u0219i timp, se potrive\u0219te bine cu diverse stiluri de decor, ad\u0103ug\u00e2nd o senza\u021bie cald\u0103 \u0219i confortabil\u0103 dormitorului.<\/li>\n<li>M\u0103iestrie superioar\u0103: Perna lung\u0103 din poliester 100% este ultra-moale \u0219i confortabil\u0103 pentru piele. Pernele tradi\u021bionale tind s\u0103 se lase \u00een timp, dar aceast\u0103 pern\u0103 de citit are nasturi cu smocuri care nu numai c\u0103 ofer\u0103 un stil contemporan, dar men\u021bin \u0219i umplutura la locul ei pentru durabilitate. Cus\u0103turile tip patchwork \u0219i marginile cu flan\u0219e adaug\u0103, de asemenea, un decor suplimentar.<\/li>\n<li>Instruc\u021biuni de \u00eengrijire a fe\u021bei de pern\u0103: Fe\u021bele de pern\u0103 sunt deta\u0219abile, nu se decoloreaz\u0103 sau se destr\u0103meaz\u0103, sunt u\u0219or de \u00eentre\u021binut \u0219i se pot sp\u0103la la ma\u0219in\u0103 datorit\u0103 designului cu nasturi \u0219i fermoarului invizibil.<\/li>\n<\/ul>","protected":false},"featured_media":4271,"comment_status":"open","ping_status":"closed","template":"","meta":[],"product_brand":[],"product_cat":[28],"product_tag":[],"class_list":{"0":"post-4289","1":"product","2":"type-product","3":"status-publish","4":"has-post-thumbnail","6":"product_cat-large-body-pillow","8":"first","9":"instock","10":"shipping-taxable","11":"purchasable","12":"product-type-variable","13":"has-default-attributes"},"_links":{"self":[{"href":"https:\/\/www.largepillow.com\/ro\/wp-json\/wp\/v2\/product\/4289","targetHints":{"allow":["GET"]}}],"collection":[{"href":"https:\/\/www.largepillow.com\/ro\/wp-json\/wp\/v2\/product"}],"about":[{"href":"https:\/\/www.largepillow.com\/ro\/wp-json\/wp\/v2\/types\/product"}],"replies":[{"embeddable":true,"href":"https:\/\/www.largepillow.com\/ro\/wp-json\/wp\/v2\/comments?post=4289"}],"wp:featuredmedia":[{"embeddable":true,"href":"https:\/\/www.largepillow.com\/ro\/wp-json\/wp\/v2\/media\/4271"}],"wp:attachment":[{"href":"https:\/\/www.largepillow.com\/ro\/wp-json\/wp\/v2\/media?parent=4289"}],"wp:term":[{"taxonomy":"product_brand","embeddable":true,"href":"https:\/\/www.largepillow.com\/ro\/wp-json\/wp\/v2\/product_brand?post=4289"},{"taxonomy":"product_cat","embeddable":true,"href":"https:\/\/www.largepillow.com\/ro\/wp-json\/wp\/v2\/product_cat?post=4289"},{"taxonomy":"product_tag","embeddable":true,"href":"https:\/\/www.largepillow.com\/ro\/wp-json\/wp\/v2\/product_tag?post=4289"}],"curies":[{"name":"wp","href":"https:\/\/api.w.org\/{rel}","templated":true}]}}