{"id":432,"date":"2022-09-16T01:26:03","date_gmt":"2022-09-16T01:26:03","guid":{"rendered":"https:\/\/www.largepillow.com\/product\/headboard-for-bed"},"modified":"2025-11-05T02:15:27","modified_gmt":"2025-11-05T02:15:27","slug":"perna-mare-pentru-sustinerea-spatelui","status":"publish","type":"product","link":"https:\/\/www.largepillow.com\/ro\/product\/large-back-support-pillow","title":{"rendered":"Pern\u0103 mare pentru sus\u021binerea spatelui"},"content":{"rendered":"<p>Perna mare pentru spate \u2013 solu\u021bia perfect\u0103 pentru o experien\u021b\u0103 de relaxare confortabil\u0103 \u0219i confortabil\u0103! Aceast\u0103 pern\u0103 pentru t\u0103blia patului este conceput\u0103 cu o form\u0103 triunghiular\u0103, oferind un suport excelent spatelui \u0219i taliei, reduc\u00e2nd astfel presiunea lombar\u0103 \u0219i a spatelui. Fie c\u0103 e\u0219ti o persoan\u0103 nocturn\u0103 c\u0103reia \u00eei place s\u0103 lucreze \u00een pat, un \u0219oarece de bibliotec\u0103 c\u0103ruia \u00eei place s\u0103 citeasc\u0103 \u00een pat sau cineva c\u0103ruia \u00eei place s\u0103 se uite la televizor \u00een pat, aceast\u0103 pern\u0103 tip pan\u0103 pentru citit te va ajuta s\u0103 r\u0103m\u00e2i relaxat \u0219i f\u0103r\u0103 tensiune.<\/p>\n<p>Aceast\u0103 pern\u0103 mare tip pan\u0103 pentru t\u0103blia patului este singura pern\u0103 tip pan\u0103 pentru t\u0103blia patului care poate g\u0103zdui dou\u0103 persoane, fiind perfect\u0103 pentru cuplurile c\u0103rora le place s\u0103 se cuib\u0103reasc\u0103 \u00een pat. Designul s\u0103u 3 \u00een 1 v\u0103 permite s\u0103 o utiliza\u021bi ca pern\u0103 pentru t\u0103blia patului cu suport pentru spate \u00een timp ce sta\u021bi \u00een pat, ca pern\u0103 mare tip pan\u0103 atunci c\u00e2nd dormi\u021bi pe spate sau pe o parte sau ca pern\u0103 pentru picioare pentru a v\u0103 ridica picioarele.<\/p>\n<p>Designul multifunc\u021bional al acestei perne triunghiulare mari este ceea ce o face cu adev\u0103rat excep\u021bional\u0103. O pute\u021bi folosi ca pern\u0103 protector, pern\u0103 pentru sp\u0103tarul canapelei sau al canapelei de zi sau chiar ca pern\u0103 pentru t\u0103blia patului. Este at\u00e2t elegant\u0103, c\u00e2t \u0219i func\u021bional\u0103, ceea ce o face un plus excelent pentru orice dormitor.<\/p>\n<p>M\u0103iestria superioar\u0103 a pernei noastre mari pentru spate se reflect\u0103 \u00een materialele \u0219i designul s\u0103u. Fa\u021ba de pern\u0103 este fabricat\u0103 din catifea de poliester 100%, care este moale, elegant\u0103 \u0219i confortabil\u0103 la atingere, iar c\u0103ptu\u0219eala este realizat\u0103 din fibre de poliester de \u00eenalt\u0103 densitate \u0219i calitate, care previn l\u0103sarea chiar \u0219i dup\u0103 luni de utilizare. Este dotat\u0103 chiar \u0219i cu buzunare laterale pentru a \u021bine cartea sau telefonul.<\/p>\n<p>Cur\u0103\u021barea acestei perne de citit este simpl\u0103. Husa este ata\u0219at\u0103 de pern\u0103 cu nasturi \u0219i este u\u0219or de \u00eendep\u0103rtat cu un fermoar simplu. Trebuie doar s\u0103 scoate\u021bi husa \u0219i s\u0103 o sp\u0103la\u021bi rapid la ma\u0219in\u0103 pentru ca perna s\u0103 arate ca nou\u0103.<\/p>\n<p>Disponibil\u0103 \u00een diverse dimensiuni, de la 45 cm la 200 cm, pute\u021bi alege dimensiunea ideal\u0103 care se potrive\u0219te nevoilor dumneavoastr\u0103. \u00cen plus, cu multitudinea de culori disponibile, pute\u021bi asorta perna mare pentru spate cu schema de culori a dormitorului dumneavoastr\u0103 f\u0103r\u0103 efort.<\/p>\n<p>Clien\u021bii au fost \u00eenc\u00e2nta\u021bi de perna noastr\u0103 mare pentru spate, unii numind-o cel mai bun lucru pe care l-au cump\u0103rat pentru patul lor. Un client a spus: \u201cAceast\u0103 pern\u0103 a f\u0103cut o diferen\u021b\u0103 enorm\u0103 \u00een via\u021ba mea. Ofer\u0103 un suport excelent \u0219i \u00eemi place cum arat\u0103 \u00een dormitorul meu.\u201d Un altul a spus: \u201cMaterialul este at\u00e2t de moale \u0219i confortabil. Nu-mi pot imagina s\u0103 dorm f\u0103r\u0103 ea.\u201d<\/p>\n<p>Dac\u0103 sunte\u021bi \u00een c\u0103utarea confortului, sus\u021binerii \u0219i stilului, nu c\u0103uta\u021bi mai departe dec\u00e2t perna mare pentru spate. \u00cencerca\u021bi-o singuri \u0219i vede\u021bi de ce este at\u00e2ta agita\u021bie!<\/p>","protected":false},"excerpt":{"rendered":"<ul>\n<li><strong>Confort suprem:<\/strong> Aceast\u0103 pern\u0103 pentru t\u0103blia patului ofer\u0103 un confort excelent datorit\u0103 designului s\u0103u triunghiular. Perna de sus\u021binere a patului se potrive\u0219te perfect spatelui \u0219i taliei, reduc\u00e2nd la minimum presiunea lombar\u0103\/spatelui. Aceast\u0103 pern\u0103 de citit cu form\u0103 de pan\u0103 v\u0103 poate ajuta s\u0103 r\u0103m\u00e2ne\u021bi f\u0103r\u0103 tensiune \u00een pat sau pe canapea, ceea ce este ideal pentru cei care lucreaz\u0103 noaptea, pentru cititori \u0219i pentru a se uita la televizor \u00een pat. Aceast\u0103 pern\u0103 extra mare este singura pern\u0103 cu form\u0103 de pan\u0103 pentru t\u0103blia patului care poate g\u0103zdui dou\u0103 persoane.<\/li>\n<li><strong>Pern\u0103 mare 3 \u00een 1:<\/strong> Po\u021bi folosi perna vertical\u0103 ca pern\u0103 pentru t\u0103blia patului, pentru a o sus\u021bine \u00een pat, sau o po\u021bi a\u0219eza plat pe pat pentru a o folosi ca o pern\u0103 mare cu pan\u0103 atunci c\u00e2nd dormi pe spate sau pe o parte, sau ca pern\u0103 pentru picioare, pentru a ridica picioarele. Dac\u0103 dore\u0219ti o pern\u0103 mare pentru t\u0103blia patului, care s\u0103 ofere sprijin at\u00e2t \u021bie, c\u00e2t \u0219i so\u021bului\/so\u021biei tale, este o alternativ\u0103 excelent\u0103.<\/li>\n<li><strong>Design multifunc\u021bional:<\/strong> Unii oameni folosesc perna triunghiular\u0103 mare ca pern\u0103 pentru t\u0103blia patului, \u00een timp ce al\u021bii o folosesc ca pern\u0103 protector\u0103, put\u00e2nd fi \u0219i o pern\u0103 pentru sp\u0103tarul canapelei sau al canapelei de zi. Este elegant\u0103 \u0219i func\u021bional\u0103, fiind un plus excelent pentru orice dormitor.<\/li>\n<li><strong>M\u0103iestrie superioar\u0103:<\/strong> Fa\u021ba noastr\u0103 de pern\u0103 este fabricat\u0103 din catifea de poliester 100%, moale, elegant\u0103 \u0219i pl\u0103cut\u0103 la atingere. C\u0103ptu\u0219eala este realizat\u0103 din fibre de poliester de \u00eenalt\u0103 densitate \u0219i calitate, care previn l\u0103sarea chiar \u0219i dup\u0103 luni de utilizare. \u00cen plus, este dotat\u0103 cu buzunare laterale pentru a \u021bine cartea sau telefonul.<\/li>\n<li><strong>U\u0219or de cur\u0103\u021bat:<\/strong> Husa pernei de citit este ata\u0219at\u0103 de pern\u0103 cu nasturi \u0219i este u\u0219or de \u00eendep\u0103rtat cu un fermoar simplu. Acest lucru face ca cur\u0103\u021barea s\u0103 fie f\u0103r\u0103 probleme. Trebuie doar s\u0103 scoate\u021bi husa \u0219i s\u0103 o sp\u0103la\u021bi rapid la ma\u0219in\u0103 pentru ca perna s\u0103 arate ca nou\u0103.<\/li>\n<li><strong>Dimensiune:<\/strong> 45cm (L45 x L20 x \u00ce50 | 0 nasturi), 60cm (L60 x L20 x \u00ce50 | 0 nasturi), 80cm (L80 x L20 x \u00ce50 | 2 nasturi), 100cm (L100 x L20 x \u00ce50 | 3 nasturi), 120cm (L120 x L20 x \u00ce50 | 4 nasturi), 140cm (L140 x L20 x \u00ce50 | 4 nasturi), 160cm (L160 x L20 x \u00ce50 | 5 nasturi), 180cm (L180 x L20 x \u00ce50 | 6 nasturi), 200cm (L200 x L20 x \u00ce50 | 7 nasturi).<\/li>\n<\/ul>","protected":false},"featured_media":414,"comment_status":"open","ping_status":"closed","template":"","meta":[],"product_brand":[],"product_cat":[15],"product_tag":[205,67,204,168,132,163,112,143,71,65],"class_list":{"0":"post-432","1":"product","2":"type-product","3":"status-publish","4":"has-post-thumbnail","6":"product_cat-large-wedge-pillow","7":"product_tag-back-support-headboard-pillow","8":"product_tag-backrest-reading-pillow","9":"product_tag-bed-support-cushion","10":"product_tag-headboard-pillow","11":"product_tag-large-bolster-pillow","12":"product_tag-leg-pillow","13":"product_tag-lumbar-support-pillow","14":"product_tag-multifunctional-pillow","15":"product_tag-tv-pillow","16":"product_tag-wedge-pillow","18":"first","19":"instock","20":"featured","21":"shipping-taxable","22":"purchasable","23":"product-type-variable"},"_links":{"self":[{"href":"https:\/\/www.largepillow.com\/ro\/wp-json\/wp\/v2\/product\/432","targetHints":{"allow":["GET"]}}],"collection":[{"href":"https:\/\/www.largepillow.com\/ro\/wp-json\/wp\/v2\/product"}],"about":[{"href":"https:\/\/www.largepillow.com\/ro\/wp-json\/wp\/v2\/types\/product"}],"replies":[{"embeddable":true,"href":"https:\/\/www.largepillow.com\/ro\/wp-json\/wp\/v2\/comments?post=432"}],"wp:featuredmedia":[{"embeddable":true,"href":"https:\/\/www.largepillow.com\/ro\/wp-json\/wp\/v2\/media\/414"}],"wp:attachment":[{"href":"https:\/\/www.largepillow.com\/ro\/wp-json\/wp\/v2\/media?parent=432"}],"wp:term":[{"taxonomy":"product_brand","embeddable":true,"href":"https:\/\/www.largepillow.com\/ro\/wp-json\/wp\/v2\/product_brand?post=432"},{"taxonomy":"product_cat","embeddable":true,"href":"https:\/\/www.largepillow.com\/ro\/wp-json\/wp\/v2\/product_cat?post=432"},{"taxonomy":"product_tag","embeddable":true,"href":"https:\/\/www.largepillow.com\/ro\/wp-json\/wp\/v2\/product_tag?post=432"}],"curies":[{"name":"wp","href":"https:\/\/api.w.org\/{rel}","templated":true}]}}