{"id":4576,"date":"2024-10-25T03:48:45","date_gmt":"2024-10-25T03:48:45","guid":{"rendered":"https:\/\/www.largepillow.com\/product\/3-storey-felt-cat-cave-multi-cat-condo-tunnel-bed"},"modified":"2024-12-20T18:18:54","modified_gmt":"2024-12-20T18:18:54","slug":"pat-tunel-pentru-pisici-cu-3-etaje-din-fetru-pentru-mai-multe-pisici","status":"publish","type":"product","link":"https:\/\/www.largepillow.com\/ro\/product\/3-storey-felt-cat-cave-multi-cat-condo-tunnel-bed","title":{"rendered":"Pe\u0219ter\u0103 pentru pisici cu 3 etaje din fetru, apartament pentru mai multe pisici \u0219i pat tunel"},"content":{"rendered":"[zc_getpagecontent mb=&#8221;mb_aplus&#8221; apid=&#8221;98&#8243;]\n","protected":false},"excerpt":{"rendered":"<ul>\n<li><strong>Potrivit pentru gospod\u0103rii cu mai multe pisici:<\/strong> C\u0103su\u021bele din carton pentru pisici sunt concepute special pentru gospod\u0103rii cu mai multe pisici, oferind spa\u021biu amplu pentru ca mai multe feline s\u0103 se joace \u0219i s\u0103 coexiste armonios. Aceste c\u0103su\u021be de interior pentru pisici sunt proiectate cu mai multe ferestre, care nu numai c\u0103 satisfac curiozitatea \u00eenn\u0103scut\u0103 a pisicilor, dar ofer\u0103 \u0219i o varietate de puncte de observa\u021bie pentru ca acestea s\u0103 exploreze \u0219i s\u0103 se bucure de \u00eemprejurimi.<\/li>\n<li><strong>Rezistent la zg\u00e2rieturi \u0219i durabil:<\/strong> C\u0103su\u021bele \u0219i apartamentele noastre pentru pisici sunt construite dintr-un material u\u0219or din fetru, care nu este doar rezistent la zg\u00e2rieturi, ci \u0219i incredibil de durabil. Acest material ofer\u0103 pisicilor suprafa\u021ba perfect\u0103 pentru a-\u0219i zg\u00e2ria \u0219i ascu\u021bi ghearele f\u0103r\u0103 a deteriora structura. Designul este, de asemenea, impermeabil \u0219i rezistent la pete, ceea ce \u00eel face u\u0219or de cur\u0103\u021bat \u0219i \u00eentre\u021binut, asigur\u00e2ndu-se c\u0103 locuin\u021ba de joac\u0103 a pisicii dvs. r\u0103m\u00e2ne \u00een stare perfect\u0103 cu un efort minim.<\/li>\n<li><strong>U\u0219or de asamblat:<\/strong>\u00a0Tunelurile de interior pentru pisici sunt concepute pentru o asamblare u\u0219oar\u0103, permi\u021b\u00e2ndu-v\u0103 s\u0103 le configura\u021bi rapid \u00een func\u021bie de preferin\u021bele dumneavoastr\u0103 \u0219i ale pisicilor dumneavoastr\u0103. Procesul simplu de asamblare a c\u0103su\u021bei noastre din carton pentru pisici promite o experien\u021b\u0103 f\u0103r\u0103 probleme. Pentru un ghid pas cu pas, v\u0103 \u00eencuraj\u0103m s\u0103 viziona\u021bi videoclipul de asamblare furnizat, asigur\u00e2ndu-v\u0103 c\u0103 pute\u021bi amenaja cu u\u0219urin\u021b\u0103 un spa\u021biu distractiv \u0219i sigur pentru prietenii dumneavoastr\u0103 felini.<\/li>\n<li><strong>Design respirabil:<\/strong> M\u00e2ndre\u0219te-te cu un design respirabil care spore\u0219te confortul prietenilor t\u0103i felini. Materialul unic din fetru, combinat cu ferestrele amplasate strategic, asigur\u0103 o ventila\u021bie optim\u0103, permi\u021b\u00e2nd aerului proasp\u0103t s\u0103 circule liber. Aceast\u0103 c\u0103su\u021b\u0103 de carton pentru pisici este realizat\u0103 cu grij\u0103 pentru a oferi un spa\u021biu confortabil \u0219i bine ventilat, unde pisicile tale se pot juca \u0219i relaxa f\u0103r\u0103 a se sim\u021bi \u00eenchise sau \u00eenfundate. Designul men\u021bine eficient un mediu confortabil \u0219i respirabil, men\u021bin\u00e2ndu-le r\u0103coroase vara \u0219i calde \u00een lunile de iarn\u0103.<\/li>\n<li><strong>Interior spa\u021bios:<\/strong> O zon\u0103 de joac\u0103 \u00eenc\u00e2nt\u0103toare, compus\u0103 de fapt dintr-un set de trei c\u0103su\u021be interconectate pentru pisici. \u00cempreun\u0103, acestea formeaz\u0103 un spa\u021biu substan\u021bial cu dimensiunile de 43x43x99 cm, perfect pentru ca mai multe pisici s\u0103 se plimbe, s\u0103 se joace \u0219i s\u0103 exploreze. Acest interior spa\u021bios ofer\u0103 o zon\u0103 generoas\u0103 pentru ca pisicile tale s\u0103 se \u00eentind\u0103, s\u0103 se relaxeze \u0219i s\u0103 se angajeze \u00een jocuri juc\u0103u\u0219e. Cu o capacitate de greutate combinat\u0103 de p\u00e2n\u0103 la 16 kg, aceast\u0103 pe\u0219ter\u0103 interconectat\u0103 pentru pisici asigur\u0103 c\u0103 \u0219i pisicile mai mari se pot bucura confortabil de spa\u021biul amplu. Este un refugiu perfect pentru ca prietenii t\u0103i felini s\u0103 se relaxeze \u0219i s\u0103 se joace, cre\u00e2nd un mediu confortabil \u0219i captivant, func\u021bional \u0219i atr\u0103g\u0103tor.<\/li>\n<\/ul>","protected":false},"featured_media":4563,"comment_status":"open","ping_status":"closed","template":"","meta":[],"product_brand":[],"product_cat":[227],"product_tag":[],"class_list":{"0":"post-4576","1":"product","2":"type-product","3":"status-publish","4":"has-post-thumbnail","6":"product_cat-pet-supplies","8":"first","9":"outofstock","10":"shipping-taxable","11":"purchasable","12":"product-type-simple"},"_links":{"self":[{"href":"https:\/\/www.largepillow.com\/ro\/wp-json\/wp\/v2\/product\/4576","targetHints":{"allow":["GET"]}}],"collection":[{"href":"https:\/\/www.largepillow.com\/ro\/wp-json\/wp\/v2\/product"}],"about":[{"href":"https:\/\/www.largepillow.com\/ro\/wp-json\/wp\/v2\/types\/product"}],"replies":[{"embeddable":true,"href":"https:\/\/www.largepillow.com\/ro\/wp-json\/wp\/v2\/comments?post=4576"}],"wp:featuredmedia":[{"embeddable":true,"href":"https:\/\/www.largepillow.com\/ro\/wp-json\/wp\/v2\/media\/4563"}],"wp:attachment":[{"href":"https:\/\/www.largepillow.com\/ro\/wp-json\/wp\/v2\/media?parent=4576"}],"wp:term":[{"taxonomy":"product_brand","embeddable":true,"href":"https:\/\/www.largepillow.com\/ro\/wp-json\/wp\/v2\/product_brand?post=4576"},{"taxonomy":"product_cat","embeddable":true,"href":"https:\/\/www.largepillow.com\/ro\/wp-json\/wp\/v2\/product_cat?post=4576"},{"taxonomy":"product_tag","embeddable":true,"href":"https:\/\/www.largepillow.com\/ro\/wp-json\/wp\/v2\/product_tag?post=4576"}],"curies":[{"name":"wp","href":"https:\/\/api.w.org\/{rel}","templated":true}]}}