{"id":4585,"date":"2024-10-25T04:02:31","date_gmt":"2024-10-25T04:02:31","guid":{"rendered":"https:\/\/www.largepillow.com\/product\/ergonomic-u-shaped-reading-support-pillow-with-armrests"},"modified":"2025-12-03T14:22:08","modified_gmt":"2025-12-03T14:22:08","slug":"perna-ergonomica-in-forma-de-u-pentru-sustinerea-cititului-cu-cotiere","status":"publish","type":"product","link":"https:\/\/www.largepillow.com\/ro\/product\/ergonomic-u-shaped-reading-support-pillow-with-armrests","title":{"rendered":"Pern\u0103 ergonomic\u0103 \u00een form\u0103 de U pentru jocuri \u0219i citit, cu cotiere"},"content":{"rendered":"[zc_getpagecontent mb=&#8221;mb_aplus&#8221; apid=&#8221;84&#8243;]\n","protected":false},"excerpt":{"rendered":"<ul>\n<li><strong>Pern\u0103 portabil\u0103 pentru cotiera:<\/strong>\u00a0Perna noastr\u0103 pentru cotiera are dimensiunile de 7,1 \u00d7 6,35 \u00d7 1,5 cm lungime, l\u0103\u021bime \u0219i \u00een\u0103l\u021bime, iar cu m\u00e2nerul portabil pute\u021bi transporta cu u\u0219urin\u021b\u0103 perna \u00een alt\u0103 camer\u0103 sau o pute\u021bi \u021bine pe podea. Perna noastr\u0103 pentru cotiera este conceput\u0103 cu buzunare laterale, fiind convenabil\u0103 pentru a v\u0103 pune telefonul, telecomanda, caietul, cartea, revista etc.<\/li>\n<li><strong>Pern\u0103 de citit pentru confort:<\/strong> Cotierele late \u0219i moi pot servi \u0219i ca pern\u0103 de citit pentru birou, mul\u00e2ndu-se pe conturul corpului, oferind confort \u0219i sprijin pentru bra\u021be \u0219i coate. Este mai mare \u0219i mai confortabil\u0103, cu suport pentru bra\u021be pentru a relaxa for\u021ba bra\u021belor \u0219i un spa\u021biu de lucru plat pentru lucrul la computer. Amelioreaz\u0103 eficient oboseala bra\u021belor \u0219i a g\u00e2tului cauzat\u0103 de lucru, jocuri, citit sau vizionarea la televizor pentru o perioad\u0103 lung\u0103 de timp.<\/li>\n<li><strong>Pern\u0103 de sus\u021binere a corpului:<\/strong> Mai mult dec\u00e2t o simpl\u0103 pern\u0103 de citit, poate fi folosit\u0103 ca o pern\u0103 relaxant\u0103 pentru somn. Designul ergonomic \u00een form\u0103 de U \u0219i amortizorul de \u00eenclinare al pernei de sus\u021binere a corpului men\u021bin coloana vertebral\u0103 neutr\u0103, oferind un suport amplu pentru cap \u0219i g\u00e2t. Prin ajustarea \u0219i corectarea eficient\u0103 a pozi\u021biei de dormit pe o parte, perna noastr\u0103 \u00een form\u0103 de U ajut\u0103 la ameliorarea durerilor de cap, a \u00eentinderilor cervicale \u0219i a durerilor de umeri, astfel \u00eenc\u00e2t s\u0103 pute\u021bi dormi confortabil pe ambele p\u0103r\u021bi.<\/li>\n<li><strong>Materiale premium:<\/strong> Perna noastr\u0103 de gaming este fabricat\u0103 dintr-un material unic de catifea plu\u0219at\u0103, cu plas\u0103 respirabil\u0103 \u0219i pufoas\u0103 pe laterale \u0219i umplut\u0103 cu bumbac PP, care ofer\u0103 suport de lung\u0103 durat\u0103 \u0219i se las\u0103 la loc frumos atunci c\u00e2nd este str\u00e2ns\u0103. Perna de citit extra mare, cu cotiere, ofer\u0103 un suport amplu pentru bra\u021be, amelior\u00e2nd presiunea asupra umerilor, g\u00e2tului \u0219i picioarelor. Ad\u00e2ncitura \u00een form\u0103 de U se contureaz\u0103 corpului, corect\u00e2ndu-\u021bi postura.<\/li>\n<li><strong>Design ergonomic:<\/strong> Partea lateral\u0103 a pernei de citit pentru gaming adopt\u0103 un design arcuit asem\u0103n\u0103tor unui balansoar, iar \u00een\u0103l\u021bimea din fa\u021b\u0103 \u0219i din spate a pernei de sus\u021binere poate fi ajustat\u0103 \u00een func\u021bie de diferitele posturi de \u0219edere. Designul ergonomic v\u0103 poate men\u021bine ochii la o distan\u021b\u0103 rezonabil\u0103 de telefon \u0219i laptop, protej\u00e2ndu-v\u0103 vederea. Este benefic\u0103 pentru coloana vertebral\u0103, sporind confortul general pentru o experien\u021b\u0103 odihnitoare.<\/li>\n<\/ul>","protected":false},"featured_media":4577,"comment_status":"open","ping_status":"closed","template":"","meta":[],"product_brand":[],"product_cat":[228],"product_tag":[],"class_list":{"0":"post-4585","1":"product","2":"type-product","3":"status-publish","4":"has-post-thumbnail","6":"product_cat-cushions","8":"first","9":"outofstock","10":"shipping-taxable","11":"purchasable","12":"product-type-simple"},"_links":{"self":[{"href":"https:\/\/www.largepillow.com\/ro\/wp-json\/wp\/v2\/product\/4585","targetHints":{"allow":["GET"]}}],"collection":[{"href":"https:\/\/www.largepillow.com\/ro\/wp-json\/wp\/v2\/product"}],"about":[{"href":"https:\/\/www.largepillow.com\/ro\/wp-json\/wp\/v2\/types\/product"}],"replies":[{"embeddable":true,"href":"https:\/\/www.largepillow.com\/ro\/wp-json\/wp\/v2\/comments?post=4585"}],"wp:featuredmedia":[{"embeddable":true,"href":"https:\/\/www.largepillow.com\/ro\/wp-json\/wp\/v2\/media\/4577"}],"wp:attachment":[{"href":"https:\/\/www.largepillow.com\/ro\/wp-json\/wp\/v2\/media?parent=4585"}],"wp:term":[{"taxonomy":"product_brand","embeddable":true,"href":"https:\/\/www.largepillow.com\/ro\/wp-json\/wp\/v2\/product_brand?post=4585"},{"taxonomy":"product_cat","embeddable":true,"href":"https:\/\/www.largepillow.com\/ro\/wp-json\/wp\/v2\/product_cat?post=4585"},{"taxonomy":"product_tag","embeddable":true,"href":"https:\/\/www.largepillow.com\/ro\/wp-json\/wp\/v2\/product_tag?post=4585"}],"curies":[{"name":"wp","href":"https:\/\/api.w.org\/{rel}","templated":true}]}}