{"id":4594,"date":"2024-10-25T04:14:57","date_gmt":"2024-10-25T04:14:57","guid":{"rendered":"https:\/\/www.largepillow.com\/product\/cross-legged-meditation-chair-cushion-for-yoga-and-sitting"},"modified":"2025-05-25T11:09:42","modified_gmt":"2025-05-25T11:09:42","slug":"perna-pentru-scaun-de-meditatie-cu-picioare-incrucisate-pentru-yoga-si-sezut","status":"publish","type":"product","link":"https:\/\/www.largepillow.com\/ro\/product\/cross-legged-meditation-chair-cushion-for-yoga-and-sitting","title":{"rendered":"Pern\u0103 de scaun de medita\u021bie cu picioare \u00eencruci\u0219ate pentru yoga \u0219i \u0219ezut"},"content":{"rendered":"[zc_getpagecontent mb=&#8221;mb_aplus&#8221; apid=&#8221;66&#8243;]\n","protected":false},"excerpt":{"rendered":"<ul>\n<li>Acest set de perne ergonomice este perfect pentru men\u021binerea unei posturi s\u0103n\u0103toase \u00een timp ce stai jos, fie c\u0103 e\u0219ti la birou, \u00een ma\u0219in\u0103, \u00een avion sau chiar \u00een timpul medita\u021biei. Dimensiunea pernei superioare este de 57,5\u00d755,8 cm \u00een lungime \u0219i l\u0103\u021bime, \u00een timp ce perna inferioar\u0103 este de 37,5\u00d721,5 cm. Perna superioar\u0103 cu o grosime suplimentar\u0103 de 14,0 cm, \u00eempreun\u0103 cu perna inferioar\u0103 cu o grosime de 7,5 cm, ofer\u0103 confort \u0219i suport pentru \u0219old, zon\u0103 lombar\u0103 \u0219i genunchi \u00een timpul schimb\u0103rii posturilor, amelior\u00e2nd eficient presiunea spatelui \u0219i oboseala muscular\u0103 cauzate de statul pe scaun pe termen lung.<\/li>\n<li>Fabricat din material Oxford de \u00eenalt\u0103 calitate \u0219i umplut cu spum\u0103 de \u00eenalt\u0103 rezisten\u021b\u0103, acest set de perne este foarte moale \u0219i ofer\u0103 o experien\u021b\u0103 relaxant\u0103 pentru \u0219olduri \u0219i talie. Perna pentru picioare \u00eencruci\u0219ate permite chiar \u0219i un suport confortabil \u0219i ajust\u0103ri ale posturii, permi\u021b\u00e2ndu-v\u0103 s\u0103 men\u021bine\u021bi o pozi\u021bie stabil\u0103 de \u0219edere cu picioarele \u00eencruci\u0219ate \u00een timp ce lucra\u021bi. Cu un design pe 2 niveluri, acest set de perne ofer\u0103 o varietate de pozi\u021bii confortabile de \u0219edere, cum ar fi picioarele \u00eencruci\u0219ate, ghemuit, \u00eengenuncheat \u0219i multe altele. Poate ameliora durerile osoase \u0219i v\u0103 poate relaxa mu\u0219chii dup\u0103 perioade lungi de \u0219edere, ceea ce v\u0103 poate ajuta s\u0103 v\u0103 bucura\u021bi de lucrul la calculator, tastare, jocuri sau chiar medita\u021bie.<\/li>\n<li>Acest set de perne ofer\u0103, de asemenea, o varietate de utiliz\u0103ri \u0219i func\u021bii. Perna superioar\u0103 poate fi plasat\u0103 pe talie ca pern\u0103 lombar\u0103 pentru a oferi sprijin sau poate fi chiar folosit\u0103 ca pern\u0103 pentru laptop atunci c\u00e2nd este plasat\u0103 pe picioare. Versatilitatea acestui set de perne ergonomice este perfect\u0103 pentru utilizare \u00een interior \u0219i \u00een exterior, oferind o \u0219ezut confortabil pentru medita\u021bie sau relaxare oriunde te-ai duce. Este, de asemenea, un cadou ideal pentru zile de na\u0219tere, Ziua \u00cendr\u0103gosti\u021bilor sau petreceri de cas\u0103 nou\u0103.<\/li>\n<li>Alege acest set de perne pentru a men\u021bine o postur\u0103 s\u0103n\u0103toas\u0103 \u0219i a spune adio durerilor de spate \u0219i oboselii coloanei lombare. Excelent pentru scaune de birou, scaune de gaming, scaune auto, avioane, trenuri, tribune pentru jocuri sportive \u0219i c\u0103l\u0103torii, reduce presiunea asupra feselor \u0219i elimin\u0103 disconfortul cauzat de statul prelungit pe scaun. Ideal pentru cei care practic\u0103 medita\u021bia sau mindfulness acas\u0103, la birou sau \u00een aer liber, acest set de perne confortabil este perfect \u0219i pentru perioade lungi de utilizare \u0219i nu se va scufunda sau aplatiza \u00een timp.<\/li>\n<\/ul>","protected":false},"featured_media":4586,"comment_status":"open","ping_status":"closed","template":"","meta":[],"product_brand":[],"product_cat":[228],"product_tag":[],"class_list":{"0":"post-4594","1":"product","2":"type-product","3":"status-publish","4":"has-post-thumbnail","6":"product_cat-cushions","8":"first","9":"outofstock","10":"shipping-taxable","11":"purchasable","12":"product-type-simple"},"_links":{"self":[{"href":"https:\/\/www.largepillow.com\/ro\/wp-json\/wp\/v2\/product\/4594","targetHints":{"allow":["GET"]}}],"collection":[{"href":"https:\/\/www.largepillow.com\/ro\/wp-json\/wp\/v2\/product"}],"about":[{"href":"https:\/\/www.largepillow.com\/ro\/wp-json\/wp\/v2\/types\/product"}],"replies":[{"embeddable":true,"href":"https:\/\/www.largepillow.com\/ro\/wp-json\/wp\/v2\/comments?post=4594"}],"wp:featuredmedia":[{"embeddable":true,"href":"https:\/\/www.largepillow.com\/ro\/wp-json\/wp\/v2\/media\/4586"}],"wp:attachment":[{"href":"https:\/\/www.largepillow.com\/ro\/wp-json\/wp\/v2\/media?parent=4594"}],"wp:term":[{"taxonomy":"product_brand","embeddable":true,"href":"https:\/\/www.largepillow.com\/ro\/wp-json\/wp\/v2\/product_brand?post=4594"},{"taxonomy":"product_cat","embeddable":true,"href":"https:\/\/www.largepillow.com\/ro\/wp-json\/wp\/v2\/product_cat?post=4594"},{"taxonomy":"product_tag","embeddable":true,"href":"https:\/\/www.largepillow.com\/ro\/wp-json\/wp\/v2\/product_tag?post=4594"}],"curies":[{"name":"wp","href":"https:\/\/api.w.org\/{rel}","templated":true}]}}