{"id":4620,"date":"2024-10-29T01:07:52","date_gmt":"2024-10-29T01:07:52","guid":{"rendered":"https:\/\/www.largepillow.com\/product\/space-saving-ottoman-pouf-with-storage-round-comfy-for-any-room"},"modified":"2024-10-29T11:16:09","modified_gmt":"2024-10-29T11:16:09","slug":"puf-otoman-rotund-cu-spatiu-de-depozitare-confortabil-pentru-orice-camera-care-economiseste-spatiu","status":"publish","type":"product","link":"https:\/\/www.largepillow.com\/ro\/product\/space-saving-ottoman-pouf-with-storage-round-comfy-for-any-room","title":{"rendered":"Puf otoman care economise\u0219te spa\u021biu \u0219i spa\u021biu de depozitare \u2013 Rotund \u0219i confortabil pentru orice camer\u0103"},"content":{"rendered":"[zc_getpagecontent mb=&#8221;mb_aplus&#8221; apid=&#8221;97&#8243;]\n","protected":false},"excerpt":{"rendered":"<ul>\n<li><strong>Design inovator:<\/strong> Tatamanul nostru cu spa\u021biu de depozitare este o combina\u021bie \u00eentre caracter practic \u0219i frumuse\u021be. Av\u00e2nd un design unic de umplutur\u0103 \u00een trei straturi, acest tataman se m\u00e2ndre\u0219te cu un strat superior moale din fibr\u0103 de poliester, o capacitate de depozitare sporit\u0103 la mijloc \u0219i o baz\u0103 robust\u0103 din spum\u0103 de \u00eenalt\u0103 densitate pentru durabilitate \u0219i confort. Perfect pentru depozitarea obiectelor de care ave\u021bi nevoie la \u00eendem\u00e2n\u0103.<\/li>\n<li><strong>Versatil \u0219i elegant:<\/strong> Taburetul nostru rotund este un plus versatil pentru orice spa\u021biu. Indiferent dac\u0103 ave\u021bi nevoie de locuri suplimentare, un taburet sau pur \u0219i simplu o pies\u0103 de accent elegant\u0103, acest puf este alegerea ideal\u0103 pentru sufragerie, dormitor, camera copiilor, c\u0103minul, balconul sau zona de lounge.<\/li>\n<li><strong>Convenabil \u0219i u\u0219or de \u00eentre\u021binut:<\/strong> Acest suport pentru picioare otoman tapi\u021bat, u\u0219or, este prev\u0103zut cu cotiere pentru o mobilitate u\u0219oar\u0103 \u00een cas\u0103. Fermoarul fin permite ajustarea sau \u00eenlocuirea f\u0103r\u0103 efort a umpluturii, asigur\u00e2nd confort personalizat \u0219i cur\u0103\u021bare u\u0219oar\u0103. Designul antiderapant al bazei ofer\u0103 stabilitate.<\/li>\n<li><strong>Confort \u0219i durabilitate supreme:<\/strong> Experimenta\u021bi o moliciune \u0219i un confort de neegalat cu stratul superior premium, scurt \u0219i plu\u0219at, \u0219i spuma de \u00eenalt\u0103 densitate, de lung\u0103 durat\u0103, care \u00ee\u0219i men\u021bine forma \u00een timp. Exteriorul din piele cu dungi albastre \u0219i albe adaug\u0103 o not\u0103 de stil \u0219i sofisticare, integr\u00e2ndu-se f\u0103r\u0103 efort \u00een orice decor interior.<\/li>\n<li><strong>Suport de lung\u0103 durat\u0103:<\/strong> Livrate ambalate \u00een vid pentru o expediere eficient\u0103, permit scaunului pentru picioare s\u0103 se extind\u0103 complet timp de p\u00e2n\u0103 la 72 de ore pentru a atinge dimensiunea \u0219i confortul optime. \u00cen termen de 5 zile, experimenta\u021bi suportul de durat\u0103 \u0219i bun\u0103starea oferite de spuma de \u00eenalt\u0103 calitate, asigur\u00e2nd o atmosfer\u0103 confortabil\u0103 \u0219i primitoare \u00een casa dumneavoastr\u0103.<\/li>\n<\/ul>","protected":false},"featured_media":4613,"comment_status":"open","ping_status":"closed","template":"","meta":[],"product_brand":[],"product_cat":[228],"product_tag":[],"class_list":{"0":"post-4620","1":"product","2":"type-product","3":"status-publish","4":"has-post-thumbnail","6":"product_cat-cushions","8":"first","9":"instock","10":"shipping-taxable","11":"purchasable","12":"product-type-simple"},"_links":{"self":[{"href":"https:\/\/www.largepillow.com\/ro\/wp-json\/wp\/v2\/product\/4620","targetHints":{"allow":["GET"]}}],"collection":[{"href":"https:\/\/www.largepillow.com\/ro\/wp-json\/wp\/v2\/product"}],"about":[{"href":"https:\/\/www.largepillow.com\/ro\/wp-json\/wp\/v2\/types\/product"}],"replies":[{"embeddable":true,"href":"https:\/\/www.largepillow.com\/ro\/wp-json\/wp\/v2\/comments?post=4620"}],"wp:featuredmedia":[{"embeddable":true,"href":"https:\/\/www.largepillow.com\/ro\/wp-json\/wp\/v2\/media\/4613"}],"wp:attachment":[{"href":"https:\/\/www.largepillow.com\/ro\/wp-json\/wp\/v2\/media?parent=4620"}],"wp:term":[{"taxonomy":"product_brand","embeddable":true,"href":"https:\/\/www.largepillow.com\/ro\/wp-json\/wp\/v2\/product_brand?post=4620"},{"taxonomy":"product_cat","embeddable":true,"href":"https:\/\/www.largepillow.com\/ro\/wp-json\/wp\/v2\/product_cat?post=4620"},{"taxonomy":"product_tag","embeddable":true,"href":"https:\/\/www.largepillow.com\/ro\/wp-json\/wp\/v2\/product_tag?post=4620"}],"curies":[{"name":"wp","href":"https:\/\/api.w.org\/{rel}","templated":true}]}}