{"id":4773,"date":"2024-11-14T01:17:16","date_gmt":"2024-11-14T01:17:16","guid":{"rendered":"https:\/\/www.largepillow.com\/product\/toddler-foam-climbing-tower-slide-5-pieces-non-slip"},"modified":"2025-11-04T09:58:38","modified_gmt":"2025-11-04T09:58:38","slug":"tobogan-turn-de-catarat-din-spuma-pentru-copii-mici-5-bucati-antiderapante","status":"publish","type":"product","link":"https:\/\/www.largepillow.com\/ro\/product\/toddler-foam-climbing-tower-slide-5-pieces-non-slip","title":{"rendered":"Turn de c\u0103\u021b\u0103rat \u0219i tobogan din spum\u0103 pentru copii mici, 5 piese, antiderapant"},"content":{"rendered":"[zc_getpagecontent mb=&#8221;mb_aplus&#8221; apid=&#8221;89&#8243;]\n","protected":false},"excerpt":{"rendered":"<ul>\n<li><strong>Materiale sigure \u0219i prietenoase cu copiii:<\/strong> Fabricate din piele PU moale \u0219i spum\u0103 sigur\u0103, juc\u0103riile noastre de c\u0103\u021b\u0103rat pentru interior pentru copii mici sunt realizate cu materiale prietenoase cu copiii, oferind lini\u0219te sufleteasc\u0103 p\u0103rin\u021bilor. Suprafa\u021ba cu impact redus asigur\u0103 un mediu sigur pentru ca micu\u021bii cu v\u00e2rste cuprinse \u00eentre 1 \u0219i 3 ani s\u0103 se c\u0103\u021b\u0103reze \u0219i s\u0103 se rostogoleasc\u0103.<\/li>\n<li><strong>Design inovator pentru dezvoltarea abilit\u0103\u021bilor:<\/strong> Blocurile noastre de c\u0103\u021b\u0103rat din spum\u0103 pentru copii mici prezint\u0103 suprafe\u021be \u0219i forme str\u0103lucitoare \u0219i colorate, stimul\u00e2nd abilit\u0103\u021bile de recunoa\u0219tere a culorilor copiilor. Formele \u0219i componentele inovatoare \u00eencurajeaz\u0103 dezvoltarea abilit\u0103\u021bilor motorii \u0219i \u00eembun\u0103t\u0103\u021besc coordonarea. Copiii pot rearanja \u0219i construi diferite configura\u021bii, \u00eencuraj\u00e2nd jocul imaginativ.<\/li>\n<li><strong>U\u0219or, stivuibil \u0219i economise\u0219te spa\u021biu:<\/strong> Designul u\u0219or \u0219i stivuibil al blocurilor noastre de c\u0103\u021b\u0103rat din spum\u0103 le face u\u0219or de mutat \u0219i depozitat. Acestea ocup\u0103 spa\u021biu minim \u0219i pot fi plasate \u00eentr-un col\u021b al camerei sau \u00een camera de joac\u0103 a copiilor. Suprafa\u021ba este u\u0219or de cur\u0103\u021bat, necesit\u00e2nd doar o simpl\u0103 \u0219tergere cu o c\u00e2rp\u0103 umed\u0103 pentru \u00eentre\u021binerea zilnic\u0103.<\/li>\n<li><strong>Construc\u021bie sigur\u0103 \u0219i stabil\u0103:<\/strong> Blocurile de c\u0103\u021b\u0103rat moi pentru copii mici sunt echipate cu conexiuni Velcro, permi\u021b\u00e2nd p\u0103rin\u021bilor s\u0103 conecteze cu u\u0219urin\u021b\u0103 diverse componente. Partea inferioar\u0103 a blocurilor are o func\u021bie antiderapant\u0103, asigur\u00e2nd siguran\u021ba \u0219i stabilitatea \u00een timpul jocului. Aten\u021bia la detalii \u00een design garanteaz\u0103 un mediu sigur pentru copilul dumneavoastr\u0103.<\/li>\n<li><strong>Cadou ideal pentru copiii mici \u00een cre\u0219tere:<\/strong> Setul nostru de blocuri de c\u0103\u021b\u0103rat se remarc\u0103 prin dimensiunea sa mai mare \u00een compara\u021bie cu alte seturi de pe pia\u021b\u0103. Potrivite pentru copii cu v\u00e2rsta cuprins\u0103 \u00eentre 1 \u0219i 3 ani, sub supravegherea unui adult, aceste blocuri de spum\u0103 pentru copii mici reprezint\u0103 un cadou excelent de ziua de na\u0219tere pentru bebelu\u0219i, copii mici \u0219i pre\u0219colari. Promoveaz\u0103 jocul activ \u0219i \u00eencurajeaz\u0103 creativitatea, asigur\u00e2nd \u00een acela\u0219i timp o experien\u021b\u0103 sigur\u0103 \u0219i pl\u0103cut\u0103.<\/li>\n<\/ul>","protected":false},"featured_media":4755,"comment_status":"open","ping_status":"closed","template":"","meta":[],"product_brand":[],"product_cat":[228],"product_tag":[],"class_list":{"0":"post-4773","1":"product","2":"type-product","3":"status-publish","4":"has-post-thumbnail","6":"product_cat-cushions","8":"first","9":"instock","10":"shipping-taxable","11":"purchasable","12":"product-type-simple"},"_links":{"self":[{"href":"https:\/\/www.largepillow.com\/ro\/wp-json\/wp\/v2\/product\/4773","targetHints":{"allow":["GET"]}}],"collection":[{"href":"https:\/\/www.largepillow.com\/ro\/wp-json\/wp\/v2\/product"}],"about":[{"href":"https:\/\/www.largepillow.com\/ro\/wp-json\/wp\/v2\/types\/product"}],"replies":[{"embeddable":true,"href":"https:\/\/www.largepillow.com\/ro\/wp-json\/wp\/v2\/comments?post=4773"}],"wp:featuredmedia":[{"embeddable":true,"href":"https:\/\/www.largepillow.com\/ro\/wp-json\/wp\/v2\/media\/4755"}],"wp:attachment":[{"href":"https:\/\/www.largepillow.com\/ro\/wp-json\/wp\/v2\/media?parent=4773"}],"wp:term":[{"taxonomy":"product_brand","embeddable":true,"href":"https:\/\/www.largepillow.com\/ro\/wp-json\/wp\/v2\/product_brand?post=4773"},{"taxonomy":"product_cat","embeddable":true,"href":"https:\/\/www.largepillow.com\/ro\/wp-json\/wp\/v2\/product_cat?post=4773"},{"taxonomy":"product_tag","embeddable":true,"href":"https:\/\/www.largepillow.com\/ro\/wp-json\/wp\/v2\/product_tag?post=4773"}],"curies":[{"name":"wp","href":"https:\/\/api.w.org\/{rel}","templated":true}]}}