{"id":4855,"date":"2024-11-21T03:10:06","date_gmt":"2024-11-21T03:10:06","guid":{"rendered":"https:\/\/www.largepillow.com\/product\/round-ottoman-table-with-tassel-cushioned-for-bedroom-living"},"modified":"2024-12-13T02:58:30","modified_gmt":"2024-12-13T02:58:30","slug":"masa-rotunda-otomana-cu-pernute-de-ciucuri-pentru-dormitor-si-living","status":"publish","type":"product","link":"https:\/\/www.largepillow.com\/ro\/product\/round-ottoman-table-with-tassel-cushioned-for-bedroom-living","title":{"rendered":"Mas\u0103 otoman\u0103 rotund\u0103 cu ciucuri, pernat\u0103 pentru dormitor \u0219i living"},"content":{"rendered":"[zc_getpagecontent mb=&#8221;mb_aplus&#8221; apid=&#8221;104&#8243;]\n","protected":false},"excerpt":{"rendered":"<ul>\n<li>Luxos \u2013 \u00cennobila\u021bi-v\u0103 camera de zi, recep\u021bia sau zona de \u0219edin\u021be cu acest otoman rotund de 102 cm, care poate servi drept mas\u0103 de cafea elegant\u0103. Tapi\u021bat cu catifea luxoas\u0103 \u0219i sus\u021binut de spum\u0103 de \u00eenalt\u0103 densitate, ofer\u0103 at\u00e2t confort, c\u00e2t \u0219i un aspect sofisticat, perfect pentru \u00eent\u00e2lniri informale sau evenimente formale.<\/li>\n<li>Calitate premium \u2013 Catifeaua albastru deschis nu ofer\u0103 doar un efect vizual calmant \u0219i pl\u0103cut, ci \u0219i o senza\u021bie de lux, eviden\u021biat\u0103 de capacitatea sa de a reflecta lumina \u0219i de a ad\u0103uga o not\u0103 de lux mobilierului; Ciucurii alb-argintii adaug\u0103 un finisaj modern \u0219i elegant, sporind elegan\u021ba otomanului; Aceast\u0103 combina\u021bie de material \u0219i design creeaz\u0103 un produs care este at\u00e2t pl\u0103cut din punct de vedere estetic, c\u00e2t \u0219i confortabil.<\/li>\n<li>Versatil \u00een func\u021bionalitate \u2013 Cu o \u00een\u0103l\u021bime de 40 cm, acest otoman are dou\u0103 roluri: scaun confortabil pentru dressing sau suport pentru picioare; construc\u021bia sa robust\u0103 \u0219i suprafa\u021ba moale asigur\u0103 confort, indiferent dac\u0103 stai s\u0103 te schimbi sau s\u0103-\u021bi odihne\u0219ti picioarele, ceea ce \u00eel face un plus esen\u021bial pentru orice cas\u0103.<\/li>\n<li>Elegan\u021b\u0103 f\u0103r\u0103 efort \u2013 Canapea otoman\u0103 este conceput\u0103 pentru o utilizare u\u0219oar\u0103, elimin\u00e2nd necesitatea unui asamblaj complex; pur \u0219i simplu scoate\u021bi-o din ambalaj, a\u0219eza\u021bi husa de catifea peste spum\u0103 \u0219i a\u0219tepta\u021bi 2-3 zile pentru ca spuma s\u0103-\u0219i recapete forma corect\u0103; aceast\u0103 abordare u\u0219or de utilizat asigur\u0103 o experien\u021b\u0103 f\u0103r\u0103 probleme, fiind gata de utilizare \u00een orice camer\u0103 a casei dvs. cu un efort minim.<\/li>\n<\/ul>","protected":false},"featured_media":4847,"comment_status":"open","ping_status":"closed","template":"","meta":[],"product_brand":[],"product_cat":[228],"product_tag":[],"class_list":{"0":"post-4855","1":"product","2":"type-product","3":"status-publish","4":"has-post-thumbnail","6":"product_cat-cushions","8":"first","9":"instock","10":"shipping-taxable","11":"purchasable","12":"product-type-simple"},"_links":{"self":[{"href":"https:\/\/www.largepillow.com\/ro\/wp-json\/wp\/v2\/product\/4855","targetHints":{"allow":["GET"]}}],"collection":[{"href":"https:\/\/www.largepillow.com\/ro\/wp-json\/wp\/v2\/product"}],"about":[{"href":"https:\/\/www.largepillow.com\/ro\/wp-json\/wp\/v2\/types\/product"}],"replies":[{"embeddable":true,"href":"https:\/\/www.largepillow.com\/ro\/wp-json\/wp\/v2\/comments?post=4855"}],"wp:featuredmedia":[{"embeddable":true,"href":"https:\/\/www.largepillow.com\/ro\/wp-json\/wp\/v2\/media\/4847"}],"wp:attachment":[{"href":"https:\/\/www.largepillow.com\/ro\/wp-json\/wp\/v2\/media?parent=4855"}],"wp:term":[{"taxonomy":"product_brand","embeddable":true,"href":"https:\/\/www.largepillow.com\/ro\/wp-json\/wp\/v2\/product_brand?post=4855"},{"taxonomy":"product_cat","embeddable":true,"href":"https:\/\/www.largepillow.com\/ro\/wp-json\/wp\/v2\/product_cat?post=4855"},{"taxonomy":"product_tag","embeddable":true,"href":"https:\/\/www.largepillow.com\/ro\/wp-json\/wp\/v2\/product_tag?post=4855"}],"curies":[{"name":"wp","href":"https:\/\/api.w.org\/{rel}","templated":true}]}}