{"id":5691,"date":"2025-01-09T03:00:25","date_gmt":"2025-01-09T03:00:25","guid":{"rendered":"https:\/\/www.largepillow.com\/product\/soft-small-teddy-bear-birthday-gift-cuddly-stuffed-animal-toy-pink"},"modified":"2025-10-16T01:37:17","modified_gmt":"2025-10-16T01:37:17","slug":"ursulet-de-plus-moale-cadou-de-ziua-de-nastere-jucarie-de-plus-roz","status":"publish","type":"product","link":"https:\/\/www.largepillow.com\/ro\/product\/soft-small-teddy-bear-birthday-gift-cuddly-stuffed-animal-toy-pink","title":{"rendered":"Ursule\u021b de plu\u0219 moale, cadou de ziua de na\u0219tere, juc\u0103rie de plu\u0219 roz"},"content":{"rendered":"[zc_getpagecontent mb=&#8221;mb_aplus&#8221; apid=&#8221;15&#8243;]\n","protected":false},"excerpt":{"rendered":"<ul>\n<li>Ursule\u021bii no\u0219tri de plu\u0219 sunt mari \u0219i suficient de umplu\u021bi, putem garanta c\u0103 articolul pe care \u00eel primi\u021bi este identic cu imaginile; Ursule\u021bul nostru de plu\u0219 de \u00eenalt\u0103 calitate este un cadou ideal pentru cei dragi \u0219i foarte popular ca dar pentru s\u0103rb\u0103tori precum Cr\u0103ciunul \u0219i Ziua \u00cendr\u0103gosti\u021bilor.<\/li>\n<li>Ursule\u021b de plu\u0219 gigantic din material de plu\u0219 ultra-moale, foarte pufos, alunecos la atingere, fiind super confortabil pentru \u00eembr\u0103\u021bi\u0219\u0103ri \u0219i m\u00e2ng\u00e2ieri.<\/li>\n<li>Ursule\u021bul de plu\u0219 imens de 25 cm (10\u2033) este conceput cu un fermoar sigur pentru copii pe spate, ceea ce \u00eel face sigur \u0219i u\u0219or de sp\u0103lat.<\/li>\n<li>Acest ursule\u021b de plu\u0219 este comprimat \u00eentr-un ambalaj mai mic dec\u00e2t dimensiunea sa real\u0103, care se extinde rapid odat\u0103 ce punga de ambalare este scoas\u0103.<\/li>\n<li>Ursule\u021bul de plu\u0219 perfect pentru \u00eembr\u0103\u021bi\u0219\u0103ri \u0219i alintare. Acest ursule\u021b de plu\u0219 dr\u0103gu\u021b te poate \u00eenso\u021bi \u00een timp ce cite\u0219ti c\u0103r\u021bi, te ui\u021bi la televizor \u0219i te distrezi. Poate fi un companion bun! Juc\u0103ria dr\u0103gu\u021b\u0103 de plu\u0219 va deveni rapid un companion iubit at\u00e2t pentru cei mici, c\u00e2t \u0219i pentru cei mari.<\/li>\n<li>Ursule\u021bul de plu\u0219 este at\u00e2t de fermec\u0103tor \u00eenc\u00e2t poate decora un dormitor sau o camer\u0103 de joac\u0103. V\u0103 pute\u021bi cuib\u0103ri l\u00e2ng\u0103 acest ursule\u021b de plu\u0219 ca pe o pern\u0103 moale. Copiii se pot juca cu el, ceea ce poate fi, de asemenea, un moment foarte interesant pentru divertismentul familiei.<\/li>\n<li>Este o alegere ideal\u0103 pentru bebelu\u0219i, copii sau prieteni. Va fi cel mai bun cadou pentru zile speciale precum Ziua Recuno\u0219tin\u021bei, Ziua \u00cendr\u0103gosti\u021bilor, Cr\u0103ciunul, zilele de na\u0219tere sau orice aniversare.<\/li>\n<li>Acest ursule\u021b de plu\u0219 este foarte moale la atingere. Ochii butoni sunt foarte solizi. Plu\u0219ul \u0219i umplutura sunt de \u00eenalt\u0103 calitate.<\/li>\n<li>Plu\u0219ul \u0219i c\u0103ptu\u0219eala sunt de bun\u0103 calitate. To\u021bi ursule\u021bii sunt expedia\u021bi dup\u0103 un control strict al calit\u0103\u021bii. Plu\u0219ul este inspectat de o structur\u0103 de calitate autorizat\u0103 \u0219i prime\u0219te certificatul CE.<\/li>\n<\/ul>","protected":false},"featured_media":5674,"comment_status":"open","ping_status":"closed","template":"","meta":[],"product_brand":[],"product_cat":[235],"product_tag":[],"class_list":{"0":"post-5691","1":"product","2":"type-product","3":"status-publish","4":"has-post-thumbnail","6":"product_cat-plush-toys","8":"first","9":"outofstock","10":"shipping-taxable","11":"purchasable","12":"product-type-simple"},"_links":{"self":[{"href":"https:\/\/www.largepillow.com\/ro\/wp-json\/wp\/v2\/product\/5691","targetHints":{"allow":["GET"]}}],"collection":[{"href":"https:\/\/www.largepillow.com\/ro\/wp-json\/wp\/v2\/product"}],"about":[{"href":"https:\/\/www.largepillow.com\/ro\/wp-json\/wp\/v2\/types\/product"}],"replies":[{"embeddable":true,"href":"https:\/\/www.largepillow.com\/ro\/wp-json\/wp\/v2\/comments?post=5691"}],"wp:featuredmedia":[{"embeddable":true,"href":"https:\/\/www.largepillow.com\/ro\/wp-json\/wp\/v2\/media\/5674"}],"wp:attachment":[{"href":"https:\/\/www.largepillow.com\/ro\/wp-json\/wp\/v2\/media?parent=5691"}],"wp:term":[{"taxonomy":"product_brand","embeddable":true,"href":"https:\/\/www.largepillow.com\/ro\/wp-json\/wp\/v2\/product_brand?post=5691"},{"taxonomy":"product_cat","embeddable":true,"href":"https:\/\/www.largepillow.com\/ro\/wp-json\/wp\/v2\/product_cat?post=5691"},{"taxonomy":"product_tag","embeddable":true,"href":"https:\/\/www.largepillow.com\/ro\/wp-json\/wp\/v2\/product_tag?post=5691"}],"curies":[{"name":"wp","href":"https:\/\/api.w.org\/{rel}","templated":true}]}}