{"id":640,"date":"2022-09-16T03:40:56","date_gmt":"2022-09-16T03:40:56","guid":{"rendered":"https:\/\/www.largepillow.com\/product\/leg-elevation-pillow-2"},"modified":"2025-11-24T12:37:09","modified_gmt":"2025-11-24T12:37:09","slug":"perna-pentru-tablia-patului","status":"publish","type":"product","link":"https:\/\/www.largepillow.com\/ro\/product\/cushion-for-headboard","title":{"rendered":"Pern\u0103 pentru t\u0103blia patului"},"content":{"rendered":"<p>Perna pentru t\u0103blia patului \u2013 confortul suprem pe care \u00eel c\u0103uta\u021bi! Aceast\u0103 pern\u0103 pentru t\u0103blia patului este conceput\u0103 special pentru confortul dumneavoastr\u0103, perfect\u0103 pentru citit, vizionat la televizor sau pur \u0219i simplu pentru un somn odihnitor. Este multifunc\u021bional\u0103, elegant\u0103 \u0219i o completare excelent\u0103 pentru orice dormitor.<\/p>\n<p>Perna noastr\u0103 mare poate fi folosit\u0103 \u00een mai multe moduri - ca pern\u0103 de citit cu suport pentru spate, ca pern\u0103 lung\u0103 cu pan\u0103 sau ca pern\u0103 pentru picioare, pentru a v\u0103 ridica picioarele. Este fabricat\u0103 din fibre de poliester de \u00eenalt\u0103 densitate \u0219i calitate, care previn l\u0103sarea chiar \u0219i dup\u0103 luni de utilizare. Fa\u021ba de pern\u0103 este fabricat\u0103 din poliester 100% cu o textur\u0103 \u00eempletit\u0103 \u0219i cus\u0103turi deosebite, care sunt rezistente pe toate unghiurile.<\/p>\n<p>Una dintre cele mai bune caracteristici ale acestei perne pentru t\u0103blie este c\u0103 este u\u0219or de cur\u0103\u021bat. Pur \u0219i simplu scoate\u021bi husa cu un fermoar simplu \u0219i sp\u0103la\u021bi-o rapid la ma\u0219in\u0103 pentru ca perna s\u0103 arate ca nou\u0103.<\/p>\n<p>Dar asta nu e tot \u2013 perna noastr\u0103 pentru t\u0103blia patului are \u0219i un buzunar lateral convenabil, asigur\u00e2ndu-v\u0103 c\u0103 nu ve\u021bi mai pierde niciodat\u0103 telecomanda. Este buzunarul perfect pentru depozitarea tuturor lucrurilor esen\u021biale.<\/p>\n<p>Oferim diferite dimensiuni ale acestei perne, de la 45 cm la 200 cm. Pute\u021bi alege dimensiunea care se potrive\u0219te cel mai bine patului \u0219i t\u0103bliei dumneavoastr\u0103. Perna este fabricat\u0103 dintr-un amestec de poliester \u0219i in, un material confortabil \u0219i durabil.<\/p>\n<p>Nu v\u0103 baza\u021bi doar pe cuv\u00e2ntul nostru, iat\u0103 c\u00e2teva comentarii de la clien\u021bii no\u0219tri mul\u021bumi\u021bi:<\/p>\n<p>\u201c\u00cemi place enorm aceast\u0103 pern\u0103. Este at\u00e2t de confortabil\u0103 \u0219i rezistent\u0103. O folosesc \u00een fiecare sear\u0103 ca s\u0103 citesc \u00eenainte de culcare.\u201d<\/p>\n<p>\u201cMaterialul este de \u00eenalt\u0103 calitate, iar perna este frumos realizat\u0103. \u00cemi place buzunarul lateral, este foarte practic.\u201d<\/p>\n<p>\u201cAceast\u0103 pern\u0103 mi-a f\u0103cut patul mult mai confortabil. E ca \u0219i cum a\u0219 avea un cuib mic \u0219i confortabil \u00een care s\u0103 m\u0103 relaxez.\u201d<\/p>\n<p>\u00cen concluzie, dac\u0103 sunte\u021bi \u00een c\u0103utarea unei perne confortabile \u0219i multifunc\u021bionale pentru t\u0103blia patului, Perna noastr\u0103 pentru T\u0103blia Patului este alegerea perfect\u0103 pentru dumneavoastr\u0103. Este elegant\u0103, func\u021bional\u0103 \u0219i u\u0219or de cur\u0103\u021bat. Comanda\u021bi-o ast\u0103zi \u0219i experimenta\u021bi confortul suprem!<\/p>","protected":false},"excerpt":{"rendered":"<ul>\n<li><strong>Confort suprem:<\/strong> Perna noastr\u0103 pentru t\u0103blia patului este conceput\u0103 pentru a v\u0103 oferi confortul maxim \u00een timp ce citi\u021bi, v\u0103 uita\u021bi la televizor sau dormi\u021bi. Este perfect\u0103 pentru pat, canapea, canapea extensibil\u0103 \u0219i multe altele!<\/li>\n<li><strong>Design multifunc\u021bional:<\/strong> Perna noastr\u0103 mare poate fi folosit\u0103 \u00een mai multe moduri - ca pern\u0103 de citit cu suport pentru spate, ca pern\u0103 lung\u0103 cu pan\u0103 sau ca pern\u0103 pentru picioare, pentru a v\u0103 ridica picioarele. Este elegant\u0103 \u0219i func\u021bional\u0103, fiind un plus excelent pentru orice dormitor.<\/li>\n<li><strong>Materiale premium:<\/strong> Fa\u021ba noastr\u0103 de pern\u0103 este fabricat\u0103 din poliester 100% cu o textur\u0103 \u00eempletit\u0103 \u0219i cus\u0103turi deosebite, care sunt rezistente pe toate p\u0103r\u021bile. C\u0103ptu\u0219eala este realizat\u0103 din fibre de poliester de \u00eenalt\u0103 densitate \u0219i calitate, care previn l\u0103sarea chiar \u0219i dup\u0103 luni de utilizare.<\/li>\n<li><strong>U\u0219or de cur\u0103\u021bat:<\/strong> Husa de pern\u0103 pentru t\u0103blia patului este ata\u0219at\u0103 de pern\u0103 cu nasturi \u0219i este u\u0219or de \u00eendep\u0103rtat cu un fermoar simplu. Trebuie doar s\u0103 scoate\u021bi husa \u0219i s\u0103 o sp\u0103la\u021bi rapid la ma\u0219in\u0103 pentru ca perna s\u0103 arate ca nou\u0103.<\/li>\n<li><strong>Buzunar perfect pentru depozitare:<\/strong> Perna noastr\u0103 pentru t\u0103blia patului are un buzunar lateral convenabil, asigur\u00e2ndu-v\u0103 c\u0103 nu ve\u021bi mai pierde niciodat\u0103 telecomanda.<\/li>\n<li><strong>Material:<\/strong>\u00a0Amestec de poliester \u0219i in.<\/li>\n<li><strong>Dimensiune:<\/strong> 45cm (L45 x L20 x \u00ce50 | 0 nasturi), 60cm (L60 x L20 x \u00ce50 | 0 nasturi), 80cm (L80 x L20 x \u00ce50 | 2 nasturi), 100cm (L100 x L20 x \u00ce50 | 3 nasturi), 120cm (L120 x L20 x \u00ce50 | 4 nasturi), 140cm (L140 x L20 x \u00ce50 | 4 nasturi), 160cm (L160 x L20 x \u00ce50 | 5 nasturi), 180cm (L180 x L20 x \u00ce50 | 6 nasturi), 200cm (L200 x L20 x \u00ce50 | 7 nasturi).<\/li>\n<\/ul>","protected":false},"featured_media":624,"comment_status":"open","ping_status":"closed","template":"","meta":[],"product_brand":[],"product_cat":[15],"product_tag":[66,187,195,196,192,189,184,143,59],"class_list":{"0":"post-640","1":"product","2":"type-product","3":"status-publish","4":"has-post-thumbnail","6":"product_cat-large-wedge-pillow","7":"product_tag-back-support-pillow","8":"product_tag-back-support-reading-pillow","9":"product_tag-brown-pillow","10":"product_tag-cushion-for-headboard","11":"product_tag-headboard-cushion","12":"product_tag-linen-pillow","13":"product_tag-long-wedge-pillow","14":"product_tag-multifunctional-pillow","15":"product_tag-reading-pillow","17":"first","18":"instock","19":"shipping-taxable","20":"purchasable","21":"product-type-variable"},"_links":{"self":[{"href":"https:\/\/www.largepillow.com\/ro\/wp-json\/wp\/v2\/product\/640","targetHints":{"allow":["GET"]}}],"collection":[{"href":"https:\/\/www.largepillow.com\/ro\/wp-json\/wp\/v2\/product"}],"about":[{"href":"https:\/\/www.largepillow.com\/ro\/wp-json\/wp\/v2\/types\/product"}],"replies":[{"embeddable":true,"href":"https:\/\/www.largepillow.com\/ro\/wp-json\/wp\/v2\/comments?post=640"}],"wp:featuredmedia":[{"embeddable":true,"href":"https:\/\/www.largepillow.com\/ro\/wp-json\/wp\/v2\/media\/624"}],"wp:attachment":[{"href":"https:\/\/www.largepillow.com\/ro\/wp-json\/wp\/v2\/media?parent=640"}],"wp:term":[{"taxonomy":"product_brand","embeddable":true,"href":"https:\/\/www.largepillow.com\/ro\/wp-json\/wp\/v2\/product_brand?post=640"},{"taxonomy":"product_cat","embeddable":true,"href":"https:\/\/www.largepillow.com\/ro\/wp-json\/wp\/v2\/product_cat?post=640"},{"taxonomy":"product_tag","embeddable":true,"href":"https:\/\/www.largepillow.com\/ro\/wp-json\/wp\/v2\/product_tag?post=640"}],"curies":[{"name":"wp","href":"https:\/\/api.w.org\/{rel}","templated":true}]}}